{"id":1498,"date":"2019-03-10T20:29:20","date_gmt":"2019-03-10T19:29:20","guid":{"rendered":"https:\/\/www.arideon.cz\/ueber-uns\/"},"modified":"2023-10-25T09:17:56","modified_gmt":"2023-10-25T07:17:56","slug":"ueber-uns","status":"publish","type":"page","link":"https:\/\/www.arideon.cz\/de\/ueber-uns\/","title":{"rendered":"\u00dcber uns"},"content":{"rendered":"<!--themify_builder_content-->\n<div id=\"themify_builder_content-1498\" data-postid=\"1498\" class=\"themify_builder_content themify_builder_content-1498 themify_builder tf_clear\">\n    \t\t\t<!-- module_row -->\n\t<div  data-lazy=\"1\" class=\"module_row themify_builder_row tb_3224937 tb_first tf_w tf_clearfix\">\n\t    \t\t\t<div class=\"row_inner col_align_top tb_col_count_1 tf_box tf_rel\">\n\t\t            <div  data-lazy=\"1\" class=\"module_column tb-column col-full tb_2aba042 first\">\n                                                        <div class=\"tb-column-inner tf_box tf_w\">\n                        <!-- module text -->\n<div  class=\"module module-text tb_f47b5b3  repeat \" data-lazy=\"1\">\n        <div  class=\"tb_text_wrap\">\n    <p>Unser Ziel ist es, Ihnen die Arbeit zu erleichtern.<\/p>    <\/div>\n<\/div>\n<!-- \/module text --><!-- module text -->\n<div  class=\"module module-text tb_smoe080  repeat \" data-lazy=\"1\">\n        <div  class=\"tb_text_wrap\">\n    <p>Und wir sind erfolgreich.<\/p>    <\/div>\n<\/div>\n<!-- \/module text -->                    <\/div>\n                            <\/div>\n            \t    <\/div>\n\t    <!-- \/row_inner -->\n\t<\/div>\n\t<!-- \/module_row -->\n\t\t\t\t<!-- module_row -->\n\t<div  data-lazy=\"1\" class=\"module_row themify_builder_row tb_e45e4ea tf_w tf_clearfix\">\n\t    \t\t\t<div class=\"row_inner col_align_top tb_col_count_1 tf_box tf_rel\">\n\t\t            <div  data-lazy=\"1\" class=\"module_column tb-column col-full tb_4d287ab first\">\n                                                        <div class=\"tb-column-inner tf_box tf_w\">\n                        <!-- module text -->\n<div  class=\"module module-text tb_ea941f4  repeat \" data-lazy=\"1\">\n        <div  class=\"tb_text_wrap\">\n    <h1>\u00dcber uns<\/h1>    <\/div>\n<\/div>\n<!-- \/module text --><!-- module text -->\n<div  class=\"module module-text tb_e6463a3  repeat \" data-lazy=\"1\">\n        <div  class=\"tb_text_wrap\">\n    <p>Hallo, fsdfds<\/p>\n<p>wir m\u00f6chten Ihnen unser Unternehmen vorstellen, das aus dem Wunsch heraus entstanden ist, durch unsere Arbeit einen harmonischen, friedlichen &#8211; und aufger\u00e4umten &#8211; Raum zu schaffen.  <\/p>\n<p>Wir w\u00fcrden uns freuen, wenn Sie sich die Zeit nehmen, unser Angebot zu durchst\u00f6bern.  <\/p>\n<p>Nach vielen Jahren der Erfahrung, in denen wir uns um kleine Wohnungen und B\u00fcros ebenso redlich gek\u00fcmmert haben wie um Unternehmen und andere Geb\u00e4ude, konzentrieren wir uns heute vor allem auf den umfassenden Service f\u00fcr gro\u00dfe Unternehmen. Wir bieten eine vollst\u00e4ndige Hausverwaltung und umfassende Reinigungsdienste einschlie\u00dflich spezieller Aktivit\u00e4ten.<\/p>\n<p>Wir passen uns gerne an Ihre spezifischen Bed\u00fcrfnisse an, Sie k\u00f6nnen uns jederzeit kontaktieren. Wir sind stolz auf unser pers\u00f6nliches und einf\u00fchlsames Vorgehen und unsere pr\u00e4zise Arbeit. Wir werden unser Bestes tun, damit Sie diese Werte bei uns finden und zufrieden sind.<\/p>\n<h2><span style=\"font-weight: 400;\">Unsere Ziele<\/span><\/h2>\n<p>Wir wollen, dass unsere Arbeit sinnvoll und lohnend ist. Die Zeit, die wir dort verbringen, hilft unseren Kunden, die normalen und beruflichen Aktivit\u00e4ten zu bew\u00e4ltigen, die das Leben mit sich bringt.<\/p>\n<p>Wir setzen uns f\u00fcr die Zufriedenheit unserer Kunden ein und<strong> werden unser Bestes tun, um Ihre W\u00fcnsche und Anforderungen zu erf\u00fcllen. <\/strong>Rufen Sie uns jederzeit an, und wir werden gemeinsam herausfinden, wie wir Ihnen entsprechend Ihren individuellen Bed\u00fcrfnissen bestm\u00f6glich helfen k\u00f6nnen. Wir erstellen einen Serviceplan mit einem auf Sie zugeschnittenen Preis, damit Sie gerne wiederkommen. Das ist unser Ziel.<\/p>\n<p>Das gesamte ARIDEON-Team freut sich auf die Zusammenarbeit mit Ihnen.<\/p>    <\/div>\n<\/div>\n<!-- \/module text --><!-- module feature -->\n<div  class=\"module module-feature tb_fe5f1c2 with-chart layout-icon-right size-small \" data-lazy=\"1\">\n        <div class=\"module-feature-image tf_textc tf_rel\">\n\t\t\t\t\t\t\t<span class=\"module-feature-chart-html5 tf_box tf_rel tf_inline_b\">\n\t\t\t\t\t\t\t<svg class=\"tf_abs tf_w tf_h\">\n\t\t\t\t<circle class=\"tb_feature_fill\" r=\"calc(50% - 1.00px)\" cx=\"50%\" cy=\"50%\" stroke-width=\"2\"\/>\n\t\t\t\t<circle class=\"tb_feature_stroke\" r=\"calc(50% - 1.00px)\" cx=\"50%\" cy=\"50%\" stroke=\"#061d3b\" stroke-width=\"2\" data-progress=\"100\" stroke-dasharray=\"0,10000\"\/>\n\t\t\t\t\t\t\t\t<\/svg>\n\t\t\t\t\t\t\t<span class=\"chart-html5-circle tf_w tf_h\">\n\t\t\t\t\t\t\t\t\t\t\t<img style=\"width:calc(100% - 4px);height:calc(100% - 4px)\" src=\"http:\/\/www.arideon.cz\/wp-content\/uploads\/2019\/03\/favicon.png\" alt=\"Lukas Rieger\">\n\t\t\t\t\t\t\t\t\t<\/span>\n\n\t\t\t\t\n\t\t\t<\/span>\n\t\t\t    <\/div>\n    <div class=\"module-feature-content tf_textc\">\n\t\t\t\t\t<h3 class=\"module-feature-title\">\n\t\t\t\t\t\t\tLukas Rieger\t\t\t\t\t\t<\/h3>\n\t\t\t\t\t<div class=\"tb_text_wrap\">\n\t\t\t<p>Gesch\u00e4ftsf\u00fchrender Direktor<br><span style=\"font-weight: 400;\">lukas.rieger@arideon.cz<\/span><\/p>\t\t<\/div>\n    <\/div>\n<\/div>\n<!-- \/module feature -->\n                    <\/div>\n                            <\/div>\n            \t    <\/div>\n\t    <!-- \/row_inner -->\n\t<\/div>\n\t<!-- \/module_row -->\n\t<\/div>\n<!--\/themify_builder_content-->","protected":false},"excerpt":{"rendered":"<p>Na\u0161\u00edm c\u00edlem je uleh\u010dit v\u00e1m pr\u00e1ci. A to se n\u00e1m da\u0159\u00ed. O n\u00e1s Dobr\u00fd den, r\u00e1di bychom V\u00e1m p\u0159edstavili na\u0161i spole\u010dnost, u jej\u00edho\u017e zrodu st\u00e1lo p\u0159\u00e1n\u00ed pom\u00e1hat svou prac\u00ed druh\u00fdm k harmonick\u00e9mu, klidn\u00e9mu &#8211; a uklizen\u00e9mu &#8211; \u017eivotu.\u00a0 Budeme pot\u011b\u0161eni, kdy\u017e v\u011bnujete sv\u016fj \u010das prohl\u00eddce na\u0161\u00ed nab\u00eddky. Pe\u010dujeme o mal\u00e9 dom\u00e1cnosti a kancel\u00e1\u0159e stejn\u011b poctiv\u011b [&hellip;]<\/p>\n","protected":false},"author":1,"featured_media":0,"parent":0,"menu_order":0,"comment_status":"closed","ping_status":"closed","template":"","meta":{"_mi_skip_tracking":false},"builder_content":"<p>Unser Ziel ist es, Ihnen die Arbeit zu erleichtern.<\/p>\n<p>Und wir sind erfolgreich.<\/p>\n<h1>\u00dcber uns<\/h1>\n<p>Hallo, fsdfds<\/p> <p>wir m\u00f6chten Ihnen unser Unternehmen vorstellen, das aus dem Wunsch heraus entstanden ist, durch unsere Arbeit einen harmonischen, friedlichen - und aufger\u00e4umten - Raum zu schaffen. <\/p> <p>Wir w\u00fcrden uns freuen, wenn Sie sich die Zeit nehmen, unser Angebot zu durchst\u00f6bern. <\/p> <p>Nach vielen Jahren der Erfahrung, in denen wir uns um kleine Wohnungen und B\u00fcros ebenso redlich gek\u00fcmmert haben wie um Unternehmen und andere Geb\u00e4ude, konzentrieren wir uns heute vor allem auf den umfassenden Service f\u00fcr gro\u00dfe Unternehmen. Wir bieten eine vollst\u00e4ndige Hausverwaltung und umfassende Reinigungsdienste einschlie\u00dflich spezieller Aktivit\u00e4ten.<\/p> <p>Wir passen uns gerne an Ihre spezifischen Bed\u00fcrfnisse an, Sie k\u00f6nnen uns jederzeit kontaktieren. Wir sind stolz auf unser pers\u00f6nliches und einf\u00fchlsames Vorgehen und unsere pr\u00e4zise Arbeit. Wir werden unser Bestes tun, damit Sie diese Werte bei uns finden und zufrieden sind.<\/p> <h2>Unsere Ziele<\/h2> <p>Wir wollen, dass unsere Arbeit sinnvoll und lohnend ist. Die Zeit, die wir dort verbringen, hilft unseren Kunden, die normalen und beruflichen Aktivit\u00e4ten zu bew\u00e4ltigen, die das Leben mit sich bringt.<\/p> <p>Wir setzen uns f\u00fcr die Zufriedenheit unserer Kunden ein und<strong> werden unser Bestes tun, um Ihre W\u00fcnsche und Anforderungen zu erf\u00fcllen. <\/strong>Rufen Sie uns jederzeit an, und wir werden gemeinsam herausfinden, wie wir Ihnen entsprechend Ihren individuellen Bed\u00fcrfnissen bestm\u00f6glich helfen k\u00f6nnen. Wir erstellen einen Serviceplan mit einem auf Sie zugeschnittenen Preis, damit Sie gerne wiederkommen. Das ist unser Ziel.<\/p> <p>Das gesamte ARIDEON-Team freut sich auf die Zusammenarbeit mit Ihnen.<\/p>\n<svg> <circle r=\"calc(50% - 1.00px)\" cx=\"50%\" cy=\"50%\" stroke-width=\"2\"\/> <circle r=\"calc(50% - 1.00px)\" cx=\"50%\" cy=\"50%\" stroke=\"#061d3b\" stroke-width=\"2\" data-progress=\"100\" stroke-dasharray=\"0,10000\"\/> <\/svg> <img style=\"width:calc(100% - 4px);height:calc(100% - 4px)\" src=\"http:\/\/www.arideon.cz\/wp-content\/uploads\/2019\/03\/favicon.png\" alt=\"Lukas Rieger\"> \n <h3> Lukas Rieger <\/h3> <p>Gesch\u00e4ftsf\u00fchrender Direktor<br>lukas.rieger@arideon.cz<\/p>","_links":{"self":[{"href":"https:\/\/www.arideon.cz\/de\/wp-json\/wp\/v2\/pages\/1498"}],"collection":[{"href":"https:\/\/www.arideon.cz\/de\/wp-json\/wp\/v2\/pages"}],"about":[{"href":"https:\/\/www.arideon.cz\/de\/wp-json\/wp\/v2\/types\/page"}],"author":[{"embeddable":true,"href":"https:\/\/www.arideon.cz\/de\/wp-json\/wp\/v2\/users\/1"}],"replies":[{"embeddable":true,"href":"https:\/\/www.arideon.cz\/de\/wp-json\/wp\/v2\/comments?post=1498"}],"version-history":[{"count":2,"href":"https:\/\/www.arideon.cz\/de\/wp-json\/wp\/v2\/pages\/1498\/revisions"}],"predecessor-version":[{"id":1500,"href":"https:\/\/www.arideon.cz\/de\/wp-json\/wp\/v2\/pages\/1498\/revisions\/1500"}],"wp:attachment":[{"href":"https:\/\/www.arideon.cz\/de\/wp-json\/wp\/v2\/media?parent=1498"}],"curies":[{"name":"wp","href":"https:\/\/api.w.org\/{rel}","templated":true}]}}