{"id":1501,"date":"2019-03-10T17:53:19","date_gmt":"2019-03-10T16:53:19","guid":{"rendered":"https:\/\/www.arideon.cz\/andere\/"},"modified":"2023-11-01T09:41:52","modified_gmt":"2023-11-01T08:41:52","slug":"andere","status":"publish","type":"page","link":"https:\/\/www.arideon.cz\/de\/andere\/","title":{"rendered":"Sonstige"},"content":{"rendered":"<!--themify_builder_content-->\n<div id=\"themify_builder_content-1501\" data-postid=\"1501\" class=\"themify_builder_content themify_builder_content-1501 themify_builder tf_clear\">\n    \t\t\t<!-- module_row -->\n\t<div  data-css_id=\"f2ebd88\" data-lazy=\"1\" class=\"module_row themify_builder_row fullwidth tb_f2ebd88 tb_first tf_w tf_clearfix\">\n\t    <div class=\"builder_row_cover tf_abs\"><\/div>\t\t\t<div class=\"row_inner col_align_top tb_col_count_1 tf_box tf_rel\">\n\t\t            <div  data-lazy=\"1\" class=\"module_column tb-column col-full tb_716c799 first\">\n                                                        <div class=\"tb-column-inner tf_box tf_w\">\n                        <!-- module image -->\n<div  class=\"module module-image tb_289c3aa   image-top tf_mw\" data-lazy=\"1\">\n        <div class=\"image-wrap tf_rel tf_mw\">\n\t\t    <img src=\"http:\/\/www.arideon.cz\/wp-content\/uploads\/2019\/03\/logo-pouze-znak-zlate.svg\" width=\"100\" title=\"Sonstige\" alt=\"Sonstige\">\t\n\t\t<\/div>\n\t<!-- \/image-wrap -->\n    \n    \t<\/div>\n<!-- \/module image --><!-- module text -->\n<div  class=\"module module-text tb_e2fcd09  repeat \" data-lazy=\"1\">\n        <div  class=\"tb_text_wrap\">\n    \n          <h1>Sonstige<\/h1>\n            <\/div>\n<\/div>\n<!-- \/module text --><!-- module text -->\n<div  class=\"module module-text tb_a64fe6e  repeat \" data-lazy=\"1\">\n        <div  class=\"tb_text_wrap\">\n    \n          <p>Hier erfahren Sie alles, was \u00fcber uns zu wissen ist.<\/p>\n            <\/div>\n<\/div>\n<!-- \/module text -->                    <\/div>\n                            <\/div>\n            \t    <\/div>\n\t    <!-- \/row_inner -->\n\t<\/div>\n\t<!-- \/module_row -->\n\t\t\t\t<!-- module_row -->\n\t<div  data-lazy=\"1\" class=\"module_row themify_builder_row tb_09b711c tf_w tf_clearfix\">\n\t    \t\t\t<div class=\"row_inner col_align_top tb_col_count_1 tf_box tf_rel\">\n\t\t            <div  data-lazy=\"1\" class=\"module_column tb-column col-full tb_acf507c first\">\n                                                        <div class=\"tb-column-inner tf_box tf_w\">\n                        <!-- module text -->\n<div  class=\"module module-text tb_e213308  repeat \" data-lazy=\"1\">\n        <div  class=\"tb_text_wrap\">\n    \n          <p>Alle Informationen finden Sie unter den folgenden Punkten:<\/p>\n            <\/div>\n<\/div>\n<!-- \/module text --><!-- module menu -->\n<div  class=\"module module-menu tb_96eb372  mobile-menu-slide\" data-menu-style=\"mobile-menu-slide\" data-menu-breakpoint=\"\" data-menu-direction=\"right\" data-element-id=\"tb_96eb372\" data-lazy=\"1\">\n    \t\n\t<div class=\"module-menu-container\"><ul id=\"menu-ostatni\" class=\"ui tf_clearfix nav tf_rel vertical transparent\"><li id=\"menu-item-401\" class=\"menu-item-page-1498 menu-item menu-item-type-post_type menu-item-object-page menu-item-401\"><a href=\"https:\/\/www.arideon.cz\/de\/ueber-uns\/\">\u00dcber uns<\/a><\/li>\n<li id=\"menu-item-403\" class=\"menu-item-page-1529 menu-item menu-item-type-post_type menu-item-object-page menu-item-403\"><a href=\"https:\/\/www.arideon.cz\/de\/referenzen\/\">Referenzen<\/a><\/li>\n<li id=\"menu-item-402\" class=\"menu-item-page-1571 menu-item menu-item-type-post_type menu-item-object-page menu-item-402\"><a href=\"https:\/\/www.arideon.cz\/de\/jobangebote\/\">Jobangebote<\/a><\/li>\n<\/ul><\/div>\t\t<style>\n\t\t\t.mobile-menu-module[data-module=\"tb_96eb372\"]{\n\t\t\t\tright:-300px\t\t\t}\n\t\t<\/style>\n\t<\/div>\n<!-- \/module menu -->\n                    <\/div>\n                            <\/div>\n            \t    <\/div>\n\t    <!-- \/row_inner -->\n\t<\/div>\n\t<!-- \/module_row -->\n\t<\/div>\n<!--\/themify_builder_content-->","protected":false},"excerpt":{"rendered":"<p>Ostatn\u00ed V\u0161e, co o n\u00e1s pot\u0159ebujete v\u011bd\u011bt, se dozv\u00edte v t\u00e9to sekci. V sekci ostatn\u00ed m\u016f\u017eete nal\u00e9zt tyto polo\u017eky: O n\u00e1s Reference Pracovn\u00ed nab\u00eddky<\/p>\n","protected":false},"author":1,"featured_media":0,"parent":0,"menu_order":0,"comment_status":"closed","ping_status":"closed","template":"","meta":{"_mi_skip_tracking":false},"builder_content":"<img src=\"http:\/\/www.arideon.cz\/wp-content\/uploads\/2019\/03\/logo-pouze-znak-zlate.svg\" width=\"100\" title=\"Sonstige\" alt=\"Sonstige\">\n<h1>Sonstige<\/h1>\n<p>Hier erfahren Sie alles, was \u00fcber uns zu wissen ist.<\/p>\n<p>Alle Informationen finden Sie unter den folgenden Punkten:<\/p>\n<ul id=\"menu-ostatni\"><li id=\"menu-item-401\"><a href=\"https:\/\/www.arideon.cz\/de\/ueber-uns\/\">\u00dcber uns<\/a><\/li> <li id=\"menu-item-403\"><a href=\"https:\/\/www.arideon.cz\/de\/referenzen\/\">Referenzen<\/a><\/li> <li id=\"menu-item-402\"><a href=\"https:\/\/www.arideon.cz\/de\/jobangebote\/\">Jobangebote<\/a><\/li> <\/ul>","_links":{"self":[{"href":"https:\/\/www.arideon.cz\/de\/wp-json\/wp\/v2\/pages\/1501"}],"collection":[{"href":"https:\/\/www.arideon.cz\/de\/wp-json\/wp\/v2\/pages"}],"about":[{"href":"https:\/\/www.arideon.cz\/de\/wp-json\/wp\/v2\/types\/page"}],"author":[{"embeddable":true,"href":"https:\/\/www.arideon.cz\/de\/wp-json\/wp\/v2\/users\/1"}],"replies":[{"embeddable":true,"href":"https:\/\/www.arideon.cz\/de\/wp-json\/wp\/v2\/comments?post=1501"}],"version-history":[{"count":13,"href":"https:\/\/www.arideon.cz\/de\/wp-json\/wp\/v2\/pages\/1501\/revisions"}],"predecessor-version":[{"id":1585,"href":"https:\/\/www.arideon.cz\/de\/wp-json\/wp\/v2\/pages\/1501\/revisions\/1585"}],"wp:attachment":[{"href":"https:\/\/www.arideon.cz\/de\/wp-json\/wp\/v2\/media?parent=1501"}],"curies":[{"name":"wp","href":"https:\/\/api.w.org\/{rel}","templated":true}]}}