{"id":1520,"date":"2020-10-13T21:47:52","date_gmt":"2020-10-13T19:47:52","guid":{"rendered":"https:\/\/www.arideon.cz\/verwaltung-von-immobilien\/dienstleistungsportfolio\/"},"modified":"2023-10-30T10:35:34","modified_gmt":"2023-10-30T09:35:34","slug":"dienstleistungsportfolio","status":"publish","type":"page","link":"https:\/\/www.arideon.cz\/de\/verwaltung-von-immobilien\/dienstleistungsportfolio\/","title":{"rendered":"Dienstleistungsportfolio"},"content":{"rendered":"<!--themify_builder_content-->\n<div id=\"themify_builder_content-1520\" data-postid=\"1520\" class=\"themify_builder_content themify_builder_content-1520 themify_builder tf_clear\">\n    \t\t\t<!-- module_row -->\n\t<div  data-css_id=\"6fgi42\" data-lazy=\"1\" class=\"module_row themify_builder_row fullwidth tb_6fgi42 tb_first tf_w tf_clearfix\">\n\t    \t\t\t<div class=\"row_inner col_align_top tb_col_count_1 tf_box tf_rel\">\n\t\t            <div  data-lazy=\"1\" class=\"module_column tb-column col-full tb_ehk744 first\">\n                                                <\/div>\n            \t    <\/div>\n\t    <!-- \/row_inner -->\n\t<\/div>\n\t<!-- \/module_row -->\n\t\t\t\t<!-- module_row -->\n\t<div  data-lazy=\"1\" class=\"module_row themify_builder_row tb_2tf4509 tf_w tf_clearfix\">\n\t    \t\t\t<div class=\"row_inner col_align_top tb_col_count_1 tf_box tf_rel\">\n\t\t            <div  data-lazy=\"1\" class=\"module_column tb-column col-full tb_1rjb510 first\">\n                                                        <div class=\"tb-column-inner tf_box tf_w\">\n                        <!-- module text -->\n<div  class=\"module module-text tb_kau6577   \" data-lazy=\"1\">\n        <div  class=\"tb_text_wrap\">\n    <h1>Portfolio unserer Dienstleistungen<\/h1>\n<p>Sie suchen einen Service, der Ihre Immobilie in Schuss h\u00e4lt? Sie suchen einen Qualit\u00e4tsservice und wollen keine Kompromisse mehr eingehen? Dann wenden Sie sich an unser Unternehmen. Wir sind auf die Verwaltung von Wohn- und Gewerbeimmobilien, Grundst\u00fccken, B\u00fcros, Gesch\u00e4ftsr\u00e4umen und anderen Objekten spezialisiert. <\/p>\n<p>Im Bereich der Immobilienverwaltung ist es unser Ziel, ein umfassendes Dienstleistungsportfolio anzubieten, das die Verwaltung, \u00d6konomie, Buchhaltung sowie den operativen und technischen Service der verwalteten Immobilien umfasst. Unser Unternehmen ist kundenorientiert, wir bieten \u00fcber den Standard hinaus einen individuellen Ansatz und stellen nach Absprache mit dem Kunden ein ma\u00dfgeschneidertes Angebot f\u00fcr die Immobilienverwaltung zusammen.<\/p>\n<h2><strong>Unsere Hauptbereiche:Die grundlegenden Bereiche unseres Angebots:<\/strong><\/h2>\n<h3><strong>Wirtschaftliche und buchhalterische Dienstleistungen<\/strong><\/h3>\n<ul>\n<li>Bearbeitung der prim\u00e4ren Buchhaltungsunterlagen<\/li>\n<li>Ausstellung von Zahlungsanweisungen f\u00fcr Zahlungen<\/li>\n<li>Erfassung der monatlichen Zahlungen<\/li>\n<li>Erstellung von Jahresabschl\u00fcssen oder Erstellung des Abschlusses zu einem anderen Zeitpunkt<\/li>\n<li>Bearbeitung der Einkommensteuer<\/li>\n<li>Abrechnung von Quellen- und Vorsteuern<\/li>\n<\/ul>\n<h3>Online-Verwaltung von WEG und WBG<\/h3>\n<ul>\n<li>wir entwickeln eine neue Anwendung f\u00fcr die Online-Verwaltung von WEG und WBG<\/li>\n<li>Online-Abstimmung<\/li>\n<li>Online-Pinnwand<\/li>\n<li>Ablage der WEG und WBG Dokumente<\/li>\n<li>einfache Online-Kommunikation zwischen Eigent\u00fcmern, gesetzlichen Organen und dem Verwalter<\/li>\n<li>und viele andere praktische Funktionen an einem Ort&#8230;<\/li>\n<\/ul>\n<h3><strong>Administrative Dienstleistungen<\/strong><\/h3>\n<ul>\n<li>Erstellung der Meldebescheinigung<\/li>\n<li>Kontakt mit Eigent\u00fcmern, Mietern und Wohnungsnutzern<\/li>\n<li>Erstellung einer Geb\u00fchrenordnung f\u00fcr die Nutzung der einzelnen Wohnungen und Nichtwohnr\u00e4ume, einschlie\u00dflich einer Geb\u00fchrenordnung f\u00fcr Vorauszahlungen f\u00fcr Dienstleistungen im Zusammenhang mit der Nutzung<\/li>\n<li>Unterst\u00fctzung und Beratung bei der Aufstellung eines Kostenvorschlags f\u00fcr die gesch\u00e4tzten Kosten der Verwaltung, des Betriebs und der Instandhaltung der gemeinschaftlichen Teile des Geb\u00e4udes sowie der Kosten f\u00fcr Dienstleistungen im Zusammenhang mit der Nutzung der Wohneinheiten<\/li>\n<li>F\u00fchrung von Aufzeichnungen \u00fcber die Einnahmen und Ausgaben im Zusammenhang mit der Verwaltung des Geb\u00e4udes<\/li>\n<li>Sicherstellung der Ablesung der W\u00e4rme- und Kaltwasserz\u00e4hler der Wohnungen, einschlie\u00dflich der Erstellung der Unterlagen f\u00fcr die Verteilung der Rechnungen an die einzelnen Mieter oder Wohnungseigent\u00fcmer<\/li>\n<li>Abrechnung von Kautionen f\u00fcr Versorgungsleistungen, Hausverwaltung<\/li>\n<li>die M\u00f6glichkeit, die Eigent\u00fcmer und die WEG-Verwaltung regelm\u00e4\u00dfig zu informieren<\/li>\n<li>Mahnungen an Nichtzahler und Vorbereitung von Unterlagen f\u00fcr die gerichtliche Beitreibung von ForderungenMahnungen an s\u00e4umige Zahler und Vorbereitung von Dokumenten f\u00fcr die gerichtliche Beitreibung geschuldeter Betr\u00e4ge<\/li>\n<li>die Bereitstellung aller Unterlagen und deren Aush\u00e4ndigung an die Bevollm\u00e4chtigten des Eigent\u00fcmers im Falle einer Kontrolle<\/li>\n<\/ul>\n<h3><strong>Technischer und betrieblicher Service<\/strong><\/h3>\n<ul>\n<li>Gew\u00e4hrleistung der Durchf\u00fchrung von vorgeschriebenen Inspektionen, Pr\u00fcfungen und Revisionen der technischen Geb\u00e4udeausr\u00fcstung<\/li>\n<li>Regelm\u00e4\u00dfige Erneuerung der Mess- und Regeltechnik<\/li>\n<li>\u00dcberpr\u00fcfung und Sicherstellung der Funktionsf\u00e4higkeit der Haustechnik, des Betriebszustandes und der Sicherheit des Geb\u00e4udes, des Brandschutzes, etc.<\/li>\n<li>Sicherstellung der routinem\u00e4\u00dfigen Instandhaltung des Geb\u00e4udes<\/li>\n<li>Aus\u00fcbung von Reklamationsrechten und Kontrolle der Erf\u00fcllung von Gew\u00e4hrleistungspflichten bei Reklamationen<\/li>\n<li>Benachrichtigung der Eigent\u00fcmer oder der WEG \u00fcber die Notwendigkeit von gr\u00f6\u00dferen Reparaturen und Wartungsarbeiten<\/li>\n<li>Beteiligung an gr\u00f6\u00dferen Reparaturen und Renovierungen in Absprache mit dem Eigent\u00fcmer<\/li>\n<li>sich im Rahmen des M\u00f6glichen an der schnellen Behebung von gemeldeten St\u00f6rungen zu beteiligen<\/li>\n<\/ul>\n<h3>Sonstige spezialisierte Dienstleistungen (auch f\u00fcr B\u00fcrogeb\u00e4ude und andere Geb\u00e4udetypen)<\/h3>\n<ul>\n<li>Versicherungsfragen, einschlie\u00dflich der \u00dcberpr\u00fcfung bestehender Vertr\u00e4ge<\/li>\n<li>komplette Abwicklung von Versicherungsf\u00e4llen<\/li>\n<li>Unterst\u00fctzung bei Zusch\u00fcssen<\/li>\n<li>Schulung der Arbeitnehmer im Bereich der Arbeitssicherheit und des Brandschutzes<\/li>\n<li>Energie- und Betriebswirtschaft (Auswahl des geeigneten Anbieters, Schutz vor ung\u00fcnstigen Vertr\u00e4gen)<\/li>\n<li>Geb\u00e4udebewachung<\/li>\n<\/ul>    <\/div>\n<\/div>\n<!-- \/module text -->                    <\/div>\n                            <\/div>\n            \t    <\/div>\n\t    <!-- \/row_inner -->\n\t<\/div>\n\t<!-- \/module_row -->\n\t<\/div>\n<!--\/themify_builder_content-->","protected":false},"excerpt":{"rendered":"<p>Portfolio na\u0161ich slu\u017eeb Hled\u00e1te slu\u017ebu pro bezprobl\u00e9mov\u00fd chod Va\u0161\u00ed nemovitosti? Hled\u00e1te kvalitn\u00ed slu\u017eby a nechcete ji\u017e kompromisy? Pokud ano, obra\u0165te se na na\u0161i spole\u010dnost. Specializujeme se na spr\u00e1vu bytov\u00fdch a nebytov\u00fdch prostor, pozemk\u016f, kancel\u00e1\u0159\u00ed, komer\u010dn\u00edch a jin\u00fdch prostor\u016f.\u00a0 V oblasti spr\u00e1vy nemovitost\u00ed\u00a0je na\u0161\u00edm c\u00edlem nab\u00eddnout komplexn\u00ed portfolio slu\u017eeb zaji\u0161\u0165uj\u00edc\u00ed administrativu, ekonomii, \u00fa\u010detnictv\u00ed a provozn\u011b-technick\u00fd servis [&hellip;]<\/p>\n","protected":false},"author":1,"featured_media":0,"parent":1511,"menu_order":1,"comment_status":"closed","ping_status":"closed","template":"","meta":{"_mi_skip_tracking":false},"builder_content":"<h1>Portfolio unserer Dienstleistungen<\/h1> <p>Sie suchen einen Service, der Ihre Immobilie in Schuss h\u00e4lt? Sie suchen einen Qualit\u00e4tsservice und wollen keine Kompromisse mehr eingehen? Dann wenden Sie sich an unser Unternehmen. Wir sind auf die Verwaltung von Wohn- und Gewerbeimmobilien, Grundst\u00fccken, B\u00fcros, Gesch\u00e4ftsr\u00e4umen und anderen Objekten spezialisiert. <\/p> <p>Im Bereich der Immobilienverwaltung ist es unser Ziel, ein umfassendes Dienstleistungsportfolio anzubieten, das die Verwaltung, \u00d6konomie, Buchhaltung sowie den operativen und technischen Service der verwalteten Immobilien umfasst. Unser Unternehmen ist kundenorientiert, wir bieten \u00fcber den Standard hinaus einen individuellen Ansatz und stellen nach Absprache mit dem Kunden ein ma\u00dfgeschneidertes Angebot f\u00fcr die Immobilienverwaltung zusammen.<\/p> <h2><strong>Unsere Hauptbereiche:Die grundlegenden Bereiche unseres Angebots:<\/strong><\/h2> <h3><strong>Wirtschaftliche und buchhalterische Dienstleistungen<\/strong><\/h3> <ul> <li>Bearbeitung der prim\u00e4ren Buchhaltungsunterlagen<\/li> <li>Ausstellung von Zahlungsanweisungen f\u00fcr Zahlungen<\/li> <li>Erfassung der monatlichen Zahlungen<\/li> <li>Erstellung von Jahresabschl\u00fcssen oder Erstellung des Abschlusses zu einem anderen Zeitpunkt<\/li> <li>Bearbeitung der Einkommensteuer<\/li> <li>Abrechnung von Quellen- und Vorsteuern<\/li> <\/ul> <h3>Online-Verwaltung von WEG und WBG<\/h3> <ul> <li>wir entwickeln eine neue Anwendung f\u00fcr die Online-Verwaltung von WEG und WBG<\/li> <li>Online-Abstimmung<\/li> <li>Online-Pinnwand<\/li> <li>Ablage der WEG und WBG Dokumente<\/li> <li>einfache Online-Kommunikation zwischen Eigent\u00fcmern, gesetzlichen Organen und dem Verwalter<\/li> <li>und viele andere praktische Funktionen an einem Ort...<\/li> <\/ul> <h3><strong>Administrative Dienstleistungen<\/strong><\/h3> <ul> <li>Erstellung der Meldebescheinigung<\/li> <li>Kontakt mit Eigent\u00fcmern, Mietern und Wohnungsnutzern<\/li> <li>Erstellung einer Geb\u00fchrenordnung f\u00fcr die Nutzung der einzelnen Wohnungen und Nichtwohnr\u00e4ume, einschlie\u00dflich einer Geb\u00fchrenordnung f\u00fcr Vorauszahlungen f\u00fcr Dienstleistungen im Zusammenhang mit der Nutzung<\/li> <li>Unterst\u00fctzung und Beratung bei der Aufstellung eines Kostenvorschlags f\u00fcr die gesch\u00e4tzten Kosten der Verwaltung, des Betriebs und der Instandhaltung der gemeinschaftlichen Teile des Geb\u00e4udes sowie der Kosten f\u00fcr Dienstleistungen im Zusammenhang mit der Nutzung der Wohneinheiten<\/li> <li>F\u00fchrung von Aufzeichnungen \u00fcber die Einnahmen und Ausgaben im Zusammenhang mit der Verwaltung des Geb\u00e4udes<\/li> <li>Sicherstellung der Ablesung der W\u00e4rme- und Kaltwasserz\u00e4hler der Wohnungen, einschlie\u00dflich der Erstellung der Unterlagen f\u00fcr die Verteilung der Rechnungen an die einzelnen Mieter oder Wohnungseigent\u00fcmer<\/li> <li>Abrechnung von Kautionen f\u00fcr Versorgungsleistungen, Hausverwaltung<\/li> <li>die M\u00f6glichkeit, die Eigent\u00fcmer und die WEG-Verwaltung regelm\u00e4\u00dfig zu informieren<\/li> <li>Mahnungen an Nichtzahler und Vorbereitung von Unterlagen f\u00fcr die gerichtliche Beitreibung von ForderungenMahnungen an s\u00e4umige Zahler und Vorbereitung von Dokumenten f\u00fcr die gerichtliche Beitreibung geschuldeter Betr\u00e4ge<\/li> <li>die Bereitstellung aller Unterlagen und deren Aush\u00e4ndigung an die Bevollm\u00e4chtigten des Eigent\u00fcmers im Falle einer Kontrolle<\/li> <\/ul> <h3><strong>Technischer und betrieblicher Service<\/strong><\/h3> <ul> <li>Gew\u00e4hrleistung der Durchf\u00fchrung von vorgeschriebenen Inspektionen, Pr\u00fcfungen und Revisionen der technischen Geb\u00e4udeausr\u00fcstung<\/li> <li>Regelm\u00e4\u00dfige Erneuerung der Mess- und Regeltechnik<\/li> <li>\u00dcberpr\u00fcfung und Sicherstellung der Funktionsf\u00e4higkeit der Haustechnik, des Betriebszustandes und der Sicherheit des Geb\u00e4udes, des Brandschutzes, etc.<\/li> <li>Sicherstellung der routinem\u00e4\u00dfigen Instandhaltung des Geb\u00e4udes<\/li> <li>Aus\u00fcbung von Reklamationsrechten und Kontrolle der Erf\u00fcllung von Gew\u00e4hrleistungspflichten bei Reklamationen<\/li> <li>Benachrichtigung der Eigent\u00fcmer oder der WEG \u00fcber die Notwendigkeit von gr\u00f6\u00dferen Reparaturen und Wartungsarbeiten<\/li> <li>Beteiligung an gr\u00f6\u00dferen Reparaturen und Renovierungen in Absprache mit dem Eigent\u00fcmer<\/li> <li>sich im Rahmen des M\u00f6glichen an der schnellen Behebung von gemeldeten St\u00f6rungen zu beteiligen<\/li> <\/ul> <h3>Sonstige spezialisierte Dienstleistungen (auch f\u00fcr B\u00fcrogeb\u00e4ude und andere Geb\u00e4udetypen)<\/h3> <ul> <li>Versicherungsfragen, einschlie\u00dflich der \u00dcberpr\u00fcfung bestehender Vertr\u00e4ge<\/li> <li>komplette Abwicklung von Versicherungsf\u00e4llen<\/li> <li>Unterst\u00fctzung bei Zusch\u00fcssen<\/li> <li>Schulung der Arbeitnehmer im Bereich der Arbeitssicherheit und des Brandschutzes<\/li> <li>Energie- und Betriebswirtschaft (Auswahl des geeigneten Anbieters, Schutz vor ung\u00fcnstigen Vertr\u00e4gen)<\/li> <li>Geb\u00e4udebewachung<\/li> <\/ul>","_links":{"self":[{"href":"https:\/\/www.arideon.cz\/de\/wp-json\/wp\/v2\/pages\/1520"}],"collection":[{"href":"https:\/\/www.arideon.cz\/de\/wp-json\/wp\/v2\/pages"}],"about":[{"href":"https:\/\/www.arideon.cz\/de\/wp-json\/wp\/v2\/types\/page"}],"author":[{"embeddable":true,"href":"https:\/\/www.arideon.cz\/de\/wp-json\/wp\/v2\/users\/1"}],"replies":[{"embeddable":true,"href":"https:\/\/www.arideon.cz\/de\/wp-json\/wp\/v2\/comments?post=1520"}],"version-history":[{"count":3,"href":"https:\/\/www.arideon.cz\/de\/wp-json\/wp\/v2\/pages\/1520\/revisions"}],"predecessor-version":[{"id":1523,"href":"https:\/\/www.arideon.cz\/de\/wp-json\/wp\/v2\/pages\/1520\/revisions\/1523"}],"up":[{"embeddable":true,"href":"https:\/\/www.arideon.cz\/de\/wp-json\/wp\/v2\/pages\/1511"}],"wp:attachment":[{"href":"https:\/\/www.arideon.cz\/de\/wp-json\/wp\/v2\/media?parent=1520"}],"curies":[{"name":"wp","href":"https:\/\/api.w.org\/{rel}","templated":true}]}}