{"id":1544,"date":"2019-03-10T20:33:27","date_gmt":"2019-03-10T19:33:27","guid":{"rendered":"https:\/\/www.arideon.cz\/unternehmen\/reinigung\/"},"modified":"2023-10-31T09:51:12","modified_gmt":"2023-10-31T08:51:12","slug":"reinigung","status":"publish","type":"page","link":"https:\/\/www.arideon.cz\/de\/unternehmen\/reinigung\/","title":{"rendered":"Reinigung"},"content":{"rendered":"<!--themify_builder_content-->\n<div id=\"themify_builder_content-1544\" data-postid=\"1544\" class=\"themify_builder_content themify_builder_content-1544 themify_builder tf_clear\">\n    \t\t\t<!-- module_row -->\n\t<div  data-css_id=\"f2ebd88\" data-lazy=\"1\" class=\"module_row themify_builder_row fullwidth tb_f2ebd88 tb_first tf_w tf_clearfix\">\n\t    <div class=\"builder_row_cover tf_abs\"><\/div>\t\t\t<div class=\"row_inner col_align_top tb_col_count_1 tf_box tf_rel\">\n\t\t            <div  data-lazy=\"1\" class=\"module_column tb-column col-full tb_716c799 first\">\n                                                        <div class=\"tb-column-inner tf_box tf_w\">\n                        <!-- module text -->\n<div  class=\"module module-text tb_e2fcd09  repeat \" data-lazy=\"1\">\n        <div  class=\"tb_text_wrap\">\n    <p>Wir halten Ihre Umgebung sauber,<\/p>    <\/div>\n<\/div>\n<!-- \/module text --><!-- module text -->\n<div  class=\"module module-text tb_a64fe6e  repeat \" data-lazy=\"1\">\n        <div  class=\"tb_text_wrap\">\n    <p>damit Sie in Ruhe arbeiten k\u00f6nnen.<\/p>    <\/div>\n<\/div>\n<!-- \/module text -->                    <\/div>\n                            <\/div>\n            \t    <\/div>\n\t    <!-- \/row_inner -->\n\t<\/div>\n\t<!-- \/module_row -->\n\t\t\t\t<!-- module_row -->\n\t<div  data-lazy=\"1\" class=\"module_row themify_builder_row tb_09b711c tf_w tf_clearfix\">\n\t    \t\t\t<div class=\"row_inner col_align_top tb_col_count_1 tf_box tf_rel\">\n\t\t            <div  data-lazy=\"1\" class=\"module_column tb-column col-full tb_acf507c first\">\n                                                        <div class=\"tb-column-inner tf_box tf_w\">\n                        <!-- module text -->\n<div  class=\"module module-text tb_e213308  repeat \" data-lazy=\"1\">\n        <div  class=\"tb_text_wrap\">\n    <h1>Reinigung<\/h1>\n<p><span style=\"font-weight: 400;\">Unser Unternehmen verf\u00fcgt \u00fcber langj\u00e4hrige Erfahrung in der Geb\u00e4udereinigung.<\/span><\/p>\n<p><span style=\"font-weight: 400;\">Wir bieten die regelm\u00e4\u00dfige oder allgemeine Reinigung von:<\/span><\/p>\n<ul>\n<li style=\"font-weight: 400;\"><span style=\"font-weight: 400;\">B\u00fcros und Gesch\u00e4ften<\/span><\/li>\n<li style=\"font-weight: 400;\"><span style=\"font-weight: 400;\">Restaurant sund Gastronomiebetriebe<\/span><\/li>\n<li style=\"font-weight: 400;\"><span style=\"font-weight: 400;\">Gemeinschaftsr\u00e4ume von Wohnh\u00e4usern<\/span><\/li>\n<li style=\"font-weight: 400;\"><span style=\"font-weight: 400;\">Beherbergungsbetriebe<\/span><\/li>\n<li style=\"font-weight: 400;\"><span style=\"font-weight: 400;\">Kinderg\u00e4rten und Grundschulen<\/span><\/li>\n<li style=\"font-weight: 400;\"><span style=\"font-weight: 400;\">Friseurstudios<\/span><\/li>\n<li style=\"font-weight: 400;\"><span style=\"font-weight: 400;\">Lagerr\u00e4ume<\/span><\/li>\n<li style=\"font-weight: 400;\"><span style=\"font-weight: 400;\">maschinelle Reinigung aller oben genannten Bereiche<\/span><\/li>\n<\/ul>\n<p><span style=\"font-weight: 400;\">Wir erbringen alle Dienstleistungen und beschaffen Reinigungsmittel und Drogerieartikel. Bei Interesse z\u00f6gern Sie bitte nicht, uns zu kontaktieren und eine Besichtigung Ihrer R\u00e4ume zu vereinbaren, auf deren Grundlage wir Ihnen ein ma\u00dfgeschneidertes Angebot erstellen werden.<\/span><\/p>    <\/div>\n<\/div>\n<!-- \/module text -->                    <\/div>\n                            <\/div>\n            \t    <\/div>\n\t    <!-- \/row_inner -->\n\t<\/div>\n\t<!-- \/module_row -->\n\t\t\t\t<!-- module_row -->\n\t<div  data-lazy=\"1\" class=\"module_row themify_builder_row tb_05ddd29 tf_w tf_clearfix\">\n\t    \t\t\t<div class=\"row_inner col_align_top tb_col_count_1 tf_box tf_rel\">\n\t\t            <div  data-lazy=\"1\" class=\"module_column tb-column col-full tb_a299a28 first\">\n                                                        <div class=\"tb-column-inner tf_box tf_w\">\n                        <!-- module gallery -->\n<div  class=\"module gallery module-gallery tb_8c5547a layout-grid bordered  wow\" data-tf-animation=\"fadeIn\" data-lazy=\"1\">\n    <div class=\"module-gallery-grid gallery-columns-4 tf_clear\">\n\t\t\t<dl class=\"gallery-item\">\n\t\t\t<dt class=\"gallery-icon\">\n\t\t\t<a data-title=\"\" title=\"\" href=\"https:\/\/www.arideon.cz\/wp-content\/uploads\/2019\/03\/conference-room-768441_1920.jpg\" data-rel=\"tb_8c5547a\" class=\"themify_lightbox\"><img src=\"https:\/\/www.arideon.cz\/wp-content\/uploads\/2019\/03\/conference-room-768441_1920-1024x683-300x200.jpg\" width=\"300\" height=\"200\" class=\"wp-post-image wp-image-260\" title=\"conference-room-768441_1920\" alt=\"conference-room-768441_1920\" srcset=\"https:\/\/www.arideon.cz\/wp-content\/uploads\/2019\/03\/conference-room-768441_1920-1024x683-300x200.jpg 300w, https:\/\/www.arideon.cz\/wp-content\/uploads\/2019\/03\/conference-room-768441_1920-768x512.jpg 768w, https:\/\/www.arideon.cz\/wp-content\/uploads\/2019\/03\/conference-room-768441_1920-1024x683.jpg 1024w, https:\/\/www.arideon.cz\/wp-content\/uploads\/2019\/03\/conference-room-768441_1920.jpg 1920w\" sizes=\"(max-width: 300px) 100vw, 300px\" \/><\/a>\t\t\t<\/dt>\n\t\t\t<dd>\n\t\t\t\t\t\t\t\t\t\t\t<\/dd>\n\t\t<\/dl>\n\t\t\t<dl class=\"gallery-item\">\n\t\t\t<dt class=\"gallery-icon\">\n\t\t\t<a data-title=\"\" title=\"\" href=\"https:\/\/www.arideon.cz\/wp-content\/uploads\/2019\/03\/interior-2685517__480.jpg\" data-rel=\"tb_8c5547a\" class=\"themify_lightbox\"><img src=\"https:\/\/www.arideon.cz\/wp-content\/uploads\/2019\/03\/interior-2685517__480-300x200.jpg\" width=\"300\" height=\"200\" class=\"wp-post-image wp-image-467\" title=\"interior-2685517__480\" alt=\"interior-2685517__480\"><\/a>\t\t\t<\/dt>\n\t\t\t<dd>\n\t\t\t\t\t\t\t\t\t\t\t<\/dd>\n\t\t<\/dl>\n\t\t\t<dl class=\"gallery-item\">\n\t\t\t<dt class=\"gallery-icon\">\n\t\t\t<a data-title=\"\" title=\"\" href=\"https:\/\/www.arideon.cz\/wp-content\/uploads\/2019\/03\/interior-2685518__480.jpg\" data-rel=\"tb_8c5547a\" class=\"themify_lightbox\"><img src=\"https:\/\/www.arideon.cz\/wp-content\/uploads\/2019\/03\/interior-2685518__480-300x200.jpg\" width=\"300\" height=\"200\" class=\"wp-post-image wp-image-465\" title=\"interior-2685518__480\" alt=\"interior-2685518__480\"><\/a>\t\t\t<\/dt>\n\t\t\t<dd>\n\t\t\t\t\t\t\t\t\t\t\t<\/dd>\n\t\t<\/dl>\n\t\t\t<dl class=\"gallery-item\">\n\t\t\t<dt class=\"gallery-icon\">\n\t\t\t<a data-title=\"\" title=\"\" href=\"https:\/\/www.arideon.cz\/wp-content\/uploads\/2019\/03\/pexels-photo-534116-1.jpeg\" data-rel=\"tb_8c5547a\" class=\"themify_lightbox\"><img src=\"https:\/\/www.arideon.cz\/wp-content\/uploads\/2019\/03\/pexels-photo-534116-1-300x200.jpeg\" width=\"300\" height=\"200\" class=\"wp-post-image wp-image-479\" title=\"pexels-photo-534116\" alt=\"pexels-photo-534116\"><\/a>\t\t\t<\/dt>\n\t\t\t<dd>\n\t\t\t\t\t\t\t\t\t\t\t<\/dd>\n\t\t<\/dl>\n\t<\/div>\n<\/div>\n<!-- \/module gallery -->                    <\/div>\n                            <\/div>\n            \t    <\/div>\n\t    <!-- \/row_inner -->\n\t<\/div>\n\t<!-- \/module_row -->\n\t<\/div>\n<!--\/themify_builder_content-->","protected":false},"excerpt":{"rendered":"<p>Abyste mohli v klidu pracovat, udr\u017eujeme prostor kolem V\u00e1s \u010dist\u00fd. \u00daklidy Na\u0161e spole\u010dnost m\u00e1 mnohalet\u00e9 zku\u0161enosti s \u00faklidem komer\u010dn\u00edch prostor. Prov\u00e1d\u00edme pravideln\u00e9 \u010di gener\u00e1ln\u00ed \u00faklidy: kancel\u00e1\u0159\u00ed i obchod\u016f restaurac\u00ed a stravovac\u00edch za\u0159\u00edzen\u00ed spole\u010dn\u00fdch prostor bytov\u00fdch dom\u016f ubytovac\u00edch za\u0159\u00edzen\u00ed mate\u0159sk\u00fdch a z\u00e1kladn\u00edch \u0161kol kade\u0159nick\u00fdch studi\u00ed skladov\u00fdch prostor strojn\u00ed \u010di\u0161t\u011bn\u00ed v\u0161ech v\u00fd\u0161e uveden\u00fdch prostor\u016f Dod\u00e1v\u00e1me ve\u0161ker\u00fd servis, [&hellip;]<\/p>\n","protected":false},"author":1,"featured_media":0,"parent":1540,"menu_order":0,"comment_status":"closed","ping_status":"closed","template":"","meta":{"_mi_skip_tracking":false},"builder_content":"<p>Wir halten Ihre Umgebung sauber,<\/p>\n<p>damit Sie in Ruhe arbeiten k\u00f6nnen.<\/p>\n<h1>Reinigung<\/h1> <p>Unser Unternehmen verf\u00fcgt \u00fcber langj\u00e4hrige Erfahrung in der Geb\u00e4udereinigung.<\/p> <p>Wir bieten die regelm\u00e4\u00dfige oder allgemeine Reinigung von:<\/p> <ul> <li style=\"font-weight: 400;\">B\u00fcros und Gesch\u00e4ften<\/li> <li style=\"font-weight: 400;\">Restaurant sund Gastronomiebetriebe<\/li> <li style=\"font-weight: 400;\">Gemeinschaftsr\u00e4ume von Wohnh\u00e4usern<\/li> <li style=\"font-weight: 400;\">Beherbergungsbetriebe<\/li> <li style=\"font-weight: 400;\">Kinderg\u00e4rten und Grundschulen<\/li> <li style=\"font-weight: 400;\">Friseurstudios<\/li> <li style=\"font-weight: 400;\">Lagerr\u00e4ume<\/li> <li style=\"font-weight: 400;\">maschinelle Reinigung aller oben genannten Bereiche<\/li> <\/ul> <p>Wir erbringen alle Dienstleistungen und beschaffen Reinigungsmittel und Drogerieartikel. Bei Interesse z\u00f6gern Sie bitte nicht, uns zu kontaktieren und eine Besichtigung Ihrer R\u00e4ume zu vereinbaren, auf deren Grundlage wir Ihnen ein ma\u00dfgeschneidertes Angebot erstellen werden.<\/p>\n[gallery ids=\"260,467,465,479\"]","_links":{"self":[{"href":"https:\/\/www.arideon.cz\/de\/wp-json\/wp\/v2\/pages\/1544"}],"collection":[{"href":"https:\/\/www.arideon.cz\/de\/wp-json\/wp\/v2\/pages"}],"about":[{"href":"https:\/\/www.arideon.cz\/de\/wp-json\/wp\/v2\/types\/page"}],"author":[{"embeddable":true,"href":"https:\/\/www.arideon.cz\/de\/wp-json\/wp\/v2\/users\/1"}],"replies":[{"embeddable":true,"href":"https:\/\/www.arideon.cz\/de\/wp-json\/wp\/v2\/comments?post=1544"}],"version-history":[{"count":1,"href":"https:\/\/www.arideon.cz\/de\/wp-json\/wp\/v2\/pages\/1544\/revisions"}],"predecessor-version":[{"id":1545,"href":"https:\/\/www.arideon.cz\/de\/wp-json\/wp\/v2\/pages\/1544\/revisions\/1545"}],"up":[{"embeddable":true,"href":"https:\/\/www.arideon.cz\/de\/wp-json\/wp\/v2\/pages\/1540"}],"wp:attachment":[{"href":"https:\/\/www.arideon.cz\/de\/wp-json\/wp\/v2\/media?parent=1544"}],"curies":[{"name":"wp","href":"https:\/\/api.w.org\/{rel}","templated":true}]}}