{"id":1546,"date":"2019-03-10T20:36:49","date_gmt":"2019-03-10T19:36:49","guid":{"rendered":"https:\/\/www.arideon.cz\/unternehmen\/maschinelle-reinigung\/"},"modified":"2023-10-31T09:57:56","modified_gmt":"2023-10-31T08:57:56","slug":"maschinelle-reinigung","status":"publish","type":"page","link":"https:\/\/www.arideon.cz\/de\/unternehmen\/maschinelle-reinigung\/","title":{"rendered":"Maschinelle Reinigung"},"content":{"rendered":"<!--themify_builder_content-->\n<div id=\"themify_builder_content-1546\" data-postid=\"1546\" class=\"themify_builder_content themify_builder_content-1546 themify_builder tf_clear\">\n    \t\t\t<!-- module_row -->\n\t<div  data-css_id=\"f2ebd88\" data-lazy=\"1\" class=\"module_row themify_builder_row fullwidth tb_f2ebd88 tb_first tf_w tf_clearfix\">\n\t    <div class=\"builder_row_cover tf_abs\"><\/div>\t\t\t<div class=\"row_inner col_align_top tb_col_count_1 tf_box tf_rel\">\n\t\t            <div  data-lazy=\"1\" class=\"module_column tb-column col-full tb_716c799 first\">\n                                                        <div class=\"tb-column-inner tf_box tf_w\">\n                        <!-- module text -->\n<div  class=\"module module-text tb_e2fcd09  repeat \" data-lazy=\"1\">\n        <div  class=\"tb_text_wrap\">\n    <p>Professionelle Dienstleistung,<\/p>    <\/div>\n<\/div>\n<!-- \/module text --><!-- module text -->\n<div  class=\"module module-text tb_a64fe6e  repeat \" data-lazy=\"1\">\n        <div  class=\"tb_text_wrap\">\n    <p>professionelle Technik.<\/p>    <\/div>\n<\/div>\n<!-- \/module text -->                    <\/div>\n                            <\/div>\n            \t    <\/div>\n\t    <!-- \/row_inner -->\n\t<\/div>\n\t<!-- \/module_row -->\n\t\t\t\t<!-- module_row -->\n\t<div  data-lazy=\"1\" class=\"module_row themify_builder_row tb_09b711c tf_w tf_clearfix\">\n\t    \t\t\t<div class=\"row_inner col_align_top tb_col_count_1 tf_box tf_rel\">\n\t\t            <div  data-lazy=\"1\" class=\"module_column tb-column col-full tb_acf507c first\">\n                                                        <div class=\"tb-column-inner tf_box tf_w\">\n                        <!-- module text -->\n<div  class=\"module module-text tb_e213308  repeat \" data-lazy=\"1\">\n        <div  class=\"tb_text_wrap\">\n    <h1>Maschinelle Reinigung<\/h1>\n<p><span style=\"font-weight: 400;\">Sehr geehrte Kunden,<\/span><\/p>\n<p>Wir verf\u00fcgen \u00fcber mehrere Reinigungsmaschinen, darunter Spezialmaschinen f\u00fcr schwer zug\u00e4ngliche Bereiche und gro\u00dfe mobile Maschinen.<\/p>\n<p>Wir reinigen Lagerhallen, Garagen, Gesch\u00e4fte, Gewerbefl\u00e4chen von mittlerer Gr\u00f6\u00dfe bis zu Tausenden von Quadratmetern.<\/p>\n<p>Der Preis betr\u00e4gt ab CZK 4\/m2 und wird je nach Umfang und H\u00e4ufigkeit der Reinigung sowie nach dem Ort festgelegt. Wir bewerten die R\u00e4ume immer vor der Preisgestaltung durch eine pers\u00f6nliche Besprechung.<\/p>\n<p>Wir bieten auch spezialisierte Dienstleistungen wie Wachsen (verschiedene Oberfl\u00e4chen), H\u00f6henarbeiten \u2013 Fensterreinigung, Fassadenreinigung, etc.<\/p>    <\/div>\n<\/div>\n<!-- \/module text -->                    <\/div>\n                            <\/div>\n            \t    <\/div>\n\t    <!-- \/row_inner -->\n\t<\/div>\n\t<!-- \/module_row -->\n\t\t\t\t<!-- module_row -->\n\t<div  data-lazy=\"1\" class=\"module_row themify_builder_row tb_05ddd29 tf_w tf_clearfix\">\n\t    \t\t\t<div class=\"row_inner col_align_top tb_col_count_1 tf_box tf_rel\">\n\t\t            <div  data-lazy=\"1\" class=\"module_column tb-column col-full tb_a299a28 first\">\n                                                        <div class=\"tb-column-inner tf_box tf_w\">\n                        <!-- module gallery -->\n<div  class=\"module gallery module-gallery tb_8c5547a layout-grid bordered  wow\" data-tf-animation=\"fadeIn\" data-lazy=\"1\">\n    <div class=\"module-gallery-grid gallery-columns-4 tf_clear\">\n\t\t\t<dl class=\"gallery-item\">\n\t\t\t<dt class=\"gallery-icon\">\n\t\t\t<a data-title=\"\" title=\"\" href=\"https:\/\/www.arideon.cz\/wp-content\/uploads\/2019\/03\/building-856444_1920.jpg\" data-rel=\"tb_8c5547a\" class=\"themify_lightbox\"><img src=\"https:\/\/www.arideon.cz\/wp-content\/uploads\/2019\/03\/building-856444_1920-1024x683-300x200.jpg\" width=\"300\" height=\"200\" class=\"wp-post-image wp-image-484\" title=\"building-856444_1920\" alt=\"building-856444_1920\" srcset=\"https:\/\/www.arideon.cz\/wp-content\/uploads\/2019\/03\/building-856444_1920-1024x683-300x200.jpg 300w, https:\/\/www.arideon.cz\/wp-content\/uploads\/2019\/03\/building-856444_1920-768x512.jpg 768w, https:\/\/www.arideon.cz\/wp-content\/uploads\/2019\/03\/building-856444_1920-1024x683.jpg 1024w, https:\/\/www.arideon.cz\/wp-content\/uploads\/2019\/03\/building-856444_1920.jpg 1920w\" sizes=\"(max-width: 300px) 100vw, 300px\" \/><\/a>\t\t\t<\/dt>\n\t\t\t<dd>\n\t\t\t\t\t\t\t\t\t\t\t<\/dd>\n\t\t<\/dl>\n\t\t\t<dl class=\"gallery-item\">\n\t\t\t<dt class=\"gallery-icon\">\n\t\t\t<a data-title=\"\" title=\"\" href=\"https:\/\/www.arideon.cz\/wp-content\/uploads\/2019\/03\/architecture-2256489_1920.jpg\" data-rel=\"tb_8c5547a\" class=\"themify_lightbox\"><img src=\"https:\/\/www.arideon.cz\/wp-content\/uploads\/2019\/03\/architecture-2256489_1920-1024x683-300x200.jpg\" width=\"300\" height=\"200\" class=\"wp-post-image wp-image-486\" title=\"architecture-2256489_1920\" alt=\"architecture-2256489_1920\" srcset=\"https:\/\/www.arideon.cz\/wp-content\/uploads\/2019\/03\/architecture-2256489_1920-1024x683-300x200.jpg 300w, https:\/\/www.arideon.cz\/wp-content\/uploads\/2019\/03\/architecture-2256489_1920-768x512.jpg 768w, https:\/\/www.arideon.cz\/wp-content\/uploads\/2019\/03\/architecture-2256489_1920-1024x683.jpg 1024w, https:\/\/www.arideon.cz\/wp-content\/uploads\/2019\/03\/architecture-2256489_1920.jpg 1920w\" sizes=\"(max-width: 300px) 100vw, 300px\" \/><\/a>\t\t\t<\/dt>\n\t\t\t<dd>\n\t\t\t\t\t\t\t\t\t\t\t<\/dd>\n\t\t<\/dl>\n\t\t\t<dl class=\"gallery-item\">\n\t\t\t<dt class=\"gallery-icon\">\n\t\t\t<a data-title=\"\" title=\"\" href=\"https:\/\/www.arideon.cz\/wp-content\/uploads\/2019\/03\/supermarket-507295_1920.jpg\" data-rel=\"tb_8c5547a\" class=\"themify_lightbox\"><img src=\"https:\/\/www.arideon.cz\/wp-content\/uploads\/2019\/03\/supermarket-507295_1920-1024x763-300x200.jpg\" width=\"300\" height=\"200\" class=\"wp-post-image wp-image-485\" title=\"supermarket-507295_1920\" alt=\"supermarket-507295_1920\"><\/a>\t\t\t<\/dt>\n\t\t\t<dd>\n\t\t\t\t\t\t\t\t\t\t\t<\/dd>\n\t\t<\/dl>\n\t\t\t<dl class=\"gallery-item\">\n\t\t\t<dt class=\"gallery-icon\">\n\t\t\t<a data-title=\"\" title=\"\" href=\"https:\/\/www.arideon.cz\/wp-content\/uploads\/2019\/03\/industrial-hall-1630741_1920-1.jpg\" data-rel=\"tb_8c5547a\" class=\"themify_lightbox\"><img src=\"https:\/\/www.arideon.cz\/wp-content\/uploads\/2019\/03\/industrial-hall-1630741_1920-1-1024x683-300x200.jpg\" width=\"300\" height=\"200\" class=\"wp-post-image wp-image-487\" title=\"industrial-hall-1630741_1920\" alt=\"industrial-hall-1630741_1920\" srcset=\"https:\/\/www.arideon.cz\/wp-content\/uploads\/2019\/03\/industrial-hall-1630741_1920-1-1024x683-300x200.jpg 300w, https:\/\/www.arideon.cz\/wp-content\/uploads\/2019\/03\/industrial-hall-1630741_1920-1-768x512.jpg 768w, https:\/\/www.arideon.cz\/wp-content\/uploads\/2019\/03\/industrial-hall-1630741_1920-1-1024x683.jpg 1024w, https:\/\/www.arideon.cz\/wp-content\/uploads\/2019\/03\/industrial-hall-1630741_1920-1.jpg 1920w\" sizes=\"(max-width: 300px) 100vw, 300px\" \/><\/a>\t\t\t<\/dt>\n\t\t\t<dd>\n\t\t\t\t\t\t\t\t\t\t\t<\/dd>\n\t\t<\/dl>\n\t<\/div>\n<\/div>\n<!-- \/module gallery -->                    <\/div>\n                            <\/div>\n            \t    <\/div>\n\t    <!-- \/row_inner -->\n\t<\/div>\n\t<!-- \/module_row -->\n\t<\/div>\n<!--\/themify_builder_content-->","protected":false},"excerpt":{"rendered":"<p>Profesion\u00e1ln\u00ed slu\u017eby, profesion\u00e1ln\u00ed technika. Strojn\u00ed \u010di\u0161t\u011bn\u00ed V\u00e1\u017een\u00ed z\u00e1kazn\u00edci, vlastn\u00edme n\u011bkolik \u00faklidov\u00fdch stroj\u016f, v\u010detn\u011b speci\u00e1ln\u00edch stroj\u016f na \u0161patn\u011b p\u0159\u00edstupn\u00e1 m\u00edsta a velk\u00fdch poj\u00edzdn\u00fdch stroj\u016f. \u010cist\u00edme sklady, gar\u00e1\u017ee, obchody, komer\u010dn\u00ed plochy od st\u0159edn\u00edch velikost\u00ed a\u017e po mnohatis\u00edcov\u00e9 v\u00fdm\u011bry. Cena je od 4K\u010d\/m2 a ur\u010dujeme ji na z\u00e1klad\u011b velikosti a \u010detnosti prac\u00ed a m\u00edst\u011b realizace. Prostory v\u017edy p\u0159ed [&hellip;]<\/p>\n","protected":false},"author":1,"featured_media":0,"parent":1540,"menu_order":0,"comment_status":"closed","ping_status":"closed","template":"","meta":{"_mi_skip_tracking":false},"builder_content":"<p>Professionelle Dienstleistung,<\/p>\n<p>professionelle Technik.<\/p>\n<h1>Maschinelle Reinigung<\/h1> <p>Sehr geehrte Kunden,<\/p> <p>Wir verf\u00fcgen \u00fcber mehrere Reinigungsmaschinen, darunter Spezialmaschinen f\u00fcr schwer zug\u00e4ngliche Bereiche und gro\u00dfe mobile Maschinen.<\/p> <p>Wir reinigen Lagerhallen, Garagen, Gesch\u00e4fte, Gewerbefl\u00e4chen von mittlerer Gr\u00f6\u00dfe bis zu Tausenden von Quadratmetern.<\/p> <p>Der Preis betr\u00e4gt ab CZK 4\/m2 und wird je nach Umfang und H\u00e4ufigkeit der Reinigung sowie nach dem Ort festgelegt. Wir bewerten die R\u00e4ume immer vor der Preisgestaltung durch eine pers\u00f6nliche Besprechung.<\/p> <p>Wir bieten auch spezialisierte Dienstleistungen wie Wachsen (verschiedene Oberfl\u00e4chen), H\u00f6henarbeiten \u2013 Fensterreinigung, Fassadenreinigung, etc.<\/p>\n[gallery ids=\"484,486,485,487\"]","_links":{"self":[{"href":"https:\/\/www.arideon.cz\/de\/wp-json\/wp\/v2\/pages\/1546"}],"collection":[{"href":"https:\/\/www.arideon.cz\/de\/wp-json\/wp\/v2\/pages"}],"about":[{"href":"https:\/\/www.arideon.cz\/de\/wp-json\/wp\/v2\/types\/page"}],"author":[{"embeddable":true,"href":"https:\/\/www.arideon.cz\/de\/wp-json\/wp\/v2\/users\/1"}],"replies":[{"embeddable":true,"href":"https:\/\/www.arideon.cz\/de\/wp-json\/wp\/v2\/comments?post=1546"}],"version-history":[{"count":1,"href":"https:\/\/www.arideon.cz\/de\/wp-json\/wp\/v2\/pages\/1546\/revisions"}],"predecessor-version":[{"id":1547,"href":"https:\/\/www.arideon.cz\/de\/wp-json\/wp\/v2\/pages\/1546\/revisions\/1547"}],"up":[{"embeddable":true,"href":"https:\/\/www.arideon.cz\/de\/wp-json\/wp\/v2\/pages\/1540"}],"wp:attachment":[{"href":"https:\/\/www.arideon.cz\/de\/wp-json\/wp\/v2\/media?parent=1546"}],"curies":[{"name":"wp","href":"https:\/\/api.w.org\/{rel}","templated":true}]}}