{"id":1552,"date":"2019-03-17T13:03:34","date_gmt":"2019-03-17T12:03:34","guid":{"rendered":"https:\/\/www.arideon.cz\/unternehmen\/hoehenarbeiten\/"},"modified":"2023-10-31T10:12:57","modified_gmt":"2023-10-31T09:12:57","slug":"hoehenarbeiten","status":"publish","type":"page","link":"https:\/\/www.arideon.cz\/de\/unternehmen\/hoehenarbeiten\/","title":{"rendered":"H\u00f6henarbeiten"},"content":{"rendered":"<!--themify_builder_content-->\n<div id=\"themify_builder_content-1552\" data-postid=\"1552\" class=\"themify_builder_content themify_builder_content-1552 themify_builder tf_clear\">\n    \t\t\t<!-- module_row -->\n\t<div  data-css_id=\"f2ebd88\" data-lazy=\"1\" class=\"module_row themify_builder_row fullwidth tb_f2ebd88 tb_first tf_w tf_clearfix\">\n\t    <div class=\"builder_row_cover tf_abs\"><\/div>\t\t\t<div class=\"row_inner col_align_top tb_col_count_1 tf_box tf_rel\">\n\t\t            <div  data-lazy=\"1\" class=\"module_column tb-column col-full tb_716c799 first\">\n                                                        <div class=\"tb-column-inner tf_box tf_w\">\n                        <!-- module text -->\n<div  class=\"module module-text tb_e2fcd09  repeat \" data-lazy=\"1\">\n        <div  class=\"tb_text_wrap\">\n    <p>Professionelle Dienstleistung,<\/p>    <\/div>\n<\/div>\n<!-- \/module text --><!-- module text -->\n<div  class=\"module module-text tb_a64fe6e  repeat \" data-lazy=\"1\">\n        <div  class=\"tb_text_wrap\">\n    <p>professionelle Technik.<\/p>    <\/div>\n<\/div>\n<!-- \/module text -->                    <\/div>\n                            <\/div>\n            \t    <\/div>\n\t    <!-- \/row_inner -->\n\t<\/div>\n\t<!-- \/module_row -->\n\t\t\t\t<!-- module_row -->\n\t<div  data-lazy=\"1\" class=\"module_row themify_builder_row tb_09b711c tf_w tf_clearfix\">\n\t    \t\t\t<div class=\"row_inner col_align_top tb_col_count_1 tf_box tf_rel\">\n\t\t            <div  data-lazy=\"1\" class=\"module_column tb-column col-full tb_acf507c first\">\n                                                        <div class=\"tb-column-inner tf_box tf_w\">\n                        <!-- module text -->\n<div  class=\"module module-text tb_e213308  repeat \" data-lazy=\"1\">\n        <div  class=\"tb_text_wrap\">\n    <h1>H\u00f6henarbeiten<\/h1>\n<p><span style=\"font-weight: 400;\">Sehr geehrte Kunden,<\/span><\/p>\n<p>wir bieten auch spezialisierte Dienstleistungen an, die Arbeiten in der H\u00f6he beinhalten.<\/p>\n<p>Dazu geh\u00f6ren unter anderem das Waschen von Fassaden, das H\u00f6henreinigung von schwer zug\u00e4nglichen Fenstern, Au\u00dfenjalousien, Oberlichtern und anderen Objekten. Dazu geh\u00f6rt z. B. die Reinigung von Kronleuchtern in Bereichen mit hohen Decken, in denen Kronleuchter in mehreren Dutzend Metern H\u00f6he installiert und normalerweise unzug\u00e4nglich sind.<\/p>\n<p>Wir verwenden spezielle Ausr\u00fcstung, eventuell unter Einsatz von Klettermethoden oder Hochb\u00fchnen. <\/p>\n<p>Die Preise sind individuell, wir erstellen immer einen Kostenvoranschlag nach einer pers\u00f6nlichen Besichtigung der R\u00e4ume.<\/p>    <\/div>\n<\/div>\n<!-- \/module text -->                    <\/div>\n                            <\/div>\n            \t    <\/div>\n\t    <!-- \/row_inner -->\n\t<\/div>\n\t<!-- \/module_row -->\n\t\t\t\t<!-- module_row -->\n\t<div  data-lazy=\"1\" class=\"module_row themify_builder_row tb_05ddd29 tf_w tf_clearfix\">\n\t    \t\t\t<div class=\"row_inner col_align_top tb_col_count_1 tf_box tf_rel\">\n\t\t            <div  data-lazy=\"1\" class=\"module_column tb-column col-full tb_a299a28 first\">\n                                                        <div class=\"tb-column-inner tf_box tf_w\">\n                        <!-- module gallery -->\n<div  class=\"module gallery module-gallery tb_8c5547a layout-grid bordered  wow\" data-tf-animation=\"fadeIn\" data-lazy=\"1\">\n    <div class=\"module-gallery-grid gallery-columns-4 tf_clear\">\n\t\t\t<dl class=\"gallery-item\">\n\t\t\t<dt class=\"gallery-icon\">\n\t\t\t<a data-title=\"\" title=\"\" href=\"https:\/\/www.arideon.cz\/wp-content\/uploads\/2019\/03\/cleaning-735271_1920.jpg\" data-rel=\"tb_8c5547a\" class=\"themify_lightbox\"><img src=\"https:\/\/www.arideon.cz\/wp-content\/uploads\/2019\/03\/cleaning-735271_1920-1024x768-300x200.jpg\" width=\"300\" height=\"200\" class=\"wp-post-image wp-image-550\" title=\"cleaning-735271_1920\" alt=\"cleaning-735271_1920\"><\/a>\t\t\t<\/dt>\n\t\t\t<dd>\n\t\t\t\t\t\t\t\t\t\t\t<\/dd>\n\t\t<\/dl>\n\t\t\t<dl class=\"gallery-item\">\n\t\t\t<dt class=\"gallery-icon\">\n\t\t\t<a data-title=\"\" title=\"\" href=\"https:\/\/www.arideon.cz\/wp-content\/uploads\/2019\/03\/window-cleaners-943047_1920.jpg\" data-rel=\"tb_8c5547a\" class=\"themify_lightbox\"><img src=\"https:\/\/www.arideon.cz\/wp-content\/uploads\/2019\/03\/window-cleaners-943047_1920-1024x768-300x200.jpg\" width=\"300\" height=\"200\" class=\"wp-post-image wp-image-551\" title=\"window-cleaners-943047_1920\" alt=\"window-cleaners-943047_1920\"><\/a>\t\t\t<\/dt>\n\t\t\t<dd>\n\t\t\t\t\t\t\t\t\t\t\t<\/dd>\n\t\t<\/dl>\n\t\t\t<dl class=\"gallery-item\">\n\t\t\t<dt class=\"gallery-icon\">\n\t\t\t<a data-title=\"\" title=\"\" href=\"https:\/\/www.arideon.cz\/wp-content\/uploads\/2019\/03\/glass-facade-817732_1920.jpg\" data-rel=\"tb_8c5547a\" class=\"themify_lightbox\"><img src=\"https:\/\/www.arideon.cz\/wp-content\/uploads\/2019\/03\/glass-facade-817732_1920-1024x680-300x200.jpg\" width=\"300\" height=\"200\" class=\"wp-post-image wp-image-548\" title=\"glass-facade-817732_1920\" alt=\"glass-facade-817732_1920\" srcset=\"https:\/\/www.arideon.cz\/wp-content\/uploads\/2019\/03\/glass-facade-817732_1920-1024x680-300x200.jpg 300w, https:\/\/www.arideon.cz\/wp-content\/uploads\/2019\/03\/glass-facade-817732_1920-768x510.jpg 768w, https:\/\/www.arideon.cz\/wp-content\/uploads\/2019\/03\/glass-facade-817732_1920-1024x680.jpg 1024w, https:\/\/www.arideon.cz\/wp-content\/uploads\/2019\/03\/glass-facade-817732_1920.jpg 1920w\" sizes=\"(max-width: 300px) 100vw, 300px\" \/><\/a>\t\t\t<\/dt>\n\t\t\t<dd>\n\t\t\t\t\t\t\t\t\t\t\t<\/dd>\n\t\t<\/dl>\n\t\t\t<dl class=\"gallery-item\">\n\t\t\t<dt class=\"gallery-icon\">\n\t\t\t<a data-title=\"\" title=\"\" href=\"https:\/\/www.arideon.cz\/wp-content\/uploads\/2019\/03\/architecture-2256489_1920.jpg\" data-rel=\"tb_8c5547a\" class=\"themify_lightbox\"><img src=\"https:\/\/www.arideon.cz\/wp-content\/uploads\/2019\/03\/architecture-2256489_1920-1024x683-300x200.jpg\" width=\"300\" height=\"200\" class=\"wp-post-image wp-image-486\" title=\"architecture-2256489_1920\" alt=\"architecture-2256489_1920\" srcset=\"https:\/\/www.arideon.cz\/wp-content\/uploads\/2019\/03\/architecture-2256489_1920-1024x683-300x200.jpg 300w, https:\/\/www.arideon.cz\/wp-content\/uploads\/2019\/03\/architecture-2256489_1920-768x512.jpg 768w, https:\/\/www.arideon.cz\/wp-content\/uploads\/2019\/03\/architecture-2256489_1920-1024x683.jpg 1024w, https:\/\/www.arideon.cz\/wp-content\/uploads\/2019\/03\/architecture-2256489_1920.jpg 1920w\" sizes=\"(max-width: 300px) 100vw, 300px\" \/><\/a>\t\t\t<\/dt>\n\t\t\t<dd>\n\t\t\t\t\t\t\t\t\t\t\t<\/dd>\n\t\t<\/dl>\n\t<\/div>\n<\/div>\n<!-- \/module gallery -->                    <\/div>\n                            <\/div>\n            \t    <\/div>\n\t    <!-- \/row_inner -->\n\t<\/div>\n\t<!-- \/module_row -->\n\t<\/div>\n<!--\/themify_builder_content-->","protected":false},"excerpt":{"rendered":"<p>Profesion\u00e1ln\u00ed slu\u017eby, profesion\u00e1ln\u00ed technika. V\u00fd\u0161kov\u00e9 pr\u00e1ce V\u00e1\u017een\u00ed z\u00e1kazn\u00edci, prov\u00e1d\u00edme rovn\u011b\u017e specializovan\u00e9 pr\u00e1ce,\u00a0 kam se \u0159ad\u00ed i pr\u00e1ce v\u00fd\u0161kov\u00e9. Jedn\u00e1 se mimo jin\u00e9 o myt\u00ed fas\u00e1d, v\u00fd\u0161kov\u00e9 myt\u00ed \u0161patn\u011b p\u0159\u00edstupn\u00fdch oken, venkovn\u00edch \u017ealuzi\u00ed, sv\u011btl\u00edk\u016f a jin\u00fdch objekt\u016f. Pat\u0159\u00ed sem nap\u0159. i myt\u00ed lustr\u016f v prostor\u00e1ch, kde jsou vysok\u00e9 stropy a lustry vis\u00ed ve v\u00fd\u0161ce n\u011bkolik des\u00edtek [&hellip;]<\/p>\n","protected":false},"author":1,"featured_media":0,"parent":1540,"menu_order":0,"comment_status":"closed","ping_status":"closed","template":"","meta":{"_mi_skip_tracking":false},"builder_content":"<p>Professionelle Dienstleistung,<\/p>\n<p>professionelle Technik.<\/p>\n<h1>H\u00f6henarbeiten<\/h1> <p>Sehr geehrte Kunden,<\/p> <p>wir bieten auch spezialisierte Dienstleistungen an, die Arbeiten in der H\u00f6he beinhalten.<\/p> <p>Dazu geh\u00f6ren unter anderem das Waschen von Fassaden, das H\u00f6henreinigung von schwer zug\u00e4nglichen Fenstern, Au\u00dfenjalousien, Oberlichtern und anderen Objekten. Dazu geh\u00f6rt z. B. die Reinigung von Kronleuchtern in Bereichen mit hohen Decken, in denen Kronleuchter in mehreren Dutzend Metern H\u00f6he installiert und normalerweise unzug\u00e4nglich sind.<\/p> <p>Wir verwenden spezielle Ausr\u00fcstung, eventuell unter Einsatz von Klettermethoden oder Hochb\u00fchnen. <\/p> <p>Die Preise sind individuell, wir erstellen immer einen Kostenvoranschlag nach einer pers\u00f6nlichen Besichtigung der R\u00e4ume.<\/p>\n[gallery ids=\"550,551,548,486\"]","_links":{"self":[{"href":"https:\/\/www.arideon.cz\/de\/wp-json\/wp\/v2\/pages\/1552"}],"collection":[{"href":"https:\/\/www.arideon.cz\/de\/wp-json\/wp\/v2\/pages"}],"about":[{"href":"https:\/\/www.arideon.cz\/de\/wp-json\/wp\/v2\/types\/page"}],"author":[{"embeddable":true,"href":"https:\/\/www.arideon.cz\/de\/wp-json\/wp\/v2\/users\/1"}],"replies":[{"embeddable":true,"href":"https:\/\/www.arideon.cz\/de\/wp-json\/wp\/v2\/comments?post=1552"}],"version-history":[{"count":1,"href":"https:\/\/www.arideon.cz\/de\/wp-json\/wp\/v2\/pages\/1552\/revisions"}],"predecessor-version":[{"id":1553,"href":"https:\/\/www.arideon.cz\/de\/wp-json\/wp\/v2\/pages\/1552\/revisions\/1553"}],"up":[{"embeddable":true,"href":"https:\/\/www.arideon.cz\/de\/wp-json\/wp\/v2\/pages\/1540"}],"wp:attachment":[{"href":"https:\/\/www.arideon.cz\/de\/wp-json\/wp\/v2\/media?parent=1552"}],"curies":[{"name":"wp","href":"https:\/\/api.w.org\/{rel}","templated":true}]}}