{"id":1201,"date":"2019-03-10T20:36:12","date_gmt":"2019-03-10T19:36:12","guid":{"rendered":"https:\/\/www.arideon.cz\/property-management\/"},"modified":"2023-03-30T12:07:20","modified_gmt":"2023-03-30T10:07:20","slug":"property-management","status":"publish","type":"page","link":"https:\/\/www.arideon.cz\/en\/property-management\/","title":{"rendered":"Property management"},"content":{"rendered":"<!--themify_builder_content-->\n<div id=\"themify_builder_content-1201\" data-postid=\"1201\" class=\"themify_builder_content themify_builder_content-1201 themify_builder tf_clear\">\n    \t\t\t<!-- module_row -->\n\t<div  data-css_id=\"f2ebd88\" data-lazy=\"1\" class=\"module_row themify_builder_row fullwidth tb_f2ebd88 tb_first tf_w tf_clearfix\">\n\t    <div class=\"builder_row_cover tf_abs\"><\/div>\t\t\t<div class=\"row_inner col_align_top tb_col_count_1 tf_box tf_rel\">\n\t\t            <div  data-lazy=\"1\" class=\"module_column tb-column col-full tb_716c799 first\">\n                                                        <div class=\"tb-column-inner tf_box tf_w\">\n                        <!-- module text -->\n<div  class=\"module module-text tb_e2fcd09  repeat \" data-lazy=\"1\">\n        <div  class=\"tb_text_wrap\">\n    <p>Comprehensive property management.<\/p>    <\/div>\n<\/div>\n<!-- \/module text --><!-- module text -->\n<div  class=\"module module-text tb_a64fe6e  repeat \" data-lazy=\"1\">\n        <div  class=\"tb_text_wrap\">\n    <p>Professionalism and personal approach.<\/p>    <\/div>\n<\/div>\n<!-- \/module text -->                    <\/div>\n                            <\/div>\n            \t    <\/div>\n\t    <!-- \/row_inner -->\n\t<\/div>\n\t<!-- \/module_row -->\n\t\t\t\t<!-- module_row -->\n\t<div  data-lazy=\"1\" class=\"module_row themify_builder_row tb_tc27529 tf_w tf_clearfix\">\n\t    \t\t\t<div class=\"row_inner col_align_top tb_col_count_3 tf_box tf_rel\">\n\t\t            <div  data-lazy=\"1\" class=\"module_column tb-column col3-1 tb_ewfv531 first\">\n                                                        <div class=\"tb-column-inner tf_box tf_w\">\n                        <!-- module buttons -->\n<div  class=\"module module-buttons tb_vdzx70 buttons-horizontal solid  large circle\" data-lazy=\"1\">\n    \t<div class=\"module-buttons-item tf_inline_b\">\n\t\t\t\t\t\t\t<a href=\"https:\/\/www.arideon.cz\/en\/property-management\/portfolio-of-services\/\" class=\"ui builder_button tb_default_color\" >\n\t\t\t\t\t\t\t\t\t\t\t<span class=\"tf_inline_b tf_vmiddle\">Portfolio of services<\/span>\n\t\t\t\t\t\t\t\t\t\t\t<\/a>\n\t\t\t    \t<\/div>\n    <\/div>\n<!-- \/module buttons -->\n                    <\/div>\n                            <\/div>\n                        <div  data-lazy=\"1\" class=\"module_column tb-column col3-1 tb_34vh531\">\n                                                        <div class=\"tb-column-inner tf_box tf_w\">\n                        <!-- module buttons -->\n<div  class=\"module module-buttons tb_5g0s86 buttons-horizontal solid  large circle\" data-lazy=\"1\">\n    \t<div class=\"module-buttons-item tf_inline_b\">\n\t\t\t\t\t\t\t<a href=\"https:\/\/www.arideon.cz\/en\/reference\/\" class=\"ui builder_button tb_default_color\" >\n\t\t\t\t\t\t\t\t\t\t\t<span class=\"tf_inline_b tf_vmiddle\">Reference<\/span>\n\t\t\t\t\t\t\t\t\t\t\t<\/a>\n\t\t\t    \t<\/div>\n    <\/div>\n<!-- \/module buttons -->\n                    <\/div>\n                            <\/div>\n                        <div  data-lazy=\"1\" class=\"module_column tb-column col3-1 tb_b8xw531 last\">\n                                                        <div class=\"tb-column-inner tf_box tf_w\">\n                        <!-- module buttons -->\n<div  class=\"module module-buttons tb_gd4d667 buttons-horizontal solid  large circle\" data-lazy=\"1\">\n    \t<div class=\"module-buttons-item tf_inline_b\">\n\t\t\t\t\t\t\t<a href=\"https:\/\/www.arideon.cz\/en\/property-management\/contact-form\/\" class=\"ui builder_button tb_default_color\" >\n\t\t\t\t\t\t\t\t\t\t\t<span class=\"tf_inline_b tf_vmiddle\">Contact form<\/span>\n\t\t\t\t\t\t\t\t\t\t\t<\/a>\n\t\t\t    \t<\/div>\n    <\/div>\n<!-- \/module buttons -->\n                    <\/div>\n                            <\/div>\n            \t    <\/div>\n\t    <!-- \/row_inner -->\n\t<\/div>\n\t<!-- \/module_row -->\n\t\t\t\t<!-- module_row -->\n\t<div  data-lazy=\"1\" class=\"module_row themify_builder_row tb_09b711c tf_w tf_clearfix\">\n\t    \t\t\t<div class=\"row_inner col_align_top tb_col_count_1 tf_box tf_rel\">\n\t\t            <div  data-lazy=\"1\" class=\"module_column tb-column col-full tb_acf507c first\">\n                                                        <div class=\"tb-column-inner tf_box tf_w\">\n                        <!-- module text -->\n<div  class=\"module module-text tb_e213308  repeat \" data-lazy=\"1\">\n        <div  class=\"tb_text_wrap\">\n    <h1>Property management<\/h1>\n<h4>WHY ENTRUST THE MANAGEMENT OF YOUR PROPERTY TO US?<\/h4>\n<p>Ownership is binding, but it doesn\u2019t have to be \u2013 leave your home management concerns to us and we will take care of them to your satisfaction. We provide a complete service with minimal personal involvement of unit owners or co-op members. Our company has experts with more than twenty years of experience in the field of management of building societies, housing and owners associations. We offer these experts for comprehensive property management services. Our service offer is always tailor-made to the needs of your building societies, housing or owners associations, no matter how complex services you require.<\/p>\n<p><strong>We provide<\/strong><\/p>\n<ul>\n<li>Online management of building societies, housing and owners associations<\/li>\n<li>We provide 24\/7 emergency services<\/li>\n<li>We guarantee a flexible approach and open negotiations<\/li>\n<li>Real estate activity is a nature for us<\/li>\n<li>We can help you with specialized activities such as insurance, checking contracts, help with subsidies, choosing the most suitable energy supplier, protection against unfavorable contracts, protecting your property with a data box and more<\/li>\n<li>For office building type properties, we provide H&amp;S training for employees, security and all other requirements for this type of building.<\/li>\n<\/ul>\n<p>The professional services are carried out by people with appropriate training, excellent experience history and excellent references.<\/p>\n<p>The secondary services are carried out by employees with many years of experience in the field and enthusiasm for the work.<\/p>    <\/div>\n<\/div>\n<!-- \/module text -->                    <\/div>\n                            <\/div>\n            \t    <\/div>\n\t    <!-- \/row_inner -->\n\t<\/div>\n\t<!-- \/module_row -->\n\t\t\t\t<!-- module_row -->\n\t<div  data-lazy=\"1\" class=\"module_row themify_builder_row tb_05ddd29 tf_w tf_clearfix\">\n\t    \t\t\t<div class=\"row_inner col_align_top tb_col_count_1 tf_box tf_rel\">\n\t\t            <div  data-lazy=\"1\" class=\"module_column tb-column col-full tb_a299a28 first\">\n                                                        <div class=\"tb-column-inner tf_box tf_w\">\n                        <!-- module gallery -->\n<div  class=\"module gallery module-gallery tb_8c5547a layout-grid bordered  wow\" data-tf-animation=\"fadeIn\" data-lazy=\"1\">\n    <div class=\"module-gallery-grid gallery-columns-4 tf_clear\">\n\t\t\t<dl class=\"gallery-item\">\n\t\t\t<dt class=\"gallery-icon\">\n\t\t\t<a data-title=\"\" title=\"\" href=\"https:\/\/www.arideon.cz\/wp-content\/uploads\/2019\/03\/office-1209640_1920.jpg\" data-rel=\"tb_8c5547a\" class=\"themify_lightbox\"><img src=\"https:\/\/www.arideon.cz\/wp-content\/uploads\/2019\/03\/office-1209640_1920-1024x683-300x200.jpg\" width=\"300\" height=\"200\" class=\"wp-post-image wp-image-1112\" title=\"office-1209640_1920\" alt=\"office-1209640_1920\" srcset=\"https:\/\/www.arideon.cz\/wp-content\/uploads\/2019\/03\/office-1209640_1920-1024x683-300x200.jpg 300w, https:\/\/www.arideon.cz\/wp-content\/uploads\/2019\/03\/office-1209640_1920-768x512.jpg 768w, https:\/\/www.arideon.cz\/wp-content\/uploads\/2019\/03\/office-1209640_1920-1024x683.jpg 1024w, https:\/\/www.arideon.cz\/wp-content\/uploads\/2019\/03\/office-1209640_1920.jpg 1920w\" sizes=\"(max-width: 300px) 100vw, 300px\" \/><\/a>\t\t\t<\/dt>\n\t\t\t<dd>\n\t\t\t\t\t\t\t\t\t\t\t<\/dd>\n\t\t<\/dl>\n\t\t\t<dl class=\"gallery-item\">\n\t\t\t<dt class=\"gallery-icon\">\n\t\t\t<a data-title=\"\" title=\"\" href=\"https:\/\/www.arideon.cz\/wp-content\/uploads\/2019\/03\/lady-justice-2388500_1920.jpg\" data-rel=\"tb_8c5547a\" class=\"themify_lightbox\"><img src=\"https:\/\/www.arideon.cz\/wp-content\/uploads\/2019\/03\/lady-justice-2388500_1920-1024x767-300x200.jpg\" width=\"300\" height=\"200\" class=\"wp-post-image wp-image-1111\" title=\"lady-justice-2388500_1920\" alt=\"lady-justice-2388500_1920\"><\/a>\t\t\t<\/dt>\n\t\t\t<dd>\n\t\t\t\t\t\t\t\t\t\t\t<\/dd>\n\t\t<\/dl>\n\t\t\t<dl class=\"gallery-item\">\n\t\t\t<dt class=\"gallery-icon\">\n\t\t\t<a data-title=\"\" title=\"\" href=\"https:\/\/www.arideon.cz\/wp-content\/uploads\/2019\/03\/plumber-228010_1920.jpg\" data-rel=\"tb_8c5547a\" class=\"themify_lightbox\"><img src=\"https:\/\/www.arideon.cz\/wp-content\/uploads\/2019\/03\/plumber-228010_1920-1024x680-300x200.jpg\" width=\"300\" height=\"200\" class=\"wp-post-image wp-image-1114\" title=\"plumber-228010_1920\" alt=\"plumber-228010_1920\" srcset=\"https:\/\/www.arideon.cz\/wp-content\/uploads\/2019\/03\/plumber-228010_1920-1024x680-300x200.jpg 300w, https:\/\/www.arideon.cz\/wp-content\/uploads\/2019\/03\/plumber-228010_1920-768x510.jpg 768w, https:\/\/www.arideon.cz\/wp-content\/uploads\/2019\/03\/plumber-228010_1920-1024x680.jpg 1024w, https:\/\/www.arideon.cz\/wp-content\/uploads\/2019\/03\/plumber-228010_1920.jpg 1920w\" sizes=\"(max-width: 300px) 100vw, 300px\" \/><\/a>\t\t\t<\/dt>\n\t\t\t<dd>\n\t\t\t\t\t\t\t\t\t\t\t<\/dd>\n\t\t<\/dl>\n\t\t\t<dl class=\"gallery-item\">\n\t\t\t<dt class=\"gallery-icon\">\n\t\t\t<a data-title=\"\" title=\"\" href=\"https:\/\/www.arideon.cz\/wp-content\/uploads\/2019\/03\/calculator-1680905_1920.jpg\" data-rel=\"tb_8c5547a\" class=\"themify_lightbox\"><img src=\"https:\/\/www.arideon.cz\/wp-content\/uploads\/2019\/03\/calculator-1680905_1920-1024x683-300x200.jpg\" width=\"300\" height=\"200\" class=\"wp-post-image wp-image-1109\" title=\"calculator-1680905_1920\" alt=\"calculator-1680905_1920\" srcset=\"https:\/\/www.arideon.cz\/wp-content\/uploads\/2019\/03\/calculator-1680905_1920-1024x683-300x200.jpg 300w, https:\/\/www.arideon.cz\/wp-content\/uploads\/2019\/03\/calculator-1680905_1920-768x512.jpg 768w, https:\/\/www.arideon.cz\/wp-content\/uploads\/2019\/03\/calculator-1680905_1920-1024x683.jpg 1024w, https:\/\/www.arideon.cz\/wp-content\/uploads\/2019\/03\/calculator-1680905_1920.jpg 1920w\" sizes=\"(max-width: 300px) 100vw, 300px\" \/><\/a>\t\t\t<\/dt>\n\t\t\t<dd>\n\t\t\t\t\t\t\t\t\t\t\t<\/dd>\n\t\t<\/dl>\n\t<\/div>\n<\/div>\n<!-- \/module gallery -->                    <\/div>\n                            <\/div>\n            \t    <\/div>\n\t    <!-- \/row_inner -->\n\t<\/div>\n\t<!-- \/module_row -->\n\t<\/div>\n<!--\/themify_builder_content-->","protected":false},"excerpt":{"rendered":"<p>Komplexn\u00ed spr\u00e1va nemovitost\u00ed. Profesionalita a osobn\u00ed p\u0159\u00edstup. Portfolio slu\u017eeb Reference Kontaktn\u00ed formul\u00e1\u0159 Spr\u00e1va nemovitost\u00ed PRO\u010c SV\u011a\u0158IT SPR\u00c1VU VA\u0160\u00cd NEMOVITOSTI PR\u00c1V\u011a N\u00c1M? Vlastnictv\u00ed zavazuje, ale nemus\u00ed svazovat \u2013 p\u0159edejte n\u00e1m Va\u0161e starosti se spr\u00e1vou domu a my je vy\u0159e\u0161\u00edme k Va\u0161\u00ed spokojenosti. Zajist\u00edme kompletn\u00ed servis s minim\u00e1ln\u00ed osobn\u00ed \u00fa\u010dast\u00ed vlastn\u00edk\u016f jednotek nebo \u010dlen\u016f dru\u017estva. Na\u0161e spole\u010dnost [&hellip;]<\/p>\n","protected":false},"author":1,"featured_media":0,"parent":0,"menu_order":0,"comment_status":"closed","ping_status":"closed","template":"","meta":{"_mi_skip_tracking":false},"builder_content":"<p>Comprehensive property management.<\/p>\n<p>Professionalism and personal approach.<\/p>\n<a href=\"https:\/\/www.arideon.cz\/en\/property-management\/portfolio-of-services\/\" > Portfolio of services <\/a>\n<a href=\"https:\/\/www.arideon.cz\/en\/reference\/\" > Reference <\/a>\n<a href=\"https:\/\/www.arideon.cz\/en\/property-management\/contact-form\/\" > Contact form <\/a>\n<h1>Property management<\/h1> <h4>WHY ENTRUST THE MANAGEMENT OF YOUR PROPERTY TO US?<\/h4> <p>Ownership is binding, but it doesn\u2019t have to be \u2013 leave your home management concerns to us and we will take care of them to your satisfaction. We provide a complete service with minimal personal involvement of unit owners or co-op members. Our company has experts with more than twenty years of experience in the field of management of building societies, housing and owners associations. We offer these experts for comprehensive property management services. Our service offer is always tailor-made to the needs of your building societies, housing or owners associations, no matter how complex services you require.<\/p> <p><strong>We provide<\/strong><\/p> <ul> <li>Online management of building societies, housing and owners associations<\/li> <li>We provide 24\/7 emergency services<\/li> <li>We guarantee a flexible approach and open negotiations<\/li> <li>Real estate activity is a nature for us<\/li> <li>We can help you with specialized activities such as insurance, checking contracts, help with subsidies, choosing the most suitable energy supplier, protection against unfavorable contracts, protecting your property with a data box and more<\/li> <li>For office building type properties, we provide H&amp;S training for employees, security and all other requirements for this type of building.<\/li> <\/ul> <p>The professional services are carried out by people with appropriate training, excellent experience history and excellent references.<\/p> <p>The secondary services are carried out by employees with many years of experience in the field and enthusiasm for the work.<\/p>\n[gallery ids=\"514,513,516,511\"]","_links":{"self":[{"href":"https:\/\/www.arideon.cz\/en\/wp-json\/wp\/v2\/pages\/1201"}],"collection":[{"href":"https:\/\/www.arideon.cz\/en\/wp-json\/wp\/v2\/pages"}],"about":[{"href":"https:\/\/www.arideon.cz\/en\/wp-json\/wp\/v2\/types\/page"}],"author":[{"embeddable":true,"href":"https:\/\/www.arideon.cz\/en\/wp-json\/wp\/v2\/users\/1"}],"replies":[{"embeddable":true,"href":"https:\/\/www.arideon.cz\/en\/wp-json\/wp\/v2\/comments?post=1201"}],"version-history":[{"count":15,"href":"https:\/\/www.arideon.cz\/en\/wp-json\/wp\/v2\/pages\/1201\/revisions"}],"predecessor-version":[{"id":1442,"href":"https:\/\/www.arideon.cz\/en\/wp-json\/wp\/v2\/pages\/1201\/revisions\/1442"}],"wp:attachment":[{"href":"https:\/\/www.arideon.cz\/en\/wp-json\/wp\/v2\/media?parent=1201"}],"curies":[{"name":"wp","href":"https:\/\/api.w.org\/{rel}","templated":true}]}}