{"id":1226,"date":"2019-03-17T13:03:34","date_gmt":"2019-03-17T12:03:34","guid":{"rendered":"https:\/\/www.arideon.cz\/high-rise-work\/"},"modified":"2023-03-30T12:40:18","modified_gmt":"2023-03-30T10:40:18","slug":"high-rise-work","status":"publish","type":"page","link":"https:\/\/www.arideon.cz\/en\/companies\/high-rise-work\/","title":{"rendered":"High-rise work"},"content":{"rendered":"<!--themify_builder_content-->\n<div id=\"themify_builder_content-1226\" data-postid=\"1226\" class=\"themify_builder_content themify_builder_content-1226 themify_builder tf_clear\">\n    \t\t\t<!-- module_row -->\n\t<div  data-css_id=\"f2ebd88\" data-lazy=\"1\" class=\"module_row themify_builder_row fullwidth tb_f2ebd88 tb_first tf_w tf_clearfix\">\n\t    <div class=\"builder_row_cover tf_abs\"><\/div>\t\t\t<div class=\"row_inner col_align_top tb_col_count_1 tf_box tf_rel\">\n\t\t            <div  data-lazy=\"1\" class=\"module_column tb-column col-full tb_716c799 first\">\n                                                        <div class=\"tb-column-inner tf_box tf_w\">\n                        <!-- module text -->\n<div  class=\"module module-text tb_e2fcd09  repeat \" data-lazy=\"1\">\n        <div  class=\"tb_text_wrap\">\n    <p>Professional services,<\/p>    <\/div>\n<\/div>\n<!-- \/module text --><!-- module text -->\n<div  class=\"module module-text tb_a64fe6e  repeat \" data-lazy=\"1\">\n        <div  class=\"tb_text_wrap\">\n    <p>professional equipment.<\/p>    <\/div>\n<\/div>\n<!-- \/module text -->                    <\/div>\n                            <\/div>\n            \t    <\/div>\n\t    <!-- \/row_inner -->\n\t<\/div>\n\t<!-- \/module_row -->\n\t\t\t\t<!-- module_row -->\n\t<div  data-lazy=\"1\" class=\"module_row themify_builder_row tb_09b711c tf_w tf_clearfix\">\n\t    \t\t\t<div class=\"row_inner col_align_top tb_col_count_1 tf_box tf_rel\">\n\t\t            <div  data-lazy=\"1\" class=\"module_column tb-column col-full tb_acf507c first\">\n                                                        <div class=\"tb-column-inner tf_box tf_w\">\n                        <!-- module text -->\n<div  class=\"module module-text tb_e213308  repeat \" data-lazy=\"1\">\n        <div  class=\"tb_text_wrap\">\n    <h1>Work at heights<\/h1>\n<ul>\n<li>We also provide works at heights which includes cleaning of fa\u00e7ades, windows, external blinds, flood lights, as well as internal cleaning \u2013 in example chandeliers.<\/li>\n<li>Depending on the circumstances we use both methods \u2013 climbing or platforms<\/li>\n<li>Prices are individual and do subject to a location and expectations assessment.<\/li>\n<\/ul>    <\/div>\n<\/div>\n<!-- \/module text -->                    <\/div>\n                            <\/div>\n            \t    <\/div>\n\t    <!-- \/row_inner -->\n\t<\/div>\n\t<!-- \/module_row -->\n\t\t\t\t<!-- module_row -->\n\t<div  data-lazy=\"1\" class=\"module_row themify_builder_row tb_05ddd29 tf_w tf_clearfix\">\n\t    \t\t\t<div class=\"row_inner col_align_top tb_col_count_1 tf_box tf_rel\">\n\t\t            <div  data-lazy=\"1\" class=\"module_column tb-column col-full tb_a299a28 first\">\n                                                        <div class=\"tb-column-inner tf_box tf_w\">\n                        <!-- module gallery -->\n<div  class=\"module gallery module-gallery tb_8c5547a layout-grid bordered  wow\" data-tf-animation=\"fadeIn\" data-lazy=\"1\">\n    <div class=\"module-gallery-grid gallery-columns-4 tf_clear\">\n\t\t\t<dl class=\"gallery-item\">\n\t\t\t<dt class=\"gallery-icon\">\n\t\t\t<a data-title=\"\" title=\"\" href=\"https:\/\/www.arideon.cz\/wp-content\/uploads\/2019\/03\/cleaning-735271_1920.jpg\" data-rel=\"tb_8c5547a\" class=\"themify_lightbox\"><img src=\"https:\/\/www.arideon.cz\/wp-content\/uploads\/2019\/03\/cleaning-735271_1920-1024x768-300x200.jpg\" width=\"300\" height=\"200\" class=\"wp-post-image wp-image-1121\" title=\"cleaning-735271_1920\" alt=\"cleaning-735271_1920\"><\/a>\t\t\t<\/dt>\n\t\t\t<dd>\n\t\t\t\t\t\t\t\t\t\t\t<\/dd>\n\t\t<\/dl>\n\t\t\t<dl class=\"gallery-item\">\n\t\t\t<dt class=\"gallery-icon\">\n\t\t\t<a data-title=\"\" title=\"\" href=\"https:\/\/www.arideon.cz\/wp-content\/uploads\/2019\/03\/window-cleaners-943047_1920.jpg\" data-rel=\"tb_8c5547a\" class=\"themify_lightbox\"><img src=\"https:\/\/www.arideon.cz\/wp-content\/uploads\/2019\/03\/window-cleaners-943047_1920-1024x768-300x200.jpg\" width=\"300\" height=\"200\" class=\"wp-post-image wp-image-1122\" title=\"window-cleaners-943047_1920\" alt=\"window-cleaners-943047_1920\"><\/a>\t\t\t<\/dt>\n\t\t\t<dd>\n\t\t\t\t\t\t\t\t\t\t\t<\/dd>\n\t\t<\/dl>\n\t\t\t<dl class=\"gallery-item\">\n\t\t\t<dt class=\"gallery-icon\">\n\t\t\t<a data-title=\"\" title=\"\" href=\"https:\/\/www.arideon.cz\/wp-content\/uploads\/2019\/03\/glass-facade-817732_1920.jpg\" data-rel=\"tb_8c5547a\" class=\"themify_lightbox\"><img src=\"https:\/\/www.arideon.cz\/wp-content\/uploads\/2019\/03\/glass-facade-817732_1920-1024x680-300x200.jpg\" width=\"300\" height=\"200\" class=\"wp-post-image wp-image-1119\" title=\"glass-facade-817732_1920\" alt=\"glass-facade-817732_1920\" srcset=\"https:\/\/www.arideon.cz\/wp-content\/uploads\/2019\/03\/glass-facade-817732_1920-1024x680-300x200.jpg 300w, https:\/\/www.arideon.cz\/wp-content\/uploads\/2019\/03\/glass-facade-817732_1920-768x510.jpg 768w, https:\/\/www.arideon.cz\/wp-content\/uploads\/2019\/03\/glass-facade-817732_1920-1024x680.jpg 1024w, https:\/\/www.arideon.cz\/wp-content\/uploads\/2019\/03\/glass-facade-817732_1920.jpg 1920w\" sizes=\"(max-width: 300px) 100vw, 300px\" \/><\/a>\t\t\t<\/dt>\n\t\t\t<dd>\n\t\t\t\t\t\t\t\t\t\t\t<\/dd>\n\t\t<\/dl>\n\t\t\t<dl class=\"gallery-item\">\n\t\t\t<dt class=\"gallery-icon\">\n\t\t\t<a data-title=\"\" title=\"\" href=\"https:\/\/www.arideon.cz\/wp-content\/uploads\/2019\/03\/architecture-2256489_1920.jpg\" data-rel=\"tb_8c5547a\" class=\"themify_lightbox\"><img src=\"https:\/\/www.arideon.cz\/wp-content\/uploads\/2019\/03\/architecture-2256489_1920-1024x683-300x200.jpg\" width=\"300\" height=\"200\" class=\"wp-post-image wp-image-1104\" title=\"architecture-2256489_1920\" alt=\"architecture-2256489_1920\" srcset=\"https:\/\/www.arideon.cz\/wp-content\/uploads\/2019\/03\/architecture-2256489_1920-1024x683-300x200.jpg 300w, https:\/\/www.arideon.cz\/wp-content\/uploads\/2019\/03\/architecture-2256489_1920-768x512.jpg 768w, https:\/\/www.arideon.cz\/wp-content\/uploads\/2019\/03\/architecture-2256489_1920-1024x683.jpg 1024w, https:\/\/www.arideon.cz\/wp-content\/uploads\/2019\/03\/architecture-2256489_1920.jpg 1920w\" sizes=\"(max-width: 300px) 100vw, 300px\" \/><\/a>\t\t\t<\/dt>\n\t\t\t<dd>\n\t\t\t\t\t\t\t\t\t\t\t<\/dd>\n\t\t<\/dl>\n\t<\/div>\n<\/div>\n<!-- \/module gallery -->                    <\/div>\n                            <\/div>\n            \t    <\/div>\n\t    <!-- \/row_inner -->\n\t<\/div>\n\t<!-- \/module_row -->\n\t<\/div>\n<!--\/themify_builder_content-->","protected":false},"excerpt":{"rendered":"<p>Profesion\u00e1ln\u00ed slu\u017eby, profesion\u00e1ln\u00ed technika. V\u00fd\u0161kov\u00e9 pr\u00e1ce V\u00e1\u017een\u00ed z\u00e1kazn\u00edci, prov\u00e1d\u00edme rovn\u011b\u017e specializovan\u00e9 pr\u00e1ce,\u00a0 kam se \u0159ad\u00ed i pr\u00e1ce v\u00fd\u0161kov\u00e9. Jedn\u00e1 se mimo jin\u00e9 o myt\u00ed fas\u00e1d, v\u00fd\u0161kov\u00e9 myt\u00ed \u0161patn\u011b p\u0159\u00edstupn\u00fdch oken, venkovn\u00edch \u017ealuzi\u00ed, sv\u011btl\u00edk\u016f a jin\u00fdch objekt\u016f. Pat\u0159\u00ed sem nap\u0159. i myt\u00ed lustr\u016f v prostor\u00e1ch, kde jsou vysok\u00e9 stropy a lustry vis\u00ed ve v\u00fd\u0161ce n\u011bkolik des\u00edtek [&hellip;]<\/p>\n","protected":false},"author":1,"featured_media":0,"parent":1313,"menu_order":0,"comment_status":"closed","ping_status":"closed","template":"","meta":{"_mi_skip_tracking":false},"builder_content":"<p>Professional services,<\/p>\n<p>professional equipment.<\/p>\n<h1>Work at heights<\/h1> <ul> <li>We also provide works at heights which includes cleaning of fa\u00e7ades, windows, external blinds, flood lights, as well as internal cleaning \u2013 in example chandeliers.<\/li> <li>Depending on the circumstances we use both methods \u2013 climbing or platforms<\/li> <li>Prices are individual and do subject to a location and expectations assessment.<\/li> <\/ul>\n[gallery ids=\"550,551,548,486\"]","_links":{"self":[{"href":"https:\/\/www.arideon.cz\/en\/wp-json\/wp\/v2\/pages\/1226"}],"collection":[{"href":"https:\/\/www.arideon.cz\/en\/wp-json\/wp\/v2\/pages"}],"about":[{"href":"https:\/\/www.arideon.cz\/en\/wp-json\/wp\/v2\/types\/page"}],"author":[{"embeddable":true,"href":"https:\/\/www.arideon.cz\/en\/wp-json\/wp\/v2\/users\/1"}],"replies":[{"embeddable":true,"href":"https:\/\/www.arideon.cz\/en\/wp-json\/wp\/v2\/comments?post=1226"}],"version-history":[{"count":4,"href":"https:\/\/www.arideon.cz\/en\/wp-json\/wp\/v2\/pages\/1226\/revisions"}],"predecessor-version":[{"id":1450,"href":"https:\/\/www.arideon.cz\/en\/wp-json\/wp\/v2\/pages\/1226\/revisions\/1450"}],"up":[{"embeddable":true,"href":"https:\/\/www.arideon.cz\/en\/wp-json\/wp\/v2\/pages\/1313"}],"wp:attachment":[{"href":"https:\/\/www.arideon.cz\/en\/wp-json\/wp\/v2\/media?parent=1226"}],"curies":[{"name":"wp","href":"https:\/\/api.w.org\/{rel}","templated":true}]}}