{"id":1227,"date":"2020-10-13T21:49:24","date_gmt":"2020-10-13T19:49:24","guid":{"rendered":"https:\/\/www.arideon.cz\/property-management\/contact-form\/"},"modified":"2023-03-30T16:24:13","modified_gmt":"2023-03-30T14:24:13","slug":"contact-form","status":"publish","type":"page","link":"https:\/\/www.arideon.cz\/en\/property-management\/contact-form\/","title":{"rendered":"Contact form"},"content":{"rendered":"<!--themify_builder_content-->\n<div id=\"themify_builder_content-1227\" data-postid=\"1227\" class=\"themify_builder_content themify_builder_content-1227 themify_builder tf_clear\">\n    \t\t\t<!-- module_row -->\n\t<div  data-lazy=\"1\" class=\"module_row themify_builder_row tb_reiw254 tb_first tf_w tf_clearfix\">\n\t    \t\t\t<div class=\"row_inner col_align_top tb_col_count_1 tf_box tf_rel\">\n\t\t            <div  data-lazy=\"1\" class=\"module_column tb-column col-full tb_0l9o254 first\">\n                                                        <div class=\"tb-column-inner tf_box tf_w\">\n                        <!-- module text -->\n<div  class=\"module module-text tb_rosz114   \" data-lazy=\"1\">\n        <div  class=\"tb_text_wrap\">\n    <h1>Contact form<\/h1>    <\/div>\n<\/div>\n<!-- \/module text --><!-- module contact -->\n<div  id=\"tb_pkiy883\" class=\"module module-contact tb_pkiy883 contact-style1 \" data-lazy=\"1\">\n    \n\t<form class=\"builder-contact\"\n\t\tid=\"tb_pkiy883-form\"\n\t\tmethod=\"post\"\n\t\tdata-post-id=\"1227\"\n\t\tdata-element-id=\"pkiy883\"\n\t\tdata-orig-id=\"1227\"\n\t>\n    <div class=\"contact-message\"><\/div>\n\t<div class=\"builder-contact-fields tf_rel\">\n\t\t    \t\t    <div class=\"builder-contact-field builder-contact-field-name builder-contact-text-field\">\n\t\t\t    <label class=\"control-label\" for=\"tb_pkiy883-contact-name\">\n\t\t\t\t\t\t\t\t\t\t<span class=\"tb-label-span\">Your name and surname <\/span>\t\t\t\t<\/label>\n\t\t\t    <div class=\"control-input tf_rel\">\n\t\t\t\t    \t\t\t\t\t    <input type=\"text\" name=\"contact-name\" placeholder=\"\" id=\"tb_pkiy883-contact-name\" value=\"\" class=\"form-control\" >\n\t\t\t\t    \t\t\t\t    \t\t\t    <\/div>\n\t\t<\/div>\n\t    \n\t\t    \t\t    <div class=\"builder-contact-field builder-contact-field-email builder-contact-text-field\">\n\t\t\t    <label class=\"control-label\" for=\"tb_pkiy883-contact-email\">\n\t\t\t\t\t\t\t\t\t\t<span class=\"tb-label-span\">Your e-mail <\/span>\t\t\t\t<\/label>\n\t\t\t    <div class=\"control-input tf_rel\">\n\t\t\t\t    \t\t\t\t\t    <input type=\"email\" name=\"contact-email\" placeholder=\"\" id=\"tb_pkiy883-contact-email\" value=\"\" class=\"form-control\" >\n\t\t\t\t    \t\t\t\t    \t\t\t    <\/div>\n\t\t<\/div>\n\t    \n\t\t    \t\t    \t\t    <div class=\"builder-contact-field builder-contact-field-extra builder-contact-text-field\">\n\t\t\t\t\n\t\t\t\t<label class=\"control-label\" for=\"field_extra_tb_pkiy883_0\">\n\t\t\t\t\t\n\t\t\t\t\tYour phone\t\t\t\t\t\t\t\t\t\t\t<input type=\"hidden\" name=\"field_extra_name_0\" value=\"Your phone\">\n\t\t\t\t\t\t\t\t\t<\/label>\n\t\t\t\t<div class=\"control-input tf_rel\">\n\t\t\t\t\t\t\t\t\t\t\t<input type=\"text\" name=\"field_extra_0\" id=\"field_extra_tb_pkiy883_0\" placeholder=\"\" class=\"form-control\">\n\t\t\t\t\t\n\t\t\t\t\t\t\t\t\t<\/div>\n\t\t    <\/div>\n\t    \n\t\t    \t\t    \t\t    <div class=\"builder-contact-field builder-contact-field-extra builder-contact-text-field\">\n\t\t\t\t\n\t\t\t\t<label class=\"control-label\" for=\"field_extra_tb_pkiy883_1\">\n\t\t\t\t\t\n\t\t\t\t\tAdress\t\t\t\t\t\t\t\t\t\t\t<input type=\"hidden\" name=\"field_extra_name_1\" value=\"Adress\">\n\t\t\t\t\t\t\t\t\t<\/label>\n\t\t\t\t<div class=\"control-input tf_rel\">\n\t\t\t\t\t\t\t\t\t\t\t<input type=\"text\" name=\"field_extra_1\" id=\"field_extra_tb_pkiy883_1\" placeholder=\"\" class=\"form-control\">\n\t\t\t\t\t\n\t\t\t\t\t\t\t\t\t<\/div>\n\t\t    <\/div>\n\t    \n\t\t    \t\t    \t\t    <div class=\"builder-contact-field builder-contact-field-extra builder-contact-radio-field\">\n\t\t\t\t\n\t\t\t\t<label class=\"control-label\" for=\"field_extra_tb_pkiy883_2\">\n\t\t\t\t\t\n\t\t\t\t\tType\t\t\t\t\t\t\t\t\t\t\t<input type=\"hidden\" name=\"field_extra_name_2\" value=\"Type\">\n\t\t\t\t\t\t\t\t\t<\/label>\n\t\t\t\t<div class=\"control-input tf_rel\">\n\t\t\t\t\t\t\t\t\t\t\t\t\t\t\t\t\t\t\t\t\t\t\t\t\t\t<label>\n\t\t\t\t\t\t\t\t\t<input type=\"radio\" name=\"field_extra_2\" value=\"building societies\" class=\"form-control\">building societies\t\t\t\t\t\t\t\t<\/label>\n\t\t\t\t\t\t\t\t\t\t\t\t\t\t\t<label>\n\t\t\t\t\t\t\t\t\t<input type=\"radio\" name=\"field_extra_2\" value=\"housing associations\" class=\"form-control\">housing associations\t\t\t\t\t\t\t\t<\/label>\n\t\t\t\t\t\t\t\t\t\t\t\t\t\t\t<label>\n\t\t\t\t\t\t\t\t\t<input type=\"radio\" name=\"field_extra_2\" value=\"owners associations\" class=\"form-control\">owners associations\t\t\t\t\t\t\t\t<\/label>\n\t\t\t\t\t\t\t\t\t\t\t\t\t\t\t\t\t\t\n\t\t\t\t\t\t\t\t\t<\/div>\n\t\t    <\/div>\n\t    \n\t\t    \t\t    \t\t    <div class=\"builder-contact-field builder-contact-field-extra builder-contact-text-field\">\n\t\t\t\t\n\t\t\t\t<label class=\"control-label\" for=\"field_extra_tb_pkiy883_3\">\n\t\t\t\t\t\n\t\t\t\t\tNumber of flats\t\t\t\t\t\t\t\t\t\t\t<input type=\"hidden\" name=\"field_extra_name_3\" value=\"Number of flats\">\n\t\t\t\t\t\t\t\t\t<\/label>\n\t\t\t\t<div class=\"control-input tf_rel\">\n\t\t\t\t\t\t\t\t\t\t\t<input type=\"text\" name=\"field_extra_3\" id=\"field_extra_tb_pkiy883_3\" placeholder=\"\" class=\"form-control\">\n\t\t\t\t\t\n\t\t\t\t\t\t\t\t\t<\/div>\n\t\t    <\/div>\n\t    \n\t\t    \t\t    \t\t    <div class=\"builder-contact-field builder-contact-field-extra builder-contact-text-field\">\n\t\t\t\t\n\t\t\t\t<label class=\"control-label\" for=\"field_extra_tb_pkiy883_4\">\n\t\t\t\t\t\n\t\t\t\t\tNumber of non-flats\t\t\t\t\t\t\t\t\t\t\t<input type=\"hidden\" name=\"field_extra_name_4\" value=\"Number of non-flats\">\n\t\t\t\t\t\t\t\t\t<\/label>\n\t\t\t\t<div class=\"control-input tf_rel\">\n\t\t\t\t\t\t\t\t\t\t\t<input type=\"text\" name=\"field_extra_4\" id=\"field_extra_tb_pkiy883_4\" placeholder=\"\" class=\"form-control\">\n\t\t\t\t\t\n\t\t\t\t\t\t\t\t\t<\/div>\n\t\t    <\/div>\n\t    \n\t\t    \t\t    \t\t    <div class=\"builder-contact-field builder-contact-field-extra builder-contact-text-field\">\n\t\t\t\t\n\t\t\t\t<label class=\"control-label\" for=\"field_extra_tb_pkiy883_5\">\n\t\t\t\t\t\n\t\t\t\t\tNumber of floors\t\t\t\t\t\t\t\t\t\t\t<input type=\"hidden\" name=\"field_extra_name_5\" value=\"Number of floors\">\n\t\t\t\t\t\t\t\t\t<\/label>\n\t\t\t\t<div class=\"control-input tf_rel\">\n\t\t\t\t\t\t\t\t\t\t\t<input type=\"text\" name=\"field_extra_5\" id=\"field_extra_tb_pkiy883_5\" placeholder=\"\" class=\"form-control\">\n\t\t\t\t\t\n\t\t\t\t\t\t\t\t\t<\/div>\n\t\t    <\/div>\n\t    \n\t\t    \t\t    \t\t    <div class=\"builder-contact-field builder-contact-field-extra builder-contact-radio-field\">\n\t\t\t\t\n\t\t\t\t<label class=\"control-label\" for=\"field_extra_tb_pkiy883_6\">\n\t\t\t\t\t\n\t\t\t\t\tGarage\t\t\t\t\t\t\t\t\t\t\t<input type=\"hidden\" name=\"field_extra_name_6\" value=\"Garage\">\n\t\t\t\t\t\t\t\t\t<\/label>\n\t\t\t\t<div class=\"control-input tf_rel\">\n\t\t\t\t\t\t\t\t\t\t\t\t\t\t\t\t\t\t\t\t\t\t\t\t\t\t<label>\n\t\t\t\t\t\t\t\t\t<input type=\"radio\" name=\"field_extra_6\" value=\"yes\" class=\"form-control\">yes\t\t\t\t\t\t\t\t<\/label>\n\t\t\t\t\t\t\t\t\t\t\t\t\t\t\t<label>\n\t\t\t\t\t\t\t\t\t<input type=\"radio\" name=\"field_extra_6\" value=\"no\" class=\"form-control\">no\t\t\t\t\t\t\t\t<\/label>\n\t\t\t\t\t\t\t\t\t\t\t\t\t\t\t\t\t\t\n\t\t\t\t\t\t\t\t\t<\/div>\n\t\t    <\/div>\n\t    \n\t\t    \t\t    \t\t    <div class=\"builder-contact-field builder-contact-field-extra builder-contact-radio-field\">\n\t\t\t\t\n\t\t\t\t<label class=\"control-label\" for=\"field_extra_tb_pkiy883_7\">\n\t\t\t\t\t\n\t\t\t\t\tLift\t\t\t\t\t\t\t\t\t\t\t<input type=\"hidden\" name=\"field_extra_name_7\" value=\"Lift\">\n\t\t\t\t\t\t\t\t\t<\/label>\n\t\t\t\t<div class=\"control-input tf_rel\">\n\t\t\t\t\t\t\t\t\t\t\t\t\t\t\t\t\t\t\t\t\t\t\t\t\t\t<label>\n\t\t\t\t\t\t\t\t\t<input type=\"radio\" name=\"field_extra_7\" value=\"yes\" class=\"form-control\">yes\t\t\t\t\t\t\t\t<\/label>\n\t\t\t\t\t\t\t\t\t\t\t\t\t\t\t<label>\n\t\t\t\t\t\t\t\t\t<input type=\"radio\" name=\"field_extra_7\" value=\"no\" class=\"form-control\">no\t\t\t\t\t\t\t\t<\/label>\n\t\t\t\t\t\t\t\t\t\t\t\t\t\t\t\t\t\t\n\t\t\t\t\t\t\t\t\t<\/div>\n\t\t    <\/div>\n\t    \n\t\t    \t\t    \t\t    <div class=\"builder-contact-field builder-contact-field-extra builder-contact-textarea-field\">\n\t\t\t\t\n\t\t\t\t<label class=\"control-label\" for=\"field_extra_tb_pkiy883_8\">\n\t\t\t\t\t\n\t\t\t\t\tOther question\t\t\t\t\t\t\t\t\t\t\t<input type=\"hidden\" name=\"field_extra_name_8\" value=\"Other question\">\n\t\t\t\t\t\t\t\t\t<\/label>\n\t\t\t\t<div class=\"control-input tf_rel\">\n\t\t\t\t\t\t\t\t\t\t\t<textarea name=\"field_extra_8\" id=\"field_extra_tb_pkiy883_8\" placeholder=\"\" class=\"form-control\"><\/textarea>\n\t\t\t\t\t\n\t\t\t\t\t\t\t\t\t<\/div>\n\t\t    <\/div>\n\t    \n\t\t    \n\t\t\n\t\t\t\t\t<div class=\"builder-contact-field builder-contact-field-gdpr\">\n\t\t\t\t<div class=\"control-label\">\n\t\t\t\t\t<div class=\"control-input tf_rel\">\n\t\t\t\t\t\t<label class=\"field-gdpr\">\n\t\t\t\t\t\t\t<input type=\"checkbox\" name=\"gdpr\" value=\"1\" required>\n\t\t\t\t\t\t\t<span>I agree that the data entered by me will be processed in accordance with the <a href=\"https:\/\/www.arideon.cz\/gdpr\/\">GDPR<\/a>.<\/span>\n\t\t\t\t\t\t\t<span class=\"required\">*<\/span>\n\t\t\t\t\t\t<\/label>\n\t\t\t\t\t<\/div>\n\t\t\t\t<\/div>\n\t\t\t<\/div>\n\t\t\n\t    \t    <div class=\"builder-contact-field builder-contact-field-send control-input tf_textl tf_clear tf_rel\">\n\t\t\t<button type=\"submit\" class=\"btn btn-primary\">\n\t\t\t\t<span class=\"tf_loader\"><\/span>\t\t\t\t<span class=\"tf_submit_icon\"><\/span> \n\t\t\t\tSend to\t\t\t<\/button>\n\t    <\/div>\n\t<\/div>\n    <\/form>\n\n    <\/div>\n<!-- \/module contact -->\n                    <\/div>\n                            <\/div>\n            \t    <\/div>\n\t    <!-- \/row_inner -->\n\t<\/div>\n\t<!-- \/module_row -->\n\t<\/div>\n<!--\/themify_builder_content-->","protected":false},"excerpt":{"rendered":"<p>Kontaktn\u00ed formul\u00e1\u0159 Va\u0161e jm\u00e9no a p\u0159\u00edjmen\u00ed V\u00e1\u0161 e-mail V\u00e1\u0161 telefon Adresa nemovitosti Typ SVJ BD Vlastn\u00edk Po\u010det bytov\u00fdch jednotek Po\u010det nebytov\u00fdch jednotek Po\u010det pater Gar\u00e1\u017e Ano Ne V\u00fdtah Ano Ne P\u0159\u00edpadn\u00fd dotaz Souhlas\u00edm, aby mnou zadan\u00e1 data byla zpracov\u00e1na v souladu s GDPR. * Odeslat<\/p>\n","protected":false},"author":1,"featured_media":0,"parent":1201,"menu_order":3,"comment_status":"closed","ping_status":"closed","template":"","meta":{"_mi_skip_tracking":false},"builder_content":"<h1>Contact form<\/h1>\n<form id=\"tb_pkiy883-form\" method=\"post\" data-post-id=\"0\" data-element-id=\"pkiy883\" data-orig-id=\"1227\" > <label for=\"tb_pkiy883-contact-name\"> Your name and surname <\/label> <input type=\"text\" name=\"contact-name\" placeholder=\"\" id=\"tb_pkiy883-contact-name\" value=\"\" > <label for=\"tb_pkiy883-contact-email\"> Your e-mail <\/label> <input type=\"email\" name=\"contact-email\" placeholder=\"\" id=\"tb_pkiy883-contact-email\" value=\"\" > <label for=\"field_extra_tb_pkiy883_0\"> Your phone <input type=\"hidden\" name=\"field_extra_name_0\" value=\"Your phone\"> <\/label> <input type=\"text\" name=\"field_extra_0\" id=\"field_extra_tb_pkiy883_0\" placeholder=\"\"> <label for=\"field_extra_tb_pkiy883_1\"> Adress <input type=\"hidden\" name=\"field_extra_name_1\" value=\"Adress\"> <\/label> <input type=\"text\" name=\"field_extra_1\" id=\"field_extra_tb_pkiy883_1\" placeholder=\"\"> <label for=\"field_extra_tb_pkiy883_2\"> Type <input type=\"hidden\" name=\"field_extra_name_2\" value=\"Type\"> <\/label> <label> <input type=\"radio\" name=\"field_extra_2\" value=\"building societies\">building societies <\/label> <label> <input type=\"radio\" name=\"field_extra_2\" value=\"housing associations\">housing associations <\/label> <label> <input type=\"radio\" name=\"field_extra_2\" value=\"owners associations\">owners associations <\/label> <label for=\"field_extra_tb_pkiy883_3\"> Number of flats <input type=\"hidden\" name=\"field_extra_name_3\" value=\"Number of flats\"> <\/label> <input type=\"text\" name=\"field_extra_3\" id=\"field_extra_tb_pkiy883_3\" placeholder=\"\"> <label for=\"field_extra_tb_pkiy883_4\"> Number of non-flats <input type=\"hidden\" name=\"field_extra_name_4\" value=\"Number of non-flats\"> <\/label> <input type=\"text\" name=\"field_extra_4\" id=\"field_extra_tb_pkiy883_4\" placeholder=\"\"> <label for=\"field_extra_tb_pkiy883_5\"> Number of floors <input type=\"hidden\" name=\"field_extra_name_5\" value=\"Number of floors\"> <\/label> <input type=\"text\" name=\"field_extra_5\" id=\"field_extra_tb_pkiy883_5\" placeholder=\"\"> <label for=\"field_extra_tb_pkiy883_6\"> Garage <input type=\"hidden\" name=\"field_extra_name_6\" value=\"Garage\"> <\/label> <label> <input type=\"radio\" name=\"field_extra_6\" value=\"yes\">yes <\/label> <label> <input type=\"radio\" name=\"field_extra_6\" value=\"no\">no <\/label> <label for=\"field_extra_tb_pkiy883_7\"> Lift <input type=\"hidden\" name=\"field_extra_name_7\" value=\"Lift\"> <\/label> <label> <input type=\"radio\" name=\"field_extra_7\" value=\"yes\">yes <\/label> <label> <input type=\"radio\" name=\"field_extra_7\" value=\"no\">no <\/label> <label for=\"field_extra_tb_pkiy883_8\"> Other question <input type=\"hidden\" name=\"field_extra_name_8\" value=\"Other question\"> <\/label> <textarea name=\"field_extra_8\" id=\"field_extra_tb_pkiy883_8\" placeholder=\"\"><\/textarea> <label> <input type=\"checkbox\" name=\"gdpr\" value=\"1\" required> I agree that the data entered by me will be processed in accordance with the <a href=\"https:\/\/www.arideon.cz\/gdpr\/\">GDPR<\/a>. * <\/label> <button type=\"submit\"> Send to <\/button> <\/form>","_links":{"self":[{"href":"https:\/\/www.arideon.cz\/en\/wp-json\/wp\/v2\/pages\/1227"}],"collection":[{"href":"https:\/\/www.arideon.cz\/en\/wp-json\/wp\/v2\/pages"}],"about":[{"href":"https:\/\/www.arideon.cz\/en\/wp-json\/wp\/v2\/types\/page"}],"author":[{"embeddable":true,"href":"https:\/\/www.arideon.cz\/en\/wp-json\/wp\/v2\/users\/1"}],"replies":[{"embeddable":true,"href":"https:\/\/www.arideon.cz\/en\/wp-json\/wp\/v2\/comments?post=1227"}],"version-history":[{"count":5,"href":"https:\/\/www.arideon.cz\/en\/wp-json\/wp\/v2\/pages\/1227\/revisions"}],"predecessor-version":[{"id":1466,"href":"https:\/\/www.arideon.cz\/en\/wp-json\/wp\/v2\/pages\/1227\/revisions\/1466"}],"up":[{"embeddable":true,"href":"https:\/\/www.arideon.cz\/en\/wp-json\/wp\/v2\/pages\/1201"}],"wp:attachment":[{"href":"https:\/\/www.arideon.cz\/en\/wp-json\/wp\/v2\/media?parent=1227"}],"curies":[{"name":"wp","href":"https:\/\/api.w.org\/{rel}","templated":true}]}}