{"id":1254,"date":"2019-03-10T20:41:36","date_gmt":"2019-03-10T19:41:36","guid":{"rendered":"https:\/\/www.arideon.cz\/gardening-services\/"},"modified":"2023-03-20T16:51:08","modified_gmt":"2023-03-20T15:51:08","slug":"gardening-services","status":"publish","type":"page","link":"https:\/\/www.arideon.cz\/en\/households\/gardening-services\/","title":{"rendered":"Gardening services"},"content":{"rendered":"<!--themify_builder_content-->\n<div id=\"themify_builder_content-1254\" data-postid=\"1254\" class=\"themify_builder_content themify_builder_content-1254 themify_builder tf_clear\">\n    \t\t\t<!-- module_row -->\n\t<div  data-css_id=\"f2ebd88\" data-lazy=\"1\" class=\"module_row themify_builder_row fullwidth tb_f2ebd88 tb_first tf_w tf_clearfix\">\n\t    <div class=\"builder_row_cover tf_abs\"><\/div>\t\t\t<div class=\"row_inner col_align_top tb_col_count_1 tf_box tf_rel\">\n\t\t            <div  data-lazy=\"1\" class=\"module_column tb-column col-full tb_716c799 first\">\n                                                        <div class=\"tb-column-inner tf_box tf_w\">\n                        <!-- module text -->\n<div  class=\"module module-text tb_e2fcd09  repeat \" data-lazy=\"1\">\n        <div  class=\"tb_text_wrap\">\n    <p>Enjoy the flowers&#8230;<\/p>    <\/div>\n<\/div>\n<!-- \/module text --><!-- module text -->\n<div  class=\"module module-text tb_a64fe6e  repeat \" data-lazy=\"1\">\n        <div  class=\"tb_text_wrap\">\n    <p>Leave the weeds to us.<\/p>    <\/div>\n<\/div>\n<!-- \/module text -->                    <\/div>\n                            <\/div>\n            \t    <\/div>\n\t    <!-- \/row_inner -->\n\t<\/div>\n\t<!-- \/module_row -->\n\t\t\t\t<!-- module_row -->\n\t<div  data-lazy=\"1\" class=\"module_row themify_builder_row tb_09b711c tf_w tf_clearfix\">\n\t    \t\t\t<div class=\"row_inner col_align_top tb_col_count_1 tf_box tf_rel\">\n\t\t            <div  data-lazy=\"1\" class=\"module_column tb-column col-full tb_acf507c first\">\n                                                        <div class=\"tb-column-inner tf_box tf_w\">\n                        <!-- module text -->\n<div  class=\"module module-text tb_e213308  repeat \" data-lazy=\"1\">\n        <div  class=\"tb_text_wrap\">\n    <h1>Gardening services<\/h1>\n<p><span style=\"font-weight: 400;\">Let us offer you <strong>complete care not only for your house<\/strong> but also for your garden. In season, we&#8217;ll be happy to take care of everything from lawn to shrubs and trees.<\/span><\/p>\n<p><span style=\"font-weight: 400;\">The maintenance of the greenery is carried out by people who have experience in gardening and who also have a hobby.<\/span><\/p>\n<p><span style=\"font-weight: 400;\">We are able to provide both the garden work itself and suitable garden products and plants. With your permission and based on your instructions, we will make not only your home but also your garden harmonious.<\/span><\/p>\n<p><strong>With us, you don&#8217;t have to worry about weeds &#8211; all you have to do is enjoy the flowers&#8230;<\/strong><\/p>    <\/div>\n<\/div>\n<!-- \/module text -->                    <\/div>\n                            <\/div>\n            \t    <\/div>\n\t    <!-- \/row_inner -->\n\t<\/div>\n\t<!-- \/module_row -->\n\t\t\t\t<!-- module_row -->\n\t<div  data-lazy=\"1\" class=\"module_row themify_builder_row tb_05ddd29 tf_w tf_clearfix\">\n\t    \t\t\t<div class=\"row_inner col_align_top tb_col_count_1 tf_box tf_rel\">\n\t\t            <div  data-lazy=\"1\" class=\"module_column tb-column col-full tb_a299a28 first\">\n                                                        <div class=\"tb-column-inner tf_box tf_w\">\n                        <!-- module gallery -->\n<div  class=\"module gallery module-gallery tb_8c5547a layout-grid bordered  wow\" data-tf-animation=\"fadeIn\" data-lazy=\"1\">\n    <div class=\"module-gallery-grid gallery-columns-4 tf_clear\">\n\t\t\t<dl class=\"gallery-item\">\n\t\t\t<dt class=\"gallery-icon\">\n\t\t\t<a data-title=\"\" title=\"\" href=\"https:\/\/www.arideon.cz\/wp-content\/uploads\/2019\/03\/pexels-photo-414160.jpeg\" data-rel=\"tb_8c5547a\" class=\"themify_lightbox\"><img src=\"https:\/\/www.arideon.cz\/wp-content\/uploads\/2019\/03\/pexels-photo-414160-1024x683-300x200.jpeg\" width=\"300\" height=\"200\" class=\"wp-post-image wp-image-1052\" title=\"pexels-photo-414160\" alt=\"pexels-photo-414160\" srcset=\"https:\/\/www.arideon.cz\/wp-content\/uploads\/2019\/03\/pexels-photo-414160-1024x683-300x200.jpeg 300w, https:\/\/www.arideon.cz\/wp-content\/uploads\/2019\/03\/pexels-photo-414160-768x512.jpeg 768w, https:\/\/www.arideon.cz\/wp-content\/uploads\/2019\/03\/pexels-photo-414160-1024x683.jpeg 1024w, https:\/\/www.arideon.cz\/wp-content\/uploads\/2019\/03\/pexels-photo-414160.jpeg 1920w\" sizes=\"(max-width: 300px) 100vw, 300px\" \/><\/a>\t\t\t<\/dt>\n\t\t\t<dd>\n\t\t\t\t\t\t\t\t\t\t\t<\/dd>\n\t\t<\/dl>\n\t\t\t<dl class=\"gallery-item\">\n\t\t\t<dt class=\"gallery-icon\">\n\t\t\t<a data-title=\"\" title=\"\" href=\"https:\/\/www.arideon.cz\/wp-content\/uploads\/2019\/03\/pexels-photo-280222.jpeg\" data-rel=\"tb_8c5547a\" class=\"themify_lightbox\"><img src=\"https:\/\/www.arideon.cz\/wp-content\/uploads\/2019\/03\/pexels-photo-280222-1024x680-300x200.jpeg\" width=\"300\" height=\"200\" class=\"wp-post-image wp-image-1053\" title=\"pexels-photo-280222\" alt=\"pexels-photo-280222\" srcset=\"https:\/\/www.arideon.cz\/wp-content\/uploads\/2019\/03\/pexels-photo-280222-1024x680-300x200.jpeg 300w, https:\/\/www.arideon.cz\/wp-content\/uploads\/2019\/03\/pexels-photo-280222-768x510.jpeg 768w, https:\/\/www.arideon.cz\/wp-content\/uploads\/2019\/03\/pexels-photo-280222-1024x680.jpeg 1024w, https:\/\/www.arideon.cz\/wp-content\/uploads\/2019\/03\/pexels-photo-280222.jpeg 1920w\" sizes=\"(max-width: 300px) 100vw, 300px\" \/><\/a>\t\t\t<\/dt>\n\t\t\t<dd>\n\t\t\t\t\t\t\t\t\t\t\t<\/dd>\n\t\t<\/dl>\n\t\t\t<dl class=\"gallery-item\">\n\t\t\t<dt class=\"gallery-icon\">\n\t\t\t<a data-title=\"\" title=\"\" href=\"https:\/\/www.arideon.cz\/wp-content\/uploads\/2019\/03\/lavender-1537694_1920.jpg\" data-rel=\"tb_8c5547a\" class=\"themify_lightbox\"><img src=\"https:\/\/www.arideon.cz\/wp-content\/uploads\/2019\/03\/lavender-1537694_1920-1024x727-300x200.jpg\" width=\"300\" height=\"200\" class=\"wp-post-image wp-image-1055\" title=\"lavender-1537694_1920\" alt=\"lavender-1537694_1920\"><\/a>\t\t\t<\/dt>\n\t\t\t<dd>\n\t\t\t\t\t\t\t\t\t\t\t<\/dd>\n\t\t<\/dl>\n\t\t\t<dl class=\"gallery-item\">\n\t\t\t<dt class=\"gallery-icon\">\n\t\t\t<a data-title=\"\" title=\"\" href=\"https:\/\/www.arideon.cz\/wp-content\/uploads\/2019\/03\/garden-7294.jpg\" data-rel=\"tb_8c5547a\" class=\"themify_lightbox\"><img src=\"https:\/\/www.arideon.cz\/wp-content\/uploads\/2019\/03\/garden-7294-1024x683-300x200.jpg\" width=\"300\" height=\"200\" class=\"wp-post-image wp-image-1054\" title=\"garden-7294\" alt=\"garden-7294\" srcset=\"https:\/\/www.arideon.cz\/wp-content\/uploads\/2019\/03\/garden-7294-1024x683-300x200.jpg 300w, https:\/\/www.arideon.cz\/wp-content\/uploads\/2019\/03\/garden-7294-768x512.jpg 768w, https:\/\/www.arideon.cz\/wp-content\/uploads\/2019\/03\/garden-7294-1024x683.jpg 1024w, https:\/\/www.arideon.cz\/wp-content\/uploads\/2019\/03\/garden-7294.jpg 1920w\" sizes=\"(max-width: 300px) 100vw, 300px\" \/><\/a>\t\t\t<\/dt>\n\t\t\t<dd>\n\t\t\t\t\t\t\t\t\t\t\t<\/dd>\n\t\t<\/dl>\n\t<\/div>\n<\/div>\n<!-- \/module gallery -->                    <\/div>\n                            <\/div>\n            \t    <\/div>\n\t    <!-- \/row_inner -->\n\t<\/div>\n\t<!-- \/module_row -->\n\t<\/div>\n<!--\/themify_builder_content-->","protected":false},"excerpt":{"rendered":"<p>U\u017e\u00edvejte si kv\u011bt\u016f&#8230; Plevel nechte na n\u00e1s. Zahradnick\u00e9 slu\u017eby Dovolte n\u00e1m nab\u00eddnout V\u00e1m kompletn\u00ed p\u00e9\u010di nejen o V\u00e1\u0161 d\u016fm, ale i o Va\u0161i zahradu. V sez\u00f3n\u011b r\u00e1di obstar\u00e1me v\u0161e, co bude t\u0159eba \u2013 od tr\u00e1vn\u00edku po k\u0159oviny a stromy. \u00dadr\u017ebu zelen\u011b prov\u00e1d\u00ed lid\u00e9, kte\u0159\u00ed maj\u00ed se zahradni\u010den\u00edm zku\u0161enosti a nadto je pro n\u011b tato pr\u00e1ce [&hellip;]<\/p>\n","protected":false},"author":1,"featured_media":0,"parent":1340,"menu_order":0,"comment_status":"closed","ping_status":"closed","template":"","meta":{"_mi_skip_tracking":false},"builder_content":"<p>Enjoy the flowers...<\/p>\n<p>Leave the weeds to us.<\/p>\n<h1>Gardening services<\/h1> <p>Let us offer you <strong>complete care not only for your house<\/strong> but also for your garden. In season, we'll be happy to take care of everything from lawn to shrubs and trees.<\/p> <p>The maintenance of the greenery is carried out by people who have experience in gardening and who also have a hobby.<\/p> <p>We are able to provide both the garden work itself and suitable garden products and plants. With your permission and based on your instructions, we will make not only your home but also your garden harmonious.<\/p> <p><strong>With us, you don't have to worry about weeds - all you have to do is enjoy the flowers...<\/strong><\/p>\n[gallery ids=\"187,188,191,189\"]","_links":{"self":[{"href":"https:\/\/www.arideon.cz\/en\/wp-json\/wp\/v2\/pages\/1254"}],"collection":[{"href":"https:\/\/www.arideon.cz\/en\/wp-json\/wp\/v2\/pages"}],"about":[{"href":"https:\/\/www.arideon.cz\/en\/wp-json\/wp\/v2\/types\/page"}],"author":[{"embeddable":true,"href":"https:\/\/www.arideon.cz\/en\/wp-json\/wp\/v2\/users\/1"}],"replies":[{"embeddable":true,"href":"https:\/\/www.arideon.cz\/en\/wp-json\/wp\/v2\/comments?post=1254"}],"version-history":[{"count":3,"href":"https:\/\/www.arideon.cz\/en\/wp-json\/wp\/v2\/pages\/1254\/revisions"}],"predecessor-version":[{"id":1297,"href":"https:\/\/www.arideon.cz\/en\/wp-json\/wp\/v2\/pages\/1254\/revisions\/1297"}],"up":[{"embeddable":true,"href":"https:\/\/www.arideon.cz\/en\/wp-json\/wp\/v2\/pages\/1340"}],"wp:attachment":[{"href":"https:\/\/www.arideon.cz\/en\/wp-json\/wp\/v2\/media?parent=1254"}],"curies":[{"name":"wp","href":"https:\/\/api.w.org\/{rel}","templated":true}]}}