{"id":1313,"date":"2019-03-10T17:52:23","date_gmt":"2019-03-10T16:52:23","guid":{"rendered":"https:\/\/www.arideon.cz\/companies\/"},"modified":"2023-03-20T16:59:56","modified_gmt":"2023-03-20T15:59:56","slug":"companies","status":"publish","type":"page","link":"https:\/\/www.arideon.cz\/en\/companies\/","title":{"rendered":"Companies"},"content":{"rendered":"<!--themify_builder_content-->\n<div id=\"themify_builder_content-1313\" data-postid=\"1313\" class=\"themify_builder_content themify_builder_content-1313 themify_builder tf_clear\">\n    \t\t\t<!-- module_row -->\n\t<div  data-css_id=\"f2ebd88\" data-lazy=\"1\" class=\"module_row themify_builder_row fullwidth tb_f2ebd88 tb_first tf_w tf_clearfix\">\n\t    <div class=\"builder_row_cover tf_abs\"><\/div>\t\t\t<div class=\"row_inner col_align_top tb_col_count_1 tf_box tf_rel\">\n\t\t            <div  data-lazy=\"1\" class=\"module_column tb-column col-full tb_716c799 first\">\n                                                        <div class=\"tb-column-inner tf_box tf_w\">\n                        <!-- module image -->\n<div  class=\"module module-image tb_289c3aa   image-top tf_mw\" data-lazy=\"1\">\n        <div class=\"image-wrap tf_rel tf_mw\">\n\t\t    <img src=\"http:\/\/www.arideon.cz\/wp-content\/uploads\/2019\/03\/firma_ikona_zlata.svg\" width=\"100\" title=\"Companies\" alt=\"Companies\">\t\n\t\t<\/div>\n\t<!-- \/image-wrap -->\n    \n    \t<\/div>\n<!-- \/module image --><!-- module text -->\n<div  class=\"module module-text tb_e2fcd09  repeat \" data-lazy=\"1\">\n        <div  class=\"tb_text_wrap\">\n    \n          <h1>Companies<\/h1>\n            <\/div>\n<\/div>\n<!-- \/module text --><!-- module text -->\n<div  class=\"module module-text tb_a64fe6e  repeat \" data-lazy=\"1\">\n        <div  class=\"tb_text_wrap\">\n    \n          <p>We try to treat each company as our own.<\/p>\n            <\/div>\n<\/div>\n<!-- \/module text -->                    <\/div>\n                            <\/div>\n            \t    <\/div>\n\t    <!-- \/row_inner -->\n\t<\/div>\n\t<!-- \/module_row -->\n\t\t\t\t<!-- module_row -->\n\t<div  data-lazy=\"1\" class=\"module_row themify_builder_row tb_09b711c tf_w tf_clearfix\">\n\t    \t\t\t<div class=\"row_inner col_align_top tb_col_count_1 tf_box tf_rel\">\n\t\t            <div  data-lazy=\"1\" class=\"module_column tb-column col-full tb_acf507c first\">\n                                                        <div class=\"tb-column-inner tf_box tf_w\">\n                        <!-- module text -->\n<div  class=\"module module-text tb_e213308  repeat \" data-lazy=\"1\">\n        <div  class=\"tb_text_wrap\">\n    \n          <p>In the companies section you can find the following items:<\/p>\n            <\/div>\n<\/div>\n<!-- \/module text --><!-- module menu -->\n<div  class=\"module module-menu tb_96eb372  mobile-menu-slide\" data-menu-style=\"mobile-menu-slide\" data-menu-breakpoint=\"\" data-menu-direction=\"right\" data-element-id=\"tb_96eb372\" data-lazy=\"1\">\n    \t\n\t<div class=\"module-menu-container\"><ul id=\"menu-firmy-anglictina\" class=\"ui tf_clearfix nav tf_rel vertical transparent\"><li id=\"menu-item-1367\" class=\"menu-item-page-1335 menu-item menu-item-type-post_type menu-item-object-page menu-item-1367 menu-page-1335-parent-\"><a href=\"https:\/\/www.arideon.cz\/en\/companies\/cleaning\/\">Cleaning<\/a><\/li>\n<li id=\"menu-item-1368\" class=\"menu-item-page-1315 menu-item menu-item-type-post_type menu-item-object-page menu-item-1368 menu-page-1315-parent-\"><a href=\"https:\/\/www.arideon.cz\/en\/companies\/machine-cleaning\/\">Machine cleaning<\/a><\/li>\n<li id=\"menu-item-1306\" class=\"menu-item-page-1244 menu-item menu-item-type-post_type menu-item-object-page menu-item-1306 menu-page-1244-parent-\"><a href=\"https:\/\/www.arideon.cz\/en\/companies\/graffiti-removal\/\">Graffiti removal<\/a><\/li>\n<li id=\"menu-item-1307\" class=\"menu-item-page-1226 menu-item menu-item-type-post_type menu-item-object-page menu-item-1307 menu-page-1226-parent-\"><a href=\"https:\/\/www.arideon.cz\/en\/companies\/high-rise-work\/\">High-rise work<\/a><\/li>\n<li id=\"menu-item-1369\" class=\"menu-item-page-1339 menu-item menu-item-type-post_type menu-item-object-page menu-item-1369 menu-page-1339-parent-\"><a href=\"https:\/\/www.arideon.cz\/en\/companies\/garden-services\/\">Garden services<\/a><\/li>\n<li id=\"menu-item-1308\" class=\"menu-item-page-1235 menu-item menu-item-type-post_type menu-item-object-page menu-item-1308 menu-page-1235-parent-\"><a href=\"https:\/\/www.arideon.cz\/en\/companies\/customized-production-of-chemistry\/\">Customized production of chemistry<\/a><\/li>\n<li id=\"menu-item-1370\" class=\"menu-item-page-1333 menu-item menu-item-type-post_type menu-item-object-page menu-item-1370 menu-page-1333-parent-\"><a href=\"https:\/\/www.arideon.cz\/en\/companies\/price-list\/\">Price list<\/a><\/li>\n<li id=\"menu-item-1371\" class=\"menu-item-page-1327 menu-item menu-item-type-post_type menu-item-object-page menu-item-1371 menu-page-1327-parent-\"><a href=\"https:\/\/www.arideon.cz\/en\/companies\/order-form\/\">Order form<\/a><\/li>\n<\/ul><\/div>\t\t<style>\n\t\t\t.mobile-menu-module[data-module=\"tb_96eb372\"]{\n\t\t\t\tright:-300px\t\t\t}\n\t\t<\/style>\n\t<\/div>\n<!-- \/module menu -->\n                    <\/div>\n                            <\/div>\n            \t    <\/div>\n\t    <!-- \/row_inner -->\n\t<\/div>\n\t<!-- \/module_row -->\n\t<\/div>\n<!--\/themify_builder_content-->","protected":false},"excerpt":{"rendered":"<p>Firmy Sna\u017e\u00edme se ke ka\u017ed\u00e9 firm\u011b p\u0159istupovat jako ke sv\u00e9 vlastn\u00ed. V sekci firem m\u016f\u017eete nal\u00e9zt tyto polo\u017eky: Spr\u00e1va nemovitost\u00ed \u00daklidy Strojn\u00ed \u010di\u0161t\u011bn\u00ed V\u00fd\u0161kov\u00e9 pr\u00e1ce Zahradn\u00ed slu\u017eby Cen\u00edk Objedn\u00e1vkov\u00fd formul\u00e1\u0159<\/p>\n","protected":false},"author":1,"featured_media":0,"parent":0,"menu_order":0,"comment_status":"closed","ping_status":"closed","template":"","meta":{"_mi_skip_tracking":false},"builder_content":"<img src=\"http:\/\/www.arideon.cz\/wp-content\/uploads\/2019\/03\/firma_ikona_zlata.svg\" width=\"100\" title=\"Companies\" alt=\"Companies\">\n<h1>Companies<\/h1>\n<p>We try to treat each company as our own.<\/p>\n<p>In the companies section you can find the following items:<\/p>\n<ul id=\"menu-firmy-anglictina\"><li id=\"menu-item-1367\"><a href=\"https:\/\/www.arideon.cz\/en\/companies\/cleaning\/\">Cleaning<\/a><\/li> <li id=\"menu-item-1368\"><a href=\"https:\/\/www.arideon.cz\/en\/companies\/machine-cleaning\/\">Machine cleaning<\/a><\/li> <li id=\"menu-item-1306\"><a href=\"https:\/\/www.arideon.cz\/en\/companies\/graffiti-removal\/\">Graffiti removal<\/a><\/li> <li id=\"menu-item-1307\"><a href=\"https:\/\/www.arideon.cz\/en\/companies\/high-rise-work\/\">High-rise work<\/a><\/li> <li id=\"menu-item-1369\"><a href=\"https:\/\/www.arideon.cz\/en\/companies\/garden-services\/\">Garden services<\/a><\/li> <li id=\"menu-item-1308\"><a href=\"https:\/\/www.arideon.cz\/en\/companies\/customized-production-of-chemistry\/\">Customized production of chemistry<\/a><\/li> <li id=\"menu-item-1370\"><a href=\"https:\/\/www.arideon.cz\/en\/companies\/price-list\/\">Price list<\/a><\/li> <li id=\"menu-item-1371\"><a href=\"https:\/\/www.arideon.cz\/en\/companies\/order-form\/\">Order form<\/a><\/li> <\/ul>","_links":{"self":[{"href":"https:\/\/www.arideon.cz\/en\/wp-json\/wp\/v2\/pages\/1313"}],"collection":[{"href":"https:\/\/www.arideon.cz\/en\/wp-json\/wp\/v2\/pages"}],"about":[{"href":"https:\/\/www.arideon.cz\/en\/wp-json\/wp\/v2\/types\/page"}],"author":[{"embeddable":true,"href":"https:\/\/www.arideon.cz\/en\/wp-json\/wp\/v2\/users\/1"}],"replies":[{"embeddable":true,"href":"https:\/\/www.arideon.cz\/en\/wp-json\/wp\/v2\/comments?post=1313"}],"version-history":[{"count":1,"href":"https:\/\/www.arideon.cz\/en\/wp-json\/wp\/v2\/pages\/1313\/revisions"}],"predecessor-version":[{"id":1314,"href":"https:\/\/www.arideon.cz\/en\/wp-json\/wp\/v2\/pages\/1313\/revisions\/1314"}],"wp:attachment":[{"href":"https:\/\/www.arideon.cz\/en\/wp-json\/wp\/v2\/media?parent=1313"}],"curies":[{"name":"wp","href":"https:\/\/api.w.org\/{rel}","templated":true}]}}