{"id":1317,"date":"2019-03-10T20:30:06","date_gmt":"2019-03-10T19:30:06","guid":{"rendered":"https:\/\/www.arideon.cz\/job-offers\/"},"modified":"2023-03-20T17:01:43","modified_gmt":"2023-03-20T16:01:43","slug":"job-offers","status":"publish","type":"page","link":"https:\/\/www.arideon.cz\/en\/job-offers\/","title":{"rendered":"Job offers"},"content":{"rendered":"<!--themify_builder_content-->\n<div id=\"themify_builder_content-1317\" data-postid=\"1317\" class=\"themify_builder_content themify_builder_content-1317 themify_builder tf_clear\">\n    \t\t\t<!-- module_row -->\n\t<div  data-lazy=\"1\" class=\"module_row themify_builder_row tb_45c5bb3 tb_first tf_w tf_clearfix\">\n\t    \t\t\t<div class=\"row_inner col_align_top tb_col_count_1 tf_box tf_rel\">\n\t\t            <div  data-lazy=\"1\" class=\"module_column tb-column col-full tb_924e7cb first\">\n                                                        <div class=\"tb-column-inner tf_box tf_w\">\n                        <!-- module text -->\n<div  class=\"module module-text tb_d10b280  repeat \" data-lazy=\"1\">\n        <div  class=\"tb_text_wrap\">\n    <h1>Job offers<\/h1>\n<p>Hello,<br>\nIf you are interested in working for our company, please send us a structured CV to arideon@arideon.cz.<\/p>\n<p>You can also use the forms below:<\/p>\n    <\/div>\n<\/div>\n<!-- \/module text --><!-- module contact -->\n<div  id=\"tb_9e7e70a\" class=\"module module-contact tb_9e7e70a contact-style2 \" data-lazy=\"1\">\n    \n\t<form class=\"builder-contact\"\n\t\tid=\"tb_9e7e70a-form\"\n\t\tmethod=\"post\"\n\t\tdata-post-id=\"1317\"\n\t\tdata-element-id=\"9e7e70a\"\n\t\tdata-orig-id=\"1317\"\n\t>\n    <div class=\"contact-message\"><\/div>\n\t<div class=\"builder-contact-fields tf_rel\">\n\t\t    \t\t    <div class=\"builder-contact-field builder-contact-field-name builder-contact-text-field\">\n\t\t\t    <label class=\"control-label\" for=\"tb_9e7e70a-contact-name\">\n\t\t\t\t\t\t\t\t\t\t<span class=\"tb-label-span\">Your name and surname <\/span>\t\t\t\t<\/label>\n\t\t\t    <div class=\"control-input tf_rel\">\n\t\t\t\t    \t\t\t\t\t    <input type=\"text\" name=\"contact-name\" placeholder=\"\" id=\"tb_9e7e70a-contact-name\" value=\"\" class=\"form-control\" >\n\t\t\t\t    \t\t\t\t    \t\t\t    <\/div>\n\t\t<\/div>\n\t    \n\t\t    \t\t    <div class=\"builder-contact-field builder-contact-field-email builder-contact-text-field\">\n\t\t\t    <label class=\"control-label\" for=\"tb_9e7e70a-contact-email\">\n\t\t\t\t\t\t\t\t\t\t<span class=\"tb-label-span\">Your e-mail <\/span>\t\t\t\t<\/label>\n\t\t\t    <div class=\"control-input tf_rel\">\n\t\t\t\t    \t\t\t\t\t    <input type=\"email\" name=\"contact-email\" placeholder=\"\" id=\"tb_9e7e70a-contact-email\" value=\"\" class=\"form-control\" >\n\t\t\t\t    \t\t\t\t    \t\t\t    <\/div>\n\t\t<\/div>\n\t    \n\t\t    \t\t    \t\t    <div class=\"builder-contact-field builder-contact-field-extra builder-contact-text-field\">\n\t\t\t\t\n\t\t\t\t<label class=\"control-label\" for=\"field_extra_tb_9e7e70a_0\">\n\t\t\t\t\t\n\t\t\t\t\tV\u00e1\u0161 telefon\t\t\t\t\t\t\t\t\t\t\t<input type=\"hidden\" name=\"field_extra_name_0\" value=\"V\u00e1\u0161 telefon\">\n\t\t\t\t\t\t\t\t\t<\/label>\n\t\t\t\t<div class=\"control-input tf_rel\">\n\t\t\t\t\t\t\t\t\t\t\t<input type=\"text\" name=\"field_extra_0\" id=\"field_extra_tb_9e7e70a_0\" placeholder=\"\" class=\"form-control\">\n\t\t\t\t\t\n\t\t\t\t\t\t\t\t\t<\/div>\n\t\t    <\/div>\n\t    \n\t\t    \t\t    \t\t    <div class=\"builder-contact-field builder-contact-field-extra builder-contact-textarea-field\">\n\t\t\t\t\n\t\t\t\t<label class=\"control-label\" for=\"field_extra_tb_9e7e70a_1\">\n\t\t\t\t\t\n\t\t\t\t\tKr\u00e1tk\u00e1 pr\u016fvodn\u00ed zpr\u00e1va (voliteln\u00e1)\t\t\t\t\t\t\t\t\t\t\t<input type=\"hidden\" name=\"field_extra_name_1\" value=\"Kr\u00e1tk\u00e1 pr\u016fvodn\u00ed zpr\u00e1va (voliteln\u00e1)\">\n\t\t\t\t\t\t\t\t\t<\/label>\n\t\t\t\t<div class=\"control-input tf_rel\">\n\t\t\t\t\t\t\t\t\t\t\t<textarea name=\"field_extra_1\" id=\"field_extra_tb_9e7e70a_1\" placeholder=\"\" class=\"form-control\"><\/textarea>\n\t\t\t\t\t\n\t\t\t\t\t\t\t\t\t<\/div>\n\t\t    <\/div>\n\t    \n\t\t    \t\t    \t\t    <div class=\"builder-contact-field builder-contact-field-extra builder-contact-upload-field\">\n\t\t\t\t\n\t\t\t\t<label class=\"control-label\" for=\"field_extra_tb_9e7e70a_2\">\n\t\t\t\t\t\n\t\t\t\t\tStrukturovan\u00fd \u017eivotopis\t\t\t\t\t\t\t\t\t\t\t<input type=\"hidden\" name=\"field_extra_name_2\" value=\"Strukturovan\u00fd \u017eivotopis\">\n\t\t\t\t\t\t\t\t\t<\/label>\n\t\t\t\t<div class=\"control-input tf_rel\">\n\t\t\t\t\t\t\t\t\t\t\t<input type=\"file\" name=\"field_extra_2\" id=\"field_extra_tb_9e7e70a_2\" placeholder=\" \" class=\"form-control\">\n\t\t\t\t\t\n\t\t\t\t\t\t\t\t\t<\/div>\n\t\t    <\/div>\n\t    \n\t\t    \t\t    <div class=\"builder-contact-field builder-contact-field-message builder-contact-textarea-field\">\n\t\t\t    <label class=\"control-label\" for=\"tb_9e7e70a-contact-message\">\n\t\t\t\t\t\t\t\t\t\t<span class=\"tb-label-span\">Short <\/span>\t\t\t\t<\/label>\n\t\t\t    <div class=\"control-input tf_rel\">\n\t\t\t\t    \t\t\t\t\t    <textarea name=\"contact-message\" placeholder=\"\" id=\"tb_9e7e70a-contact-message\" class=\"form-control\"><\/textarea>\n\t\t\t\t    \t\t\t\t    \t\t\t    <\/div>\n\t\t<\/div>\n\t    \n\t\t    \n\t\t\n\t\t\t\t\t<div class=\"builder-contact-field builder-contact-field-gdpr\">\n\t\t\t\t<div class=\"control-label\">\n\t\t\t\t\t<div class=\"control-input tf_rel\">\n\t\t\t\t\t\t<label class=\"field-gdpr\">\n\t\t\t\t\t\t\t<input type=\"checkbox\" name=\"gdpr\" value=\"1\" required>\n\t\t\t\t\t\t\t<span>I agree that the data entered by me will be processed in accordance with the <a href=\"https:\/\/www.arideon.cz\/gdpr-zamestnanci\/\">GDPR<\/a>.<\/span>\n\t\t\t\t\t\t\t<span class=\"required\">*<\/span>\n\t\t\t\t\t\t<\/label>\n\t\t\t\t\t<\/div>\n\t\t\t\t<\/div>\n\t\t\t<\/div>\n\t\t\n\t    \t    <div class=\"builder-contact-field builder-contact-field-send control-input tf_textl tf_clear tf_rel\">\n\t\t\t<button type=\"submit\" class=\"btn btn-primary\">\n\t\t\t\t<span class=\"tf_loader\"><\/span>\t\t\t\t<span class=\"tf_submit_icon\"><\/span> \n\t\t\t\tSend CV\t\t\t<\/button>\n\t    <\/div>\n\t<\/div>\n    <\/form>\n\n    <\/div>\n<!-- \/module contact -->\n<!-- module text -->\n<div  class=\"module module-text tb_q3d5048  repeat \" data-lazy=\"1\">\n        <div  class=\"tb_text_wrap\">\n    <p>The whole ARIDEON team is looking forward to working with you.<\/p>    <\/div>\n<\/div>\n<!-- \/module text -->                    <\/div>\n                            <\/div>\n            \t    <\/div>\n\t    <!-- \/row_inner -->\n\t<\/div>\n\t<!-- \/module_row -->\n\t\t\t\t<!-- module_row -->\n\t<div  data-lazy=\"1\" class=\"module_row themify_builder_row tb_343468e tf_w tf_clearfix\">\n\t    \t\t\t<div class=\"row_inner col_align_top tb_col_count_1 tf_box tf_rel\">\n\t\t            <div  data-lazy=\"1\" class=\"module_column tb-column col-full tb_a8e2ba9 first\">\n                                                        <div class=\"tb-column-inner tf_box tf_w\">\n                        <!-- module feature -->\n<div  class=\"module module-feature tb_fe5f1c2 with-chart layout-icon-right size-small \" data-lazy=\"1\">\n        <div class=\"module-feature-image tf_textc tf_rel\">\n\t\t\t\t\t\t\t<span class=\"module-feature-chart-html5 tf_box tf_rel tf_inline_b\">\n\t\t\t\t\t\t\t<svg class=\"tf_abs tf_w tf_h\">\n\t\t\t\t<circle class=\"tb_feature_fill\" r=\"calc(50% - 1.00px)\" cx=\"50%\" cy=\"50%\" stroke-width=\"2\"\/>\n\t\t\t\t<circle class=\"tb_feature_stroke\" r=\"calc(50% - 1.00px)\" cx=\"50%\" cy=\"50%\" stroke=\"#061d3b\" stroke-width=\"2\" data-progress=\"100\" stroke-dasharray=\"0,10000\"\/>\n\t\t\t\t\t\t\t\t<\/svg>\n\t\t\t\t\t\t\t<span class=\"chart-html5-circle tf_w tf_h\">\n\t\t\t\t\t\t\t\t\t\t\t<img style=\"width:calc(100% - 4px);height:calc(100% - 4px)\" src=\"http:\/\/www.arideon.cz\/wp-content\/uploads\/2019\/03\/favicon.png\" alt=\"Roz\u00e1rka Riegerov\u00e1\">\n\t\t\t\t\t\t\t\t\t<\/span>\n\n\t\t\t\t\n\t\t\t<\/span>\n\t\t\t    <\/div>\n    <div class=\"module-feature-content tf_textc\">\n\t\t\t\t\t<h3 class=\"module-feature-title\">\n\t\t\t\t\t\t\tRoz\u00e1rka Riegerov\u00e1\t\t\t\t\t\t<\/h3>\n\t\t\t\t\t<div class=\"tb_text_wrap\">\n\t\t\t<p>Managing Director<br><a href=\"tel:+420%20725%20955%20146\">+420 725 955 146<\/a><br><a href=\"mailto:rozarka.riegerova@arideon.cz\"><span style=\"font-weight: 400;\">rozarka.riegerova@arideon.cz<\/span><\/a><\/p>\t\t<\/div>\n    <\/div>\n<\/div>\n<!-- \/module feature -->\n                    <\/div>\n                            <\/div>\n            \t    <\/div>\n\t    <!-- \/row_inner -->\n\t<\/div>\n\t<!-- \/module_row -->\n\t<\/div>\n<!--\/themify_builder_content-->","protected":false},"excerpt":{"rendered":"<p>Pracovn\u00ed nab\u00eddky Dobr\u00fd den, m\u00e1te-li z\u00e1jem o pr\u00e1ci v na\u0161\u00ed spole\u010dnosti, za\u0161lete n\u00e1m strukturovan\u00fd \u017eivotopis na arideon@arideon.cz. M\u016f\u017eete vyu\u017e\u00edt i formul\u00e1\u0159e n\u00ed\u017ee: Va\u0161e jm\u00e9no a p\u0159\u00edjmen\u00ed V\u00e1\u0161 e-mail V\u00e1\u0161 telefon Kr\u00e1tk\u00e1 pr\u016fvodn\u00ed zpr\u00e1va (voliteln\u00e1) Strukturovan\u00fd \u017eivotopis Kr\u00e1tk\u00e1 * Souhlas\u00edm, aby mnou zadan\u00e1 data byla zpracov\u00e1na v souladu s GDPR. * Odeslat \u017eivotopis Na spolupr\u00e1ci s [&hellip;]<\/p>\n","protected":false},"author":1,"featured_media":0,"parent":0,"menu_order":0,"comment_status":"closed","ping_status":"closed","template":"","meta":{"_mi_skip_tracking":false},"builder_content":"<h1>Job offers<\/h1> <p>Hello,<br> If you are interested in working for our company, please send us a structured CV to arideon@arideon.cz.<\/p> <p>You can also use the forms below:<\/p>\n<form id=\"tb_9e7e70a-form\" method=\"post\" data-post-id=\"0\" data-element-id=\"9e7e70a\" data-orig-id=\"1317\" > <label for=\"tb_9e7e70a-contact-name\"> Your name and surname <\/label> <input type=\"text\" name=\"contact-name\" placeholder=\"\" id=\"tb_9e7e70a-contact-name\" value=\"\" > <label for=\"tb_9e7e70a-contact-email\"> Your e-mail <\/label> <input type=\"email\" name=\"contact-email\" placeholder=\"\" id=\"tb_9e7e70a-contact-email\" value=\"\" > <label for=\"field_extra_tb_9e7e70a_0\"> V\u00e1\u0161 telefon <input type=\"hidden\" name=\"field_extra_name_0\" value=\"V\u00e1\u0161 telefon\"> <\/label> <input type=\"text\" name=\"field_extra_0\" id=\"field_extra_tb_9e7e70a_0\" placeholder=\"\"> <label for=\"field_extra_tb_9e7e70a_1\"> Kr\u00e1tk\u00e1 pr\u016fvodn\u00ed zpr\u00e1va (voliteln\u00e1) <input type=\"hidden\" name=\"field_extra_name_1\" value=\"Kr\u00e1tk\u00e1 pr\u016fvodn\u00ed zpr\u00e1va (voliteln\u00e1)\"> <\/label> <textarea name=\"field_extra_1\" id=\"field_extra_tb_9e7e70a_1\" placeholder=\"\"><\/textarea> <label for=\"field_extra_tb_9e7e70a_2\"> Strukturovan\u00fd \u017eivotopis <input type=\"hidden\" name=\"field_extra_name_2\" value=\"Strukturovan\u00fd \u017eivotopis\"> <\/label> <input type=\"file\" name=\"field_extra_2\" id=\"field_extra_tb_9e7e70a_2\" placeholder=\" \"> <label for=\"tb_9e7e70a-contact-message\"> Short <\/label> <textarea name=\"contact-message\" placeholder=\"\" id=\"tb_9e7e70a-contact-message\"><\/textarea> <label> <input type=\"checkbox\" name=\"gdpr\" value=\"1\" required> I agree that the data entered by me will be processed in accordance with the <a href=\"https:\/\/www.arideon.cz\/gdpr-zamestnanci\/\">GDPR<\/a>. * <\/label> <button type=\"submit\"> Send CV <\/button> <\/form>\n<p>The whole ARIDEON team is looking forward to working with you.<\/p>\n<svg> <circle r=\"calc(50% - 1.00px)\" cx=\"50%\" cy=\"50%\" stroke-width=\"2\"\/> <circle r=\"calc(50% - 1.00px)\" cx=\"50%\" cy=\"50%\" stroke=\"#061d3b\" stroke-width=\"2\" data-progress=\"100\" stroke-dasharray=\"0,10000\"\/> <\/svg> <img style=\"width:calc(100% - 4px);height:calc(100% - 4px)\" src=\"http:\/\/www.arideon.cz\/wp-content\/uploads\/2019\/03\/favicon.png\" alt=\"Roz\u00e1rka Riegerov\u00e1\"> \n <h3> Roz\u00e1rka Riegerov\u00e1 <\/h3> <p>Managing Director<br><a href=\"tel:+420%20725%20955%20146\">+420 725 955 146<\/a><br><a href=\"mailto:rozarka.riegerova@arideon.cz\">rozarka.riegerova@arideon.cz<\/a><\/p>","_links":{"self":[{"href":"https:\/\/www.arideon.cz\/en\/wp-json\/wp\/v2\/pages\/1317"}],"collection":[{"href":"https:\/\/www.arideon.cz\/en\/wp-json\/wp\/v2\/pages"}],"about":[{"href":"https:\/\/www.arideon.cz\/en\/wp-json\/wp\/v2\/types\/page"}],"author":[{"embeddable":true,"href":"https:\/\/www.arideon.cz\/en\/wp-json\/wp\/v2\/users\/1"}],"replies":[{"embeddable":true,"href":"https:\/\/www.arideon.cz\/en\/wp-json\/wp\/v2\/comments?post=1317"}],"version-history":[{"count":1,"href":"https:\/\/www.arideon.cz\/en\/wp-json\/wp\/v2\/pages\/1317\/revisions"}],"predecessor-version":[{"id":1319,"href":"https:\/\/www.arideon.cz\/en\/wp-json\/wp\/v2\/pages\/1317\/revisions\/1319"}],"wp:attachment":[{"href":"https:\/\/www.arideon.cz\/en\/wp-json\/wp\/v2\/media?parent=1317"}],"curies":[{"name":"wp","href":"https:\/\/api.w.org\/{rel}","templated":true}]}}