{"id":1323,"date":"2019-03-10T20:29:38","date_gmt":"2019-03-10T19:29:38","guid":{"rendered":"https:\/\/www.arideon.cz\/contact\/"},"modified":"2023-03-30T13:04:04","modified_gmt":"2023-03-30T11:04:04","slug":"contact","status":"publish","type":"page","link":"https:\/\/www.arideon.cz\/en\/contact\/","title":{"rendered":"Contact"},"content":{"rendered":"<!--themify_builder_content-->\n<div id=\"themify_builder_content-1323\" data-postid=\"1323\" class=\"themify_builder_content themify_builder_content-1323 themify_builder tf_clear\">\n    \t\t\t<!-- module_row -->\n\t<div  data-css_id=\"7de0fa7\" data-lazy=\"1\" class=\"module_row themify_builder_row fullwidth tb_7de0fa7 tb_first tf_w tf_clearfix\">\n\t    \t\t\t<div class=\"row_inner col_align_top tb_col_count_1 tf_box tf_rel\">\n\t\t            <div  data-lazy=\"1\" class=\"module_column tb-column col-full tb_f0bfe13 first\">\n                                                        <div class=\"tb-column-inner tf_box tf_w\">\n                        <!-- module text -->\n<div  class=\"module module-text tb_43195f5  repeat \" data-lazy=\"1\">\n        <div  class=\"tb_text_wrap\">\n    <h2>              <\/h2>\n<h2> Contact us<\/h2>\n<p> <\/p>    <\/div>\n<\/div>\n<!-- \/module text -->\t<div  data-lazy=\"1\" class=\"module_subrow themify_builder_sub_row tb_30d4b78 tf_w tf_clearfix\">\n\t    \t\t\t<div class=\"subrow_inner col_align_top tb_col_count_2 tf_box tf_w\">\n\t\t            <div  data-lazy=\"1\" class=\"module_column sub_column tb_d99365d first\">\n                                                        <div class=\"tb-column-inner tf_box tf_w\">\n                        <!-- module text -->\n<div  class=\"module module-text tb_a136e47  repeat \" data-lazy=\"1\">\n        <div  class=\"tb_text_wrap\">\n    <p>Your opinion is important to us. Whether it&#8217;s a simple question or a valuable suggestion, we&#8217;re here for you. You can call or email us directly.<\/p>    <\/div>\n<\/div>\n<!-- \/module text --><!-- module divider -->\n<div  class=\"module tf_mw module-divider tb_386ffbb solid   \" style=\"border-width: 1px;border-color: #ebebeb;margin-top: 10px;margin-bottom: 30px;\" data-lazy=\"1\">\n    <\/div>\n<!-- \/module divider -->\n<!-- module icon -->\n<div  class=\"module module-icon tb_b887964  small none icon_vertical tf_textl\" data-lazy=\"1\">\n        <div class=\"module-icon-item\">\n\t    \t\t\t\t\t\t    <em class=\"tf_box gray\"><svg  class=\"tf_fa tf-fas-phone\" aria-hidden=\"true\"><use href=\"#tf-fas-phone\"><\/use><\/svg><\/em>\n\t\t\t\t\t\t    \t    \t    <span>+420 725 955 145<\/span>\n\t\t    \t\t\t\t        <\/div>\n\t        <div class=\"module-icon-item\">\n\t    \t\t\t\t\t\t    <em class=\"tf_box gray\"><svg  class=\"tf_fa tf-far-envelope\" aria-hidden=\"true\"><use href=\"#tf-far-envelope\"><\/use><\/svg><\/em>\n\t\t\t\t\t\t    \t    \t    <span>arideon@arideon.cz<\/span>\n\t\t    \t\t\t\t        <\/div>\n\t        <div class=\"module-icon-item\">\n\t    \t\t\t\t\t\t    <em class=\"tf_box transparent\"><svg  class=\"tf_fa tf-far-map-marker\" aria-hidden=\"true\"><use href=\"#tf-far-map-marker\"><\/use><\/svg><\/em>\n\t\t\t\t\t\t    \t    \t    <span>Ortenovo n\u00e1m\u011bst\u00ed 1310\/18, Prague 7, 170 00<\/span>\n\t\t    \t\t\t\t        <\/div>\n\t<\/div>\n<!-- \/module icon -->\n<!-- module divider -->\n<div  class=\"module tf_mw module-divider tb_smzg000 solid   \" style=\"border-width: 1px;border-color: #ebebeb;margin-top: 10px;margin-bottom: 30px;\" data-lazy=\"1\">\n    <\/div>\n<!-- \/module divider -->\n<!-- module text -->\n<div  class=\"module module-text tb_7lrc090  repeat \" data-lazy=\"1\">\n        <div  class=\"tb_text_wrap\">\n    <h3>Contact persons<\/h3>    <\/div>\n<\/div>\n<!-- \/module text --><!-- module feature -->\n<div  class=\"module module-feature tb_fe5f1c2 with-chart layout-icon-left size-small \" data-lazy=\"1\">\n        <div class=\"module-feature-image tf_textc tf_rel\">\n\t\t\t\t\t\t\t<span class=\"module-feature-chart-html5 tf_box tf_rel tf_inline_b\">\n\t\t\t\t\t\t\t<svg class=\"tf_abs tf_w tf_h\">\n\t\t\t\t<circle class=\"tb_feature_fill\" r=\"calc(50% - 1.00px)\" cx=\"50%\" cy=\"50%\" stroke-width=\"2\"\/>\n\t\t\t\t<circle class=\"tb_feature_stroke\" r=\"calc(50% - 1.00px)\" cx=\"50%\" cy=\"50%\" stroke=\"#061d3b\" stroke-width=\"2\" data-progress=\"100\" stroke-dasharray=\"0,10000\"\/>\n\t\t\t\t\t\t\t\t<\/svg>\n\t\t\t\t\t\t\t<span class=\"chart-html5-circle tf_w tf_h\">\n\t\t\t\t\t\t\t\t\t\t\t<img style=\"width:calc(100% - 4px);height:calc(100% - 4px)\" src=\"http:\/\/www.arideon.cz\/wp-content\/uploads\/2019\/03\/favicon.png\" alt=\"Lukas Rieger\">\n\t\t\t\t\t\t\t\t\t<\/span>\n\n\t\t\t\t\n\t\t\t<\/span>\n\t\t\t    <\/div>\n    <div class=\"module-feature-content tf_textc\">\n\t\t\t\t\t<h3 class=\"module-feature-title\">\n\t\t\t\t\t\t\tLukas Rieger\t\t\t\t\t\t<\/h3>\n\t\t\t\t\t<div class=\"tb_text_wrap\">\n\t\t\t<p>Managing Director<br><a href=\"tel:+420%20725%20955%20145\">+420 725 955 145<\/a><br><a href=\"mailto:lukas.rieger@arideon.cz\"><span style=\"font-weight: 400;\">lukas.rieger@arideon.cz<\/span><\/a><\/p>\t\t<\/div>\n    <\/div>\n<\/div>\n<!-- \/module feature -->\n<!-- module feature -->\n<div  class=\"module module-feature tb_y2xo263 with-chart layout-icon-left size-small \" data-lazy=\"1\">\n        <div class=\"module-feature-image tf_textc tf_rel\">\n\t\t\t\t\t\t\t<span class=\"module-feature-chart-html5 tf_box tf_rel tf_inline_b\">\n\t\t\t\t\t\t\t<svg class=\"tf_abs tf_w tf_h\">\n\t\t\t\t<circle class=\"tb_feature_fill\" r=\"calc(50% - 1.00px)\" cx=\"50%\" cy=\"50%\" stroke-width=\"2\"\/>\n\t\t\t\t<circle class=\"tb_feature_stroke\" r=\"calc(50% - 1.00px)\" cx=\"50%\" cy=\"50%\" stroke=\"#061d3b\" stroke-width=\"2\" data-progress=\"100\" stroke-dasharray=\"0,10000\"\/>\n\t\t\t\t\t\t\t\t<\/svg>\n\t\t\t\t\t\t\t<span class=\"chart-html5-circle tf_w tf_h\">\n\t\t\t\t\t\t\t\t\t\t\t<img style=\"width:calc(100% - 4px);height:calc(100% - 4px)\" src=\"http:\/\/www.arideon.cz\/wp-content\/uploads\/2019\/03\/favicon.png\" alt=\"Roz\u00e1rka Riegerov\u00e1\">\n\t\t\t\t\t\t\t\t\t<\/span>\n\n\t\t\t\t\n\t\t\t<\/span>\n\t\t\t    <\/div>\n    <div class=\"module-feature-content tf_textc\">\n\t\t\t\t\t<h3 class=\"module-feature-title\">\n\t\t\t\t\t\t\tRoz\u00e1rka Riegerov\u00e1\t\t\t\t\t\t<\/h3>\n\t\t\t\t\t<div class=\"tb_text_wrap\">\n\t\t\t<p>Managing Director<br><a href=\"mailto:rozarka.riegerova@arideon.cz\"><span style=\"font-weight: 400;\">rozarka.riegerova@arideon.cz<\/span><\/a><\/p>\t\t<\/div>\n    <\/div>\n<\/div>\n<!-- \/module feature -->\n<!-- module feature -->\n<div  class=\"module module-feature tb_k65n80 with-chart layout-icon-left size-small \" data-lazy=\"1\">\n        <div class=\"module-feature-image tf_textc tf_rel\">\n\t\t\t\t\t\t\t<span class=\"module-feature-chart-html5 tf_box tf_rel tf_inline_b\">\n\t\t\t\t\t\t\t<svg class=\"tf_abs tf_w tf_h\">\n\t\t\t\t<circle class=\"tb_feature_fill\" r=\"calc(50% - 1.00px)\" cx=\"50%\" cy=\"50%\" stroke-width=\"2\"\/>\n\t\t\t\t<circle class=\"tb_feature_stroke\" r=\"calc(50% - 1.00px)\" cx=\"50%\" cy=\"50%\" stroke=\"#061d3b\" stroke-width=\"2\" data-progress=\"100\" stroke-dasharray=\"0,10000\"\/>\n\t\t\t\t\t\t\t\t<\/svg>\n\t\t\t\t\t\t\t<span class=\"chart-html5-circle tf_w tf_h\">\n\t\t\t\t\t\t\t\t\t\t\t<img style=\"width:calc(100% - 4px);height:calc(100% - 4px)\" src=\"http:\/\/www.arideon.cz\/wp-content\/uploads\/2019\/03\/favicon.png\" alt=\"Frantisek Skokan\">\n\t\t\t\t\t\t\t\t\t<\/span>\n\n\t\t\t\t\n\t\t\t<\/span>\n\t\t\t    <\/div>\n    <div class=\"module-feature-content tf_textc\">\n\t\t\t\t\t<h3 class=\"module-feature-title\">\n\t\t\t\t\t\t\tFrantisek Skokan\t\t\t\t\t\t<\/h3>\n\t\t\t\t\t<div class=\"tb_text_wrap\">\n\t\t\t<p>Office manager, head of cleaning division<br><a href=\"tel:+420%20723%20631%20328\">+420 774 955 207<\/a><br><a href=\"mailto:david.toman@arideon.cz\" target=\"_blank\" rel=\"noopener\">frantisek.skokan@arideon.cz<\/a><\/p>\t\t<\/div>\n    <\/div>\n<\/div>\n<!-- \/module feature -->\n<!-- module feature -->\n<div  class=\"module module-feature tb_0e9q219 with-chart layout-icon-left size-small \" data-lazy=\"1\">\n        <div class=\"module-feature-image tf_textc tf_rel\">\n\t\t\t\t\t\t\t<span class=\"module-feature-chart-html5 tf_box tf_rel tf_inline_b\">\n\t\t\t\t\t\t\t<svg class=\"tf_abs tf_w tf_h\">\n\t\t\t\t<circle class=\"tb_feature_fill\" r=\"calc(50% - 1.00px)\" cx=\"50%\" cy=\"50%\" stroke-width=\"2\"\/>\n\t\t\t\t<circle class=\"tb_feature_stroke\" r=\"calc(50% - 1.00px)\" cx=\"50%\" cy=\"50%\" stroke=\"#061d3b\" stroke-width=\"2\" data-progress=\"100\" stroke-dasharray=\"0,10000\"\/>\n\t\t\t\t\t\t\t\t<\/svg>\n\t\t\t\t\t\t\t<span class=\"chart-html5-circle tf_w tf_h\">\n\t\t\t\t\t\t\t\t\t\t\t<img style=\"width:calc(100% - 4px);height:calc(100% - 4px)\" src=\"http:\/\/www.arideon.cz\/wp-content\/uploads\/2019\/03\/favicon.png\" alt=\"Ji\u0159\u00ed \u0160t&#039;astn\u00fd\">\n\t\t\t\t\t\t\t\t\t<\/span>\n\n\t\t\t\t\n\t\t\t<\/span>\n\t\t\t    <\/div>\n    <div class=\"module-feature-content tf_textc\">\n\t\t\t\t\t<h3 class=\"module-feature-title\">\n\t\t\t\t\t\t\tJi\u0159\u00ed \u0160t'astn\u00fd\t\t\t\t\t\t<\/h3>\n\t\t\t\t\t<div class=\"tb_text_wrap\">\n\t\t\t<p>Senior Facility Manager, Head of Property Management<br><a href=\"mailto:arideon@arideon.cz\" target=\"_blank\" rel=\"noopener\">jiri.stastny@arideon.cz<\/a><\/p>\t\t<\/div>\n    <\/div>\n<\/div>\n<!-- \/module feature -->\n<!-- module feature -->\n<div  class=\"module module-feature tb_s5oo760 with-chart layout-icon-left size-small \" data-lazy=\"1\">\n        <div class=\"module-feature-image tf_textc tf_rel\">\n\t\t\t\t\t\t\t<span class=\"module-feature-chart-html5 tf_box tf_rel tf_inline_b\">\n\t\t\t\t\t\t\t<svg class=\"tf_abs tf_w tf_h\">\n\t\t\t\t<circle class=\"tb_feature_fill\" r=\"calc(50% - 1.00px)\" cx=\"50%\" cy=\"50%\" stroke-width=\"2\"\/>\n\t\t\t\t<circle class=\"tb_feature_stroke\" r=\"calc(50% - 1.00px)\" cx=\"50%\" cy=\"50%\" stroke=\"#061d3b\" stroke-width=\"2\" data-progress=\"100\" stroke-dasharray=\"0,10000\"\/>\n\t\t\t\t\t\t\t\t<\/svg>\n\t\t\t\t\t\t\t<span class=\"chart-html5-circle tf_w tf_h\">\n\t\t\t\t\t\t\t\t\t\t\t<img style=\"width:calc(100% - 4px);height:calc(100% - 4px)\" src=\"http:\/\/www.arideon.cz\/wp-content\/uploads\/2019\/03\/favicon.png\" alt=\"Pavel Hanzl\">\n\t\t\t\t\t\t\t\t\t<\/span>\n\n\t\t\t\t\n\t\t\t<\/span>\n\t\t\t    <\/div>\n    <div class=\"module-feature-content tf_textc\">\n\t\t\t\t\t<h3 class=\"module-feature-title\">\n\t\t\t\t\t\t\tPavel Hanzl\t\t\t\t\t\t<\/h3>\n\t\t\t\t\t<div class=\"tb_text_wrap\">\n\t\t\t<p>Head of IT Division<br><a href=\"tel:+420%20725%20792%20052\">pavel.hanzl@arideon.cz<\/a><\/p>\t\t<\/div>\n    <\/div>\n<\/div>\n<!-- \/module feature -->\n<!-- module feature -->\n<div  class=\"module module-feature tb_9yy6299 with-chart layout-icon-left size-small \" data-lazy=\"1\">\n        <div class=\"module-feature-image tf_textc tf_rel\">\n\t\t\t\t\t\t\t<span class=\"module-feature-chart-html5 tf_box tf_rel tf_inline_b\">\n\t\t\t\t\t\t\t<svg class=\"tf_abs tf_w tf_h\">\n\t\t\t\t<circle class=\"tb_feature_fill\" r=\"calc(50% - 1.00px)\" cx=\"50%\" cy=\"50%\" stroke-width=\"2\"\/>\n\t\t\t\t<circle class=\"tb_feature_stroke\" r=\"calc(50% - 1.00px)\" cx=\"50%\" cy=\"50%\" stroke=\"#061d3b\" stroke-width=\"2\" data-progress=\"100\" stroke-dasharray=\"0,10000\"\/>\n\t\t\t\t\t\t\t\t<\/svg>\n\t\t\t\t\t\t\t<span class=\"chart-html5-circle tf_w tf_h\">\n\t\t\t\t\t\t\t\t\t\t\t<img style=\"width:calc(100% - 4px);height:calc(100% - 4px)\" src=\"http:\/\/www.arideon.cz\/wp-content\/uploads\/2019\/03\/favicon.png\" alt=\"Lenka Conkova\">\n\t\t\t\t\t\t\t\t\t<\/span>\n\n\t\t\t\t\n\t\t\t<\/span>\n\t\t\t    <\/div>\n    <div class=\"module-feature-content tf_textc\">\n\t\t\t\t\t<h3 class=\"module-feature-title\">\n\t\t\t\t\t\t\tLenka Conkova\t\t\t\t\t\t<\/h3>\n\t\t\t\t\t<div class=\"tb_text_wrap\">\n\t\t\t<p>Head of Accounting Division<br><a href=\"tel:+420%20725%20792%20052\">lenka.conkova@arideon.cz<\/a><\/p>\t\t<\/div>\n    <\/div>\n<\/div>\n<!-- \/module feature -->\n                    <\/div>\n                            <\/div>\n                        <div  data-lazy=\"1\" class=\"module_column sub_column tb_d60080a last\">\n                                                        <div class=\"tb-column-inner tf_box tf_w\">\n                        <!-- module text -->\n<div  class=\"module module-text tb_b6f53fb  repeat \" data-lazy=\"1\">\n        <div  class=\"tb_text_wrap\">\n    <h4>Do you have any question? Please contact us.<\/h4>    <\/div>\n<\/div>\n<!-- \/module text --><!-- module contact -->\n<div  id=\"tb_9e7e70a\" class=\"module module-contact tb_9e7e70a contact-style2 \" data-lazy=\"1\">\n    \n\t<form class=\"builder-contact\"\n\t\tid=\"tb_9e7e70a-form\"\n\t\tmethod=\"post\"\n\t\tdata-post-id=\"1323\"\n\t\tdata-element-id=\"9e7e70a\"\n\t\tdata-orig-id=\"1323\"\n\t>\n    <div class=\"contact-message\"><\/div>\n\t<div class=\"builder-contact-fields tf_rel\">\n\t\t    \t\t    <div class=\"builder-contact-field builder-contact-field-name builder-contact-text-field\">\n\t\t\t    <label class=\"control-label\" for=\"tb_9e7e70a-contact-name\">\n\t\t\t\t\t\t\t\t\t\t<span class=\"tb-label-span\">Your name and surname <\/span>\t\t\t\t<\/label>\n\t\t\t    <div class=\"control-input tf_rel\">\n\t\t\t\t    \t\t\t\t\t    <input type=\"text\" name=\"contact-name\" placeholder=\"\" id=\"tb_9e7e70a-contact-name\" value=\"\" class=\"form-control\" >\n\t\t\t\t    \t\t\t\t    \t\t\t    <\/div>\n\t\t<\/div>\n\t    \n\t\t    \t\t    <div class=\"builder-contact-field builder-contact-field-email builder-contact-text-field\">\n\t\t\t    <label class=\"control-label\" for=\"tb_9e7e70a-contact-email\">\n\t\t\t\t\t\t\t\t\t\t<span class=\"tb-label-span\">Your e-mail <\/span>\t\t\t\t<\/label>\n\t\t\t    <div class=\"control-input tf_rel\">\n\t\t\t\t    \t\t\t\t\t    <input type=\"email\" name=\"contact-email\" placeholder=\"\" id=\"tb_9e7e70a-contact-email\" value=\"\" class=\"form-control\" >\n\t\t\t\t    \t\t\t\t    \t\t\t    <\/div>\n\t\t<\/div>\n\t    \n\t\t    \t\t    \t\t    <div class=\"builder-contact-field builder-contact-field-extra builder-contact-text-field\">\n\t\t\t\t\n\t\t\t\t<label class=\"control-label\" for=\"field_extra_tb_9e7e70a_0\">\n\t\t\t\t\t\n\t\t\t\t\tTelephone number\t\t\t\t\t\t\t\t\t\t\t<input type=\"hidden\" name=\"field_extra_name_0\" value=\"Telephone number\">\n\t\t\t\t\t\t\t\t\t<\/label>\n\t\t\t\t<div class=\"control-input tf_rel\">\n\t\t\t\t\t\t\t\t\t\t\t<input type=\"text\" name=\"field_extra_0\" id=\"field_extra_tb_9e7e70a_0\" placeholder=\"\" class=\"form-control\">\n\t\t\t\t\t\n\t\t\t\t\t\t\t\t\t<\/div>\n\t\t    <\/div>\n\t    \n\t\t    \t\t    <div class=\"builder-contact-field builder-contact-field-subject builder-contact-text-field\">\n\t\t\t    <label class=\"control-label\" for=\"tb_9e7e70a-contact-subject\">\n\t\t\t\t\t\t\t\t\t\t<span class=\"tb-label-span\">Subject <\/span><span class=\"required\">*<\/span>\t\t\t\t<\/label>\n\t\t\t    <div class=\"control-input tf_rel\">\n\t\t\t\t    \t\t\t\t\t    <input type=\"text\" name=\"contact-subject\" placeholder=\"\" id=\"tb_9e7e70a-contact-subject\" value=\"\" class=\"form-control\" required>\n\t\t\t\t    \t\t\t\t    \t\t\t    <\/div>\n\t\t<\/div>\n\t    \n\t\t    \t\t    <div class=\"builder-contact-field builder-contact-field-message builder-contact-textarea-field\">\n\t\t\t    <label class=\"control-label\" for=\"tb_9e7e70a-contact-message\">\n\t\t\t\t\t\t\t\t\t\t<span class=\"tb-label-span\">Your question <\/span>\t\t\t\t<\/label>\n\t\t\t    <div class=\"control-input tf_rel\">\n\t\t\t\t    \t\t\t\t\t    <textarea name=\"contact-message\" placeholder=\"\" id=\"tb_9e7e70a-contact-message\" class=\"form-control\"><\/textarea>\n\t\t\t\t    \t\t\t\t    \t\t\t    <\/div>\n\t\t<\/div>\n\t    \n\t\t    \n\t\t\n\t\t\t\t\t<div class=\"builder-contact-field builder-contact-field-gdpr\">\n\t\t\t\t<div class=\"control-label\">\n\t\t\t\t\t<div class=\"control-input tf_rel\">\n\t\t\t\t\t\t<label class=\"field-gdpr\">\n\t\t\t\t\t\t\t<input type=\"checkbox\" name=\"gdpr\" value=\"1\" required>\n\t\t\t\t\t\t\t<span>I agree that the data entered by me will be processed in accordance with the <a href=\"https:\/\/www.arideon.cz\/gdpr\/\">GDPR<\/a>.<\/span>\n\t\t\t\t\t\t\t<span class=\"required\">*<\/span>\n\t\t\t\t\t\t<\/label>\n\t\t\t\t\t<\/div>\n\t\t\t\t<\/div>\n\t\t\t<\/div>\n\t\t\n\t    \t    <div class=\"builder-contact-field builder-contact-field-send control-input tf_textl tf_clear tf_rel\">\n\t\t\t<button type=\"submit\" class=\"btn btn-primary\">\n\t\t\t\t<span class=\"tf_loader\"><\/span>\t\t\t\t<span class=\"tf_submit_icon\"><\/span> \n\t\t\t\tSend to\t\t\t<\/button>\n\t    <\/div>\n\t<\/div>\n    <\/form>\n\n    <\/div>\n<!-- \/module contact -->\n                    <\/div>\n                            <\/div>\n            \t    <\/div>\n\t<\/div><!-- \/themify_builder_sub_row -->\n\t                    <\/div>\n                            <\/div>\n            \t    <\/div>\n\t    <!-- \/row_inner -->\n\t<\/div>\n\t<!-- \/module_row -->\n\t\t\t\t<!-- module_row -->\n\t<div  data-css_id=\"2e4630e\" data-lazy=\"1\" class=\"module_row themify_builder_row fullwidth tb_2e4630e tf_w tf_clearfix\">\n\t    \t\t\t<div class=\"row_inner col_align_top tb_col_count_1 tf_box tf_rel\">\n\t\t            <div  data-lazy=\"1\" class=\"module_column tb-column col-full tb_4a6ed15 first\">\n                                                        <div class=\"tb-column-inner tf_box tf_w\">\n                        <!-- module text -->\n<div  class=\"module module-text tb_da65cd0  repeat \" data-lazy=\"1\">\n        <div  class=\"tb_text_wrap\">\n    <p><iframe loading=\"lazy\" style=\"border: 0;\" src=\"https:\/\/www.google.cz\/maps\/embed?pb=!1m18!1m12!1m3!1d1075.851381034685!2d14.44924280405719!3d50.10837166490369!2m3!1f0!2f0!3f0!3m2!1i1024!2i768!4f13.1!3m3!1m2!1s0x470b94b3366fb519%3A0xd272e360e4c2ebbc!2sOrtenovo+n%C3%A1m.+1310%2F18%2C+170+00+Praha+7-Hole%C5%A1ovice!5e0!3m2!1scs!2scz!4v1552298942087\" width=\"100%\" height=\"400\" frameborder=\"0\" allowfullscreen=\"allowfullscreen\"><\/iframe><\/p>\n    <\/div>\n<\/div>\n<!-- \/module text -->                    <\/div>\n                            <\/div>\n            \t    <\/div>\n\t    <!-- \/row_inner -->\n\t<\/div>\n\t<!-- \/module_row -->\n\t<\/div>\n<!--\/themify_builder_content-->","protected":false},"excerpt":{"rendered":"<p>\u00a0 \u00a0 \u00a0 \u00a0 \u00a0 \u00a0 \u00a0\u00a0 \u00a0 \u00a0 \u00a0 \u00a0 \u00a0 \u00a0 \u00a0\u00a0 Kontaktujte n\u00e1s \u00a0 V\u00e1\u0161 n\u00e1zor je pro n\u00e1s d\u016fle\u017eit\u00fd. A\u0165 u\u017e jde o jednoduch\u00fd dotaz nebo cenn\u00fd n\u00e1vrh, jsme tu pro v\u00e1s. M\u016f\u017eete n\u00e1m p\u0159\u00edmo zavolat nebo napsat e-mail. +420 725 955 145 arideon@arideon.cz Ortenovo n\u00e1m\u011bst\u00ed 1310\/18, Praha 7, 170 00 [&hellip;]<\/p>\n","protected":false},"author":1,"featured_media":0,"parent":0,"menu_order":0,"comment_status":"closed","ping_status":"closed","template":"","meta":{"_mi_skip_tracking":false},"builder_content":"<h2> <\/h2> <h2> Contact us<\/h2> <p> <\/p>\n<p>Your opinion is important to us. Whether it's a simple question or a valuable suggestion, we're here for you. You can call or email us directly.<\/p>\n\n<em><svg aria-hidden=\"true\"><use href=\"#tf-fas-phone\"><\/use><\/svg><\/em> +420 725 955 145 <em><svg aria-hidden=\"true\"><use href=\"#tf-far-envelope\"><\/use><\/svg><\/em> arideon@arideon.cz <em><svg aria-hidden=\"true\"><use href=\"#tf-far-map-marker\"><\/use><\/svg><\/em> Ortenovo n\u00e1m\u011bst\u00ed 1310\/18, Prague 7, 170 00\n\n<h3>Contact persons<\/h3>\n<svg> <circle r=\"calc(50% - 1.00px)\" cx=\"50%\" cy=\"50%\" stroke-width=\"2\"\/> <circle r=\"calc(50% - 1.00px)\" cx=\"50%\" cy=\"50%\" stroke=\"#061d3b\" stroke-width=\"2\" data-progress=\"100\" stroke-dasharray=\"0,10000\"\/> <\/svg> <img style=\"width:calc(100% - 4px);height:calc(100% - 4px)\" src=\"http:\/\/www.arideon.cz\/wp-content\/uploads\/2019\/03\/favicon.png\" alt=\"Lukas Rieger\"> \n <h3> Lukas Rieger <\/h3> <p>Managing Director<br><a href=\"tel:+420%20725%20955%20145\">+420 725 955 145<\/a><br><a href=\"mailto:lukas.rieger@arideon.cz\">lukas.rieger@arideon.cz<\/a><\/p>\n<svg> <circle r=\"calc(50% - 1.00px)\" cx=\"50%\" cy=\"50%\" stroke-width=\"2\"\/> <circle r=\"calc(50% - 1.00px)\" cx=\"50%\" cy=\"50%\" stroke=\"#061d3b\" stroke-width=\"2\" data-progress=\"100\" stroke-dasharray=\"0,10000\"\/> <\/svg> <img style=\"width:calc(100% - 4px);height:calc(100% - 4px)\" src=\"http:\/\/www.arideon.cz\/wp-content\/uploads\/2019\/03\/favicon.png\" alt=\"Roz\u00e1rka Riegerov\u00e1\"> \n <h3> Roz\u00e1rka Riegerov\u00e1 <\/h3> <p>Managing Director<br><a href=\"mailto:rozarka.riegerova@arideon.cz\">rozarka.riegerova@arideon.cz<\/a><\/p>\n<svg> <circle r=\"calc(50% - 1.00px)\" cx=\"50%\" cy=\"50%\" stroke-width=\"2\"\/> <circle r=\"calc(50% - 1.00px)\" cx=\"50%\" cy=\"50%\" stroke=\"#061d3b\" stroke-width=\"2\" data-progress=\"100\" stroke-dasharray=\"0,10000\"\/> <\/svg> <img style=\"width:calc(100% - 4px);height:calc(100% - 4px)\" src=\"http:\/\/www.arideon.cz\/wp-content\/uploads\/2019\/03\/favicon.png\" alt=\"Frantisek Skokan\"> \n <h3> Frantisek Skokan <\/h3> <p>Office manager, head of cleaning division<br><a href=\"tel:+420%20723%20631%20328\">+420 774 955 207<\/a><br><a href=\"mailto:david.toman@arideon.cz\" target=\"_blank\" rel=\"noopener\">frantisek.skokan@arideon.cz<\/a><\/p>\n<svg> <circle r=\"calc(50% - 1.00px)\" cx=\"50%\" cy=\"50%\" stroke-width=\"2\"\/> <circle r=\"calc(50% - 1.00px)\" cx=\"50%\" cy=\"50%\" stroke=\"#061d3b\" stroke-width=\"2\" data-progress=\"100\" stroke-dasharray=\"0,10000\"\/> <\/svg> <img style=\"width:calc(100% - 4px);height:calc(100% - 4px)\" src=\"http:\/\/www.arideon.cz\/wp-content\/uploads\/2019\/03\/favicon.png\" alt=\"Ji\u0159\u00ed \u0160t&#039;astn\u00fd\"> \n <h3> Ji\u0159\u00ed \u0160t'astn\u00fd <\/h3> <p>Senior Facility Manager, Head of Property Management<br><a href=\"mailto:arideon@arideon.cz\" target=\"_blank\" rel=\"noopener\">jiri.stastny@arideon.cz<\/a><\/p>\n<svg> <circle r=\"calc(50% - 1.00px)\" cx=\"50%\" cy=\"50%\" stroke-width=\"2\"\/> <circle r=\"calc(50% - 1.00px)\" cx=\"50%\" cy=\"50%\" stroke=\"#061d3b\" stroke-width=\"2\" data-progress=\"100\" stroke-dasharray=\"0,10000\"\/> <\/svg> <img style=\"width:calc(100% - 4px);height:calc(100% - 4px)\" src=\"http:\/\/www.arideon.cz\/wp-content\/uploads\/2019\/03\/favicon.png\" alt=\"Pavel Hanzl\"> \n <h3> Pavel Hanzl <\/h3> <p>Head of IT Division<br><a href=\"tel:+420%20725%20792%20052\">pavel.hanzl@arideon.cz<\/a><\/p>\n<svg> <circle r=\"calc(50% - 1.00px)\" cx=\"50%\" cy=\"50%\" stroke-width=\"2\"\/> <circle r=\"calc(50% - 1.00px)\" cx=\"50%\" cy=\"50%\" stroke=\"#061d3b\" stroke-width=\"2\" data-progress=\"100\" stroke-dasharray=\"0,10000\"\/> <\/svg> <img style=\"width:calc(100% - 4px);height:calc(100% - 4px)\" src=\"http:\/\/www.arideon.cz\/wp-content\/uploads\/2019\/03\/favicon.png\" alt=\"Lenka Conkova\"> \n <h3> Lenka Conkova <\/h3> <p>Head of Accounting Division<br><a href=\"tel:+420%20725%20792%20052\">lenka.conkova@arideon.cz<\/a><\/p>\n<h4>Do you have any question? Please contact us.<\/h4>\n<form id=\"tb_9e7e70a-form\" method=\"post\" data-post-id=\"0\" data-element-id=\"9e7e70a\" data-orig-id=\"1323\" > <label for=\"tb_9e7e70a-contact-name\"> Your name and surname <\/label> <input type=\"text\" name=\"contact-name\" placeholder=\"\" id=\"tb_9e7e70a-contact-name\" value=\"\" > <label for=\"tb_9e7e70a-contact-email\"> Your e-mail <\/label> <input type=\"email\" name=\"contact-email\" placeholder=\"\" id=\"tb_9e7e70a-contact-email\" value=\"\" > <label for=\"field_extra_tb_9e7e70a_0\"> Telephone number <input type=\"hidden\" name=\"field_extra_name_0\" value=\"Telephone number\"> <\/label> <input type=\"text\" name=\"field_extra_0\" id=\"field_extra_tb_9e7e70a_0\" placeholder=\"\"> <label for=\"tb_9e7e70a-contact-subject\"> Subject * <\/label> <input type=\"text\" name=\"contact-subject\" placeholder=\"\" id=\"tb_9e7e70a-contact-subject\" value=\"\" required> <label for=\"tb_9e7e70a-contact-message\"> Your question <\/label> <textarea name=\"contact-message\" placeholder=\"\" id=\"tb_9e7e70a-contact-message\"><\/textarea> <label> <input type=\"checkbox\" name=\"gdpr\" value=\"1\" required> I agree that the data entered by me will be processed in accordance with the <a href=\"https:\/\/www.arideon.cz\/gdpr\/\">GDPR<\/a>. * <\/label> <button type=\"submit\"> Send to <\/button> <\/form>\n<p><iframe loading=\"lazy\" style=\"border: 0;\" src=\"https:\/\/www.google.cz\/maps\/embed?pb=!1m18!1m12!1m3!1d1075.851381034685!2d14.44924280405719!3d50.10837166490369!2m3!1f0!2f0!3f0!3m2!1i1024!2i768!4f13.1!3m3!1m2!1s0x470b94b3366fb519%3A0xd272e360e4c2ebbc!2sOrtenovo+n%C3%A1m.+1310%2F18%2C+170+00+Praha+7-Hole%C5%A1ovice!5e0!3m2!1scs!2scz!4v1552298942087\" width=\"100%\" height=\"400\" frameborder=\"0\" allowfullscreen=\"allowfullscreen\"><\/iframe><\/p>","_links":{"self":[{"href":"https:\/\/www.arideon.cz\/en\/wp-json\/wp\/v2\/pages\/1323"}],"collection":[{"href":"https:\/\/www.arideon.cz\/en\/wp-json\/wp\/v2\/pages"}],"about":[{"href":"https:\/\/www.arideon.cz\/en\/wp-json\/wp\/v2\/types\/page"}],"author":[{"embeddable":true,"href":"https:\/\/www.arideon.cz\/en\/wp-json\/wp\/v2\/users\/1"}],"replies":[{"embeddable":true,"href":"https:\/\/www.arideon.cz\/en\/wp-json\/wp\/v2\/comments?post=1323"}],"version-history":[{"count":3,"href":"https:\/\/www.arideon.cz\/en\/wp-json\/wp\/v2\/pages\/1323\/revisions"}],"predecessor-version":[{"id":1458,"href":"https:\/\/www.arideon.cz\/en\/wp-json\/wp\/v2\/pages\/1323\/revisions\/1458"}],"wp:attachment":[{"href":"https:\/\/www.arideon.cz\/en\/wp-json\/wp\/v2\/media?parent=1323"}],"curies":[{"name":"wp","href":"https:\/\/api.w.org\/{rel}","templated":true}]}}