{"id":1328,"date":"2019-03-10T20:35:27","date_gmt":"2019-03-10T19:35:27","guid":{"rendered":"https:\/\/www.arideon.cz\/cleaning\/"},"modified":"2023-03-20T17:01:52","modified_gmt":"2023-03-20T16:01:52","slug":"cleaning","status":"publish","type":"page","link":"https:\/\/www.arideon.cz\/en\/households\/cleaning\/","title":{"rendered":"Cleaning"},"content":{"rendered":"<!--themify_builder_content-->\n<div id=\"themify_builder_content-1328\" data-postid=\"1328\" class=\"themify_builder_content themify_builder_content-1328 themify_builder tf_clear\">\n    \t\t\t<!-- module_row -->\n\t<div  data-css_id=\"f2ebd88\" data-lazy=\"1\" class=\"module_row themify_builder_row fullwidth tb_f2ebd88 tb_first tf_w tf_clearfix\">\n\t    <div class=\"builder_row_cover tf_abs\"><\/div>\t\t\t<div class=\"row_inner col_align_top tb_col_count_1 tf_box tf_rel\">\n\t\t            <div  data-lazy=\"1\" class=\"module_column tb-column col-full tb_716c799 first\">\n                                                        <div class=\"tb-column-inner tf_box tf_w\">\n                        <!-- module text -->\n<div  class=\"module module-text tb_e2fcd09  repeat \" data-lazy=\"1\">\n        <div  class=\"tb_text_wrap\">\n    <p>Clean and tidy home  <\/p>    <\/div>\n<\/div>\n<!-- \/module text --><!-- module text -->\n<div  class=\"module module-text tb_a64fe6e  repeat \" data-lazy=\"1\">\n        <div  class=\"tb_text_wrap\">\n    <p>helps to create a sense of well-being, equanimity<\/p>\n<p>and inner peace within ourselves and our families.<\/p>    <\/div>\n<\/div>\n<!-- \/module text -->                    <\/div>\n                            <\/div>\n            \t    <\/div>\n\t    <!-- \/row_inner -->\n\t<\/div>\n\t<!-- \/module_row -->\n\t\t\t\t<!-- module_row -->\n\t<div  data-lazy=\"1\" class=\"module_row themify_builder_row tb_09b711c tf_w tf_clearfix\">\n\t    \t\t\t<div class=\"row_inner col_align_top tb_col_count_1 tf_box tf_rel\">\n\t\t            <div  data-lazy=\"1\" class=\"module_column tb-column col-full tb_acf507c first\">\n                                                        <div class=\"tb-column-inner tf_box tf_w\">\n                        <!-- module text -->\n<div  class=\"module module-text tb_e213308  repeat \" data-lazy=\"1\">\n        <div  class=\"tb_text_wrap\">\n    <h1>Cleaning<\/h1>\n<p>If you are looking for a company that will provide you with comprehensive services related to the running of your household, contact us.<\/p>\n<p>We carefully clean your apartment or house, whether it is a regular visit to your home, or just an irregular small cleaning, or general cleaning before Christmas, in the spring, or perhaps a big cleaning after moving and mess associated with the reconstruction.<\/p>\n<p>We strive to offer our clients a truly comprehensive service &#8211; you can contact us not only with regular cleaning, but also with ironing, cooking, shopping, car interior cleaning, classic laundry or dry cleaning (taking clothes to the dry cleaner, picking up and returning them to your home).<\/p>\n<p>We clean each household with respect for the wishes and requirements of its owner. We can suggest our workflows if you wish, but we can also work according to your personal habits if it matters to you. We approach households sensitively and individually.<\/p>\n<p>Our employees are very skilled and reliable, yet our company has a professional indemnity insurance of up to 10 million crowns for your better feeling, and if anything unexpected happens, we would take all the necessary steps to settle the claim.<\/p>    <\/div>\n<\/div>\n<!-- \/module text -->                    <\/div>\n                            <\/div>\n            \t    <\/div>\n\t    <!-- \/row_inner -->\n\t<\/div>\n\t<!-- \/module_row -->\n\t\t\t\t<!-- module_row -->\n\t<div  data-lazy=\"1\" class=\"module_row themify_builder_row tb_05ddd29 tf_w tf_clearfix\">\n\t    \t\t\t<div class=\"row_inner col_align_top tb_col_count_1 tf_box tf_rel\">\n\t\t            <div  data-lazy=\"1\" class=\"module_column tb-column col-full tb_a299a28 first\">\n                                                        <div class=\"tb-column-inner tf_box tf_w\">\n                        <!-- module gallery -->\n<div  class=\"module gallery module-gallery tb_8c5547a layout-grid bordered  wow\" data-tf-animation=\"fadeIn\" data-lazy=\"1\">\n    <div class=\"module-gallery-grid gallery-columns-4 tf_clear\">\n\t\t\t<dl class=\"gallery-item\">\n\t\t\t<dt class=\"gallery-icon\">\n\t\t\t<a data-title=\"\" title=\"\" href=\"https:\/\/www.arideon.cz\/wp-content\/uploads\/2019\/03\/pexels-photo-545012.jpeg\" data-rel=\"tb_8c5547a\" class=\"themify_lightbox\"><img src=\"https:\/\/www.arideon.cz\/wp-content\/uploads\/2019\/03\/pexels-photo-545012-300x200.jpeg\" width=\"300\" height=\"200\" class=\"wp-post-image wp-image-1080\" title=\"pexels-photo-545012\" alt=\"pexels-photo-545012\" srcset=\"https:\/\/www.arideon.cz\/wp-content\/uploads\/2019\/03\/pexels-photo-545012-300x200.jpeg 300w, https:\/\/www.arideon.cz\/wp-content\/uploads\/2019\/03\/pexels-photo-545012-768x512.jpeg 768w, https:\/\/www.arideon.cz\/wp-content\/uploads\/2019\/03\/pexels-photo-545012.jpeg 1000w\" sizes=\"(max-width: 300px) 100vw, 300px\" \/><\/a>\t\t\t<\/dt>\n\t\t\t<dd>\n\t\t\t\t\t\t\t\t\t\t\t<\/dd>\n\t\t<\/dl>\n\t\t\t<dl class=\"gallery-item\">\n\t\t\t<dt class=\"gallery-icon\">\n\t\t\t<a data-title=\"\" title=\"\" href=\"https:\/\/www.arideon.cz\/wp-content\/uploads\/2019\/03\/pexels-photo-1571459.jpeg\" data-rel=\"tb_8c5547a\" class=\"themify_lightbox\"><img src=\"https:\/\/www.arideon.cz\/wp-content\/uploads\/2019\/03\/pexels-photo-1571459-300x200.jpeg\" width=\"300\" height=\"200\" class=\"wp-post-image wp-image-1082\" title=\"pexels-photo-1571459\" alt=\"pexels-photo-1571459\"><\/a>\t\t\t<\/dt>\n\t\t\t<dd>\n\t\t\t\t\t\t\t\t\t\t\t<\/dd>\n\t\t<\/dl>\n\t\t\t<dl class=\"gallery-item\">\n\t\t\t<dt class=\"gallery-icon\">\n\t\t\t<a data-title=\"\" title=\"\" href=\"https:\/\/www.arideon.cz\/wp-content\/uploads\/2019\/03\/inside-3145341__480.jpg\" data-rel=\"tb_8c5547a\" class=\"themify_lightbox\"><img src=\"https:\/\/www.arideon.cz\/wp-content\/uploads\/2019\/03\/inside-3145341__480-300x200.jpg\" width=\"300\" height=\"200\" class=\"wp-post-image wp-image-1095\" title=\"inside-3145341__480\" alt=\"inside-3145341__480\" srcset=\"https:\/\/www.arideon.cz\/wp-content\/uploads\/2019\/03\/inside-3145341__480-300x200.jpg 300w, https:\/\/www.arideon.cz\/wp-content\/uploads\/2019\/03\/inside-3145341__480.jpg 720w\" sizes=\"(max-width: 300px) 100vw, 300px\" \/><\/a>\t\t\t<\/dt>\n\t\t\t<dd>\n\t\t\t\t\t\t\t\t\t\t\t<\/dd>\n\t\t<\/dl>\n\t\t\t<dl class=\"gallery-item\">\n\t\t\t<dt class=\"gallery-icon\">\n\t\t\t<a data-title=\"\" title=\"\" href=\"https:\/\/www.arideon.cz\/wp-content\/uploads\/2019\/03\/pexels-photo-1437861.jpeg\" data-rel=\"tb_8c5547a\" class=\"themify_lightbox\"><img src=\"https:\/\/www.arideon.cz\/wp-content\/uploads\/2019\/03\/pexels-photo-1437861-300x200.jpeg\" width=\"300\" height=\"200\" class=\"wp-post-image wp-image-1096\" title=\"pexels-photo-1437861\" alt=\"pexels-photo-1437861\" srcset=\"https:\/\/www.arideon.cz\/wp-content\/uploads\/2019\/03\/pexels-photo-1437861-300x200.jpeg 300w, https:\/\/www.arideon.cz\/wp-content\/uploads\/2019\/03\/pexels-photo-1437861-768x513.jpeg 768w, https:\/\/www.arideon.cz\/wp-content\/uploads\/2019\/03\/pexels-photo-1437861.jpeg 1000w\" sizes=\"(max-width: 300px) 100vw, 300px\" \/><\/a>\t\t\t<\/dt>\n\t\t\t<dd>\n\t\t\t\t\t\t\t\t\t\t\t<\/dd>\n\t\t<\/dl>\n\t<\/div>\n<\/div>\n<!-- \/module gallery -->                    <\/div>\n                            <\/div>\n            \t    <\/div>\n\t    <!-- \/row_inner -->\n\t<\/div>\n\t<!-- \/module_row -->\n\t<\/div>\n<!--\/themify_builder_content-->","protected":false},"excerpt":{"rendered":"<p>\u010cist\u00fd a uklizen\u00fd domov\u00a0 pom\u00e1h\u00e1 vytvo\u0159it pocit pohody, vyrovnanosti a vnit\u0159n\u00edho klidu v n\u00e1s i na\u0161ich rodin\u00e1ch. \u00daklidy Sh\u00e1n\u00edte-li spole\u010dnost, kter\u00e1 V\u00e1m zajist\u00ed komplexn\u00ed slu\u017eby spojen\u00e9 s chodem dom\u00e1cnosti, kontaktujte n\u00e1s. Pe\u010dliv\u011b uklid\u00edme V\u00e1\u0161 byt \u010di d\u016fm, a\u0165 se ji\u017e jedn\u00e1 o pravideln\u00e9 doch\u00e1zen\u00ed do Va\u0161\u00ed dom\u00e1cnosti, \u010di jen nepravideln\u00fd mal\u00fd \u00faklid, nebo gener\u00e1ln\u00ed \u00faklid [&hellip;]<\/p>\n","protected":false},"author":1,"featured_media":0,"parent":1340,"menu_order":0,"comment_status":"closed","ping_status":"closed","template":"","meta":{"_mi_skip_tracking":false},"builder_content":"<p>Clean and tidy home <\/p>\n<p>helps to create a sense of well-being, equanimity<\/p> <p>and inner peace within ourselves and our families.<\/p>\n<h1>Cleaning<\/h1> <p>If you are looking for a company that will provide you with comprehensive services related to the running of your household, contact us.<\/p> <p>We carefully clean your apartment or house, whether it is a regular visit to your home, or just an irregular small cleaning, or general cleaning before Christmas, in the spring, or perhaps a big cleaning after moving and mess associated with the reconstruction.<\/p> <p>We strive to offer our clients a truly comprehensive service - you can contact us not only with regular cleaning, but also with ironing, cooking, shopping, car interior cleaning, classic laundry or dry cleaning (taking clothes to the dry cleaner, picking up and returning them to your home).<\/p> <p>We clean each household with respect for the wishes and requirements of its owner. We can suggest our workflows if you wish, but we can also work according to your personal habits if it matters to you. We approach households sensitively and individually.<\/p> <p>Our employees are very skilled and reliable, yet our company has a professional indemnity insurance of up to 10 million crowns for your better feeling, and if anything unexpected happens, we would take all the necessary steps to settle the claim.<\/p>\n[gallery ids=\"420,433,460,461\"]","_links":{"self":[{"href":"https:\/\/www.arideon.cz\/en\/wp-json\/wp\/v2\/pages\/1328"}],"collection":[{"href":"https:\/\/www.arideon.cz\/en\/wp-json\/wp\/v2\/pages"}],"about":[{"href":"https:\/\/www.arideon.cz\/en\/wp-json\/wp\/v2\/types\/page"}],"author":[{"embeddable":true,"href":"https:\/\/www.arideon.cz\/en\/wp-json\/wp\/v2\/users\/1"}],"replies":[{"embeddable":true,"href":"https:\/\/www.arideon.cz\/en\/wp-json\/wp\/v2\/comments?post=1328"}],"version-history":[{"count":3,"href":"https:\/\/www.arideon.cz\/en\/wp-json\/wp\/v2\/pages\/1328\/revisions"}],"predecessor-version":[{"id":1350,"href":"https:\/\/www.arideon.cz\/en\/wp-json\/wp\/v2\/pages\/1328\/revisions\/1350"}],"up":[{"embeddable":true,"href":"https:\/\/www.arideon.cz\/en\/wp-json\/wp\/v2\/pages\/1340"}],"wp:attachment":[{"href":"https:\/\/www.arideon.cz\/en\/wp-json\/wp\/v2\/media?parent=1328"}],"curies":[{"name":"wp","href":"https:\/\/api.w.org\/{rel}","templated":true}]}}