{"id":1330,"date":"2019-03-10T20:29:20","date_gmt":"2019-03-10T19:29:20","guid":{"rendered":"https:\/\/www.arideon.cz\/about-us\/"},"modified":"2023-03-30T13:03:11","modified_gmt":"2023-03-30T11:03:11","slug":"about-us","status":"publish","type":"page","link":"https:\/\/www.arideon.cz\/en\/about-us\/","title":{"rendered":"About us"},"content":{"rendered":"<!--themify_builder_content-->\n<div id=\"themify_builder_content-1330\" data-postid=\"1330\" class=\"themify_builder_content themify_builder_content-1330 themify_builder tf_clear\">\n    \t\t\t<!-- module_row -->\n\t<div  data-lazy=\"1\" class=\"module_row themify_builder_row tb_3224937 tb_first tf_w tf_clearfix\">\n\t    \t\t\t<div class=\"row_inner col_align_top tb_col_count_1 tf_box tf_rel\">\n\t\t            <div  data-lazy=\"1\" class=\"module_column tb-column col-full tb_2aba042 first\">\n                                                        <div class=\"tb-column-inner tf_box tf_w\">\n                        <!-- module text -->\n<div  class=\"module module-text tb_f47b5b3  repeat \" data-lazy=\"1\">\n        <div  class=\"tb_text_wrap\">\n    <p>Our goal is to make your job easier.<\/p>    <\/div>\n<\/div>\n<!-- \/module text --><!-- module text -->\n<div  class=\"module module-text tb_smoe080  repeat \" data-lazy=\"1\">\n        <div  class=\"tb_text_wrap\">\n    <p>And we are succeeding.<\/p>    <\/div>\n<\/div>\n<!-- \/module text -->                    <\/div>\n                            <\/div>\n            \t    <\/div>\n\t    <!-- \/row_inner -->\n\t<\/div>\n\t<!-- \/module_row -->\n\t\t\t\t<!-- module_row -->\n\t<div  data-lazy=\"1\" class=\"module_row themify_builder_row tb_e45e4ea tf_w tf_clearfix\">\n\t    \t\t\t<div class=\"row_inner col_align_top tb_col_count_1 tf_box tf_rel\">\n\t\t            <div  data-lazy=\"1\" class=\"module_column tb-column col-full tb_4d287ab first\">\n                                                        <div class=\"tb-column-inner tf_box tf_w\">\n                        <!-- module text -->\n<div  class=\"module module-text tb_ea941f4  repeat \" data-lazy=\"1\">\n        <div  class=\"tb_text_wrap\">\n    <h1>About us<\/h1>    <\/div>\n<\/div>\n<!-- \/module text --><!-- module text -->\n<div  class=\"module module-text tb_e6463a3  repeat \" data-lazy=\"1\">\n        <div  class=\"tb_text_wrap\">\n    <p>Welcome to Arideon company. Born from wish to help others to live harmonious, peaceful, worry-free, and \u201cclean\u201d lives.<\/p>\n<p>It will be our pleasure if you take some time to go through our offers to find out how complex and wide range of services we provide. We take care not only of big commercial and residential premises, but we provide same services quality to the smallest clients like households and small offices. Our core services include complete property management and cleaning services together with other specific activities.<\/p>\n<p>Our main focus is to provide perfect services while respecting personalized and sensitive approach to every individual client. We do believe that these values will fulfill your expectations and will make you one of our satisfied clients.<\/p>\n<h2><span style=\"font-weight: 400;\">Our goal<\/span><\/h2>\n<p>Our mission is to provide meaningful services which will allow you \u2013 our clients \u2013 to spend your precious time on other important business or private matters which life brings.<\/p>\n<p>We care about our clients satisfaction, and we will always do our best to meet their wishes and expectations up to highest level possible. Our aim is having you to look forward to coming back to us assured that we can always help.<\/p>\n<p>Contact us anytime and together we will find the most suitable solution to your needs including tailor-made schedules, price plans.<\/p>\n<p>Our goal is your satisfaction.<\/p>\n<p>Our entire Arideon team is looking forward to cooperation with you.<\/p>    <\/div>\n<\/div>\n<!-- \/module text --><!-- module feature -->\n<div  class=\"module module-feature tb_fe5f1c2 with-chart layout-icon-right size-small \" data-lazy=\"1\">\n        <div class=\"module-feature-image tf_textc tf_rel\">\n\t\t\t\t\t\t\t<span class=\"module-feature-chart-html5 tf_box tf_rel tf_inline_b\">\n\t\t\t\t\t\t\t<svg class=\"tf_abs tf_w tf_h\">\n\t\t\t\t<circle class=\"tb_feature_fill\" r=\"calc(50% - 1.00px)\" cx=\"50%\" cy=\"50%\" stroke-width=\"2\"\/>\n\t\t\t\t<circle class=\"tb_feature_stroke\" r=\"calc(50% - 1.00px)\" cx=\"50%\" cy=\"50%\" stroke=\"#061d3b\" stroke-width=\"2\" data-progress=\"100\" stroke-dasharray=\"0,10000\"\/>\n\t\t\t\t\t\t\t\t<\/svg>\n\t\t\t\t\t\t\t<span class=\"chart-html5-circle tf_w tf_h\">\n\t\t\t\t\t\t\t\t\t\t\t<img style=\"width:calc(100% - 4px);height:calc(100% - 4px)\" src=\"http:\/\/www.arideon.cz\/wp-content\/uploads\/2019\/03\/favicon.png\" alt=\"Lukas Rieger\">\n\t\t\t\t\t\t\t\t\t<\/span>\n\n\t\t\t\t\n\t\t\t<\/span>\n\t\t\t    <\/div>\n    <div class=\"module-feature-content tf_textc\">\n\t\t\t\t\t<h3 class=\"module-feature-title\">\n\t\t\t\t\t\t\tLukas Rieger\t\t\t\t\t\t<\/h3>\n\t\t\t\t\t<div class=\"tb_text_wrap\">\n\t\t\t<p>Managing Director<br><span style=\"font-weight: 400;\">lukas.rieger@arideon.cz<\/span><\/p>\t\t<\/div>\n    <\/div>\n<\/div>\n<!-- \/module feature -->\n                    <\/div>\n                            <\/div>\n            \t    <\/div>\n\t    <!-- \/row_inner -->\n\t<\/div>\n\t<!-- \/module_row -->\n\t<\/div>\n<!--\/themify_builder_content-->","protected":false},"excerpt":{"rendered":"<p>Na\u0161\u00edm c\u00edlem je uleh\u010dit v\u00e1m pr\u00e1ci. A to se n\u00e1m da\u0159\u00ed. O n\u00e1s Dobr\u00fd den, r\u00e1di bychom V\u00e1m p\u0159edstavili na\u0161i spole\u010dnost, u jej\u00edho\u017e zrodu st\u00e1lo p\u0159\u00e1n\u00ed pom\u00e1hat svou prac\u00ed druh\u00fdm k harmonick\u00e9mu, klidn\u00e9mu &#8211; a uklizen\u00e9mu &#8211; \u017eivotu.\u00a0 Budeme pot\u011b\u0161eni, kdy\u017e v\u011bnujete sv\u016fj \u010das prohl\u00eddce na\u0161\u00ed nab\u00eddky. Pe\u010dujeme o mal\u00e9 dom\u00e1cnosti a kancel\u00e1\u0159e stejn\u011b poctiv\u011b [&hellip;]<\/p>\n","protected":false},"author":1,"featured_media":0,"parent":0,"menu_order":0,"comment_status":"closed","ping_status":"closed","template":"","meta":{"_mi_skip_tracking":false},"builder_content":"<p>Our goal is to make your job easier.<\/p>\n<p>And we are succeeding.<\/p>\n<h1>About us<\/h1>\n<p>Welcome to Arideon company. Born from wish to help others to live harmonious, peaceful, worry-free, and \u201cclean\u201d lives.<\/p> <p>It will be our pleasure if you take some time to go through our offers to find out how complex and wide range of services we provide. We take care not only of big commercial and residential premises, but we provide same services quality to the smallest clients like households and small offices. Our core services include complete property management and cleaning services together with other specific activities.<\/p> <p>Our main focus is to provide perfect services while respecting personalized and sensitive approach to every individual client. We do believe that these values will fulfill your expectations and will make you one of our satisfied clients.<\/p> <h2>Our goal<\/h2> <p>Our mission is to provide meaningful services which will allow you \u2013 our clients \u2013 to spend your precious time on other important business or private matters which life brings.<\/p> <p>We care about our clients satisfaction, and we will always do our best to meet their wishes and expectations up to highest level possible. Our aim is having you to look forward to coming back to us assured that we can always help.<\/p> <p>Contact us anytime and together we will find the most suitable solution to your needs including tailor-made schedules, price plans.<\/p> <p>Our goal is your satisfaction.<\/p> <p>Our entire Arideon team is looking forward to cooperation with you.<\/p>\n<svg> <circle r=\"calc(50% - 1.00px)\" cx=\"50%\" cy=\"50%\" stroke-width=\"2\"\/> <circle r=\"calc(50% - 1.00px)\" cx=\"50%\" cy=\"50%\" stroke=\"#061d3b\" stroke-width=\"2\" data-progress=\"100\" stroke-dasharray=\"0,10000\"\/> <\/svg> <img style=\"width:calc(100% - 4px);height:calc(100% - 4px)\" src=\"http:\/\/www.arideon.cz\/wp-content\/uploads\/2019\/03\/favicon.png\" alt=\"Lukas Rieger\"> \n <h3> Lukas Rieger <\/h3> <p>Managing Director<br>lukas.rieger@arideon.cz<\/p>","_links":{"self":[{"href":"https:\/\/www.arideon.cz\/en\/wp-json\/wp\/v2\/pages\/1330"}],"collection":[{"href":"https:\/\/www.arideon.cz\/en\/wp-json\/wp\/v2\/pages"}],"about":[{"href":"https:\/\/www.arideon.cz\/en\/wp-json\/wp\/v2\/types\/page"}],"author":[{"embeddable":true,"href":"https:\/\/www.arideon.cz\/en\/wp-json\/wp\/v2\/users\/1"}],"replies":[{"embeddable":true,"href":"https:\/\/www.arideon.cz\/en\/wp-json\/wp\/v2\/comments?post=1330"}],"version-history":[{"count":2,"href":"https:\/\/www.arideon.cz\/en\/wp-json\/wp\/v2\/pages\/1330\/revisions"}],"predecessor-version":[{"id":1457,"href":"https:\/\/www.arideon.cz\/en\/wp-json\/wp\/v2\/pages\/1330\/revisions\/1457"}],"wp:attachment":[{"href":"https:\/\/www.arideon.cz\/en\/wp-json\/wp\/v2\/media?parent=1330"}],"curies":[{"name":"wp","href":"https:\/\/api.w.org\/{rel}","templated":true}]}}