{"id":1333,"date":"2019-03-10T20:38:57","date_gmt":"2019-03-10T19:38:57","guid":{"rendered":"https:\/\/www.arideon.cz\/companies\/price-list\/"},"modified":"2023-03-30T16:21:09","modified_gmt":"2023-03-30T14:21:09","slug":"price-list","status":"publish","type":"page","link":"https:\/\/www.arideon.cz\/en\/companies\/price-list\/","title":{"rendered":"Price list"},"content":{"rendered":"<!--themify_builder_content-->\n<div id=\"themify_builder_content-1333\" data-postid=\"1333\" class=\"themify_builder_content themify_builder_content-1333 themify_builder tf_clear\">\n    \t\t\t<!-- module_row -->\n\t<div  data-lazy=\"1\" class=\"module_row themify_builder_row tb_fb894e0 tb_first tf_w tf_clearfix\">\n\t    \t\t\t<div class=\"row_inner col_align_top tb_col_count_1 tf_box tf_rel\">\n\t\t            <div  data-lazy=\"1\" class=\"module_column tb-column col-full tb_703ea9b first\">\n                                                        <div class=\"tb-column-inner tf_box tf_w\">\n                        <!-- module text -->\n<div  class=\"module module-text tb_34fe0b7  repeat \" data-lazy=\"1\">\n        <div  class=\"tb_text_wrap\">\n    <h1>Price list of services for companies<\/h1>\n<ul>\n<li>We understand that every client is different and have individual needs and expectations. The final price quotation of the services for each client always reflects all the individual aspects.<\/li>\n<li>Therefore, please do not hesitate to contact us by filling short form bellow. We will get back to you in no time to discuss your enquiry further and to find solution which will fit your needs best.<\/li>\n<\/ul>    <\/div>\n<\/div>\n<!-- \/module text --><!-- module buttons -->\n<div  class=\"module module-buttons tb_c172f81 buttons-horizontal outline  large squared\" data-lazy=\"1\">\n    \t<div class=\"module-buttons-item tf_inline_b\">\n\t\t\t\t\t\t\t<a href=\"https:\/\/www.arideon.cz\/en\/companies\/order-form\/\" class=\"ui builder_button black\" >\n\t\t\t\t\t\t\t\t\t\t\t<span class=\"tf_inline_b tf_vmiddle\">Inquiry form<\/span>\n\t\t\t\t\t\t\t\t\t\t\t<\/a>\n\t\t\t    \t<\/div>\n    <\/div>\n<!-- \/module buttons -->\n                    <\/div>\n                            <\/div>\n            \t    <\/div>\n\t    <!-- \/row_inner -->\n\t<\/div>\n\t<!-- \/module_row -->\n\t<\/div>\n<!--\/themify_builder_content-->","protected":false},"excerpt":{"rendered":"<p>Cen\u00edk slu\u017eeb pro firmy Ceny slu\u017eeb pro firmy jsou v\u017edy individu\u00e1ln\u00ed. Z\u00e1vis\u00ed na rozsahu slu\u017eeb, typu slu\u017eeb, \u010detnosti, velikosti plochy, zda zaji\u0161\u0165ujeme spot\u0159ebn\u00ed a drogistick\u00fd materi\u00e1l, a na mnoha dal\u0161\u00edch faktorech&#8230; Pros\u00edm, jestli m\u016f\u017eete vyplnit n\u00e1\u0161 kr\u00e1tk\u00fd formul\u00e1\u0159 s kontaktem na V\u00e1s a my se V\u00e1m ozveme, zjist\u00edme, co pot\u0159ebujete a vypracujeme V\u00e1m cenovou nab\u00eddku [&hellip;]<\/p>\n","protected":false},"author":1,"featured_media":0,"parent":1313,"menu_order":0,"comment_status":"closed","ping_status":"closed","template":"","meta":{"_mi_skip_tracking":false},"builder_content":"<h1>Price list of services for companies<\/h1> <ul> <li>We understand that every client is different and have individual needs and expectations. The final price quotation of the services for each client always reflects all the individual aspects.<\/li> <li>Therefore, please do not hesitate to contact us by filling short form bellow. We will get back to you in no time to discuss your enquiry further and to find solution which will fit your needs best.<\/li> <\/ul>\n<a href=\"https:\/\/www.arideon.cz\/en\/companies\/order-form\/\" > Inquiry form <\/a>","_links":{"self":[{"href":"https:\/\/www.arideon.cz\/en\/wp-json\/wp\/v2\/pages\/1333"}],"collection":[{"href":"https:\/\/www.arideon.cz\/en\/wp-json\/wp\/v2\/pages"}],"about":[{"href":"https:\/\/www.arideon.cz\/en\/wp-json\/wp\/v2\/types\/page"}],"author":[{"embeddable":true,"href":"https:\/\/www.arideon.cz\/en\/wp-json\/wp\/v2\/users\/1"}],"replies":[{"embeddable":true,"href":"https:\/\/www.arideon.cz\/en\/wp-json\/wp\/v2\/comments?post=1333"}],"version-history":[{"count":3,"href":"https:\/\/www.arideon.cz\/en\/wp-json\/wp\/v2\/pages\/1333\/revisions"}],"predecessor-version":[{"id":1465,"href":"https:\/\/www.arideon.cz\/en\/wp-json\/wp\/v2\/pages\/1333\/revisions\/1465"}],"up":[{"embeddable":true,"href":"https:\/\/www.arideon.cz\/en\/wp-json\/wp\/v2\/pages\/1313"}],"wp:attachment":[{"href":"https:\/\/www.arideon.cz\/en\/wp-json\/wp\/v2\/media?parent=1333"}],"curies":[{"name":"wp","href":"https:\/\/api.w.org\/{rel}","templated":true}]}}