{"id":1339,"date":"2019-03-10T20:38:30","date_gmt":"2019-03-10T19:38:30","guid":{"rendered":"https:\/\/www.arideon.cz\/companies\/garden-services\/"},"modified":"2023-03-30T12:41:07","modified_gmt":"2023-03-30T10:41:07","slug":"garden-services","status":"publish","type":"page","link":"https:\/\/www.arideon.cz\/en\/companies\/garden-services\/","title":{"rendered":"Garden services"},"content":{"rendered":"<!--themify_builder_content-->\n<div id=\"themify_builder_content-1339\" data-postid=\"1339\" class=\"themify_builder_content themify_builder_content-1339 themify_builder tf_clear\">\n    \t\t\t<!-- module_row -->\n\t<div  data-css_id=\"f2ebd88\" data-lazy=\"1\" class=\"module_row themify_builder_row fullwidth tb_f2ebd88 tb_first tf_w tf_clearfix\">\n\t    <div class=\"builder_row_cover tf_abs\"><\/div>\t\t\t<div class=\"row_inner col_align_top tb_col_count_1 tf_box tf_rel\">\n\t\t            <div  data-lazy=\"1\" class=\"module_column tb-column col-full tb_716c799 first\">\n                                                        <div class=\"tb-column-inner tf_box tf_w\">\n                        <!-- module text -->\n<div  class=\"module module-text tb_e2fcd09  repeat \" data-lazy=\"1\">\n        <div  class=\"tb_text_wrap\">\n    <p>Professional and auxiliary<\/p>    <\/div>\n<\/div>\n<!-- \/module text --><!-- module text -->\n<div  class=\"module module-text tb_a64fe6e  repeat \" data-lazy=\"1\">\n        <div  class=\"tb_text_wrap\">\n    <p>garden work<\/p>    <\/div>\n<\/div>\n<!-- \/module text -->                    <\/div>\n                            <\/div>\n            \t    <\/div>\n\t    <!-- \/row_inner -->\n\t<\/div>\n\t<!-- \/module_row -->\n\t\t\t\t<!-- module_row -->\n\t<div  data-lazy=\"1\" class=\"module_row themify_builder_row tb_09b711c tf_w tf_clearfix\">\n\t    \t\t\t<div class=\"row_inner col_align_top tb_col_count_1 tf_box tf_rel\">\n\t\t            <div  data-lazy=\"1\" class=\"module_column tb-column col-full tb_acf507c first\">\n                                                        <div class=\"tb-column-inner tf_box tf_w\">\n                        <!-- module text -->\n<div  class=\"module module-text tb_e213308  repeat \" data-lazy=\"1\">\n        <div  class=\"tb_text_wrap\">\n    <h1>Garden services<\/h1>\n<ul>\n<li>Among our property management services we also provide professional garden services for both private and commercial clients.<\/li>\n<li>As a part of the building surroundings management we can provide services like winter maintenance, emergency service etc.<\/li>\n<li>Prices are individual and do subject to a location and expectations assessment.<\/li>\n<\/ul>    <\/div>\n<\/div>\n<!-- \/module text -->                    <\/div>\n                            <\/div>\n            \t    <\/div>\n\t    <!-- \/row_inner -->\n\t<\/div>\n\t<!-- \/module_row -->\n\t\t\t\t<!-- module_row -->\n\t<div  data-lazy=\"1\" class=\"module_row themify_builder_row tb_05ddd29 tf_w tf_clearfix\">\n\t    \t\t\t<div class=\"row_inner col_align_top tb_col_count_1 tf_box tf_rel\">\n\t\t            <div  data-lazy=\"1\" class=\"module_column tb-column col-full tb_a299a28 first\">\n                                                        <div class=\"tb-column-inner tf_box tf_w\">\n                        <!-- module gallery -->\n<div  class=\"module gallery module-gallery tb_8c5547a layout-grid bordered  wow\" data-tf-animation=\"fadeIn\" data-lazy=\"1\">\n    <div class=\"module-gallery-grid gallery-columns-4 tf_clear\">\n\t\t\t<dl class=\"gallery-item\">\n\t\t\t<dt class=\"gallery-icon\">\n\t\t\t<a data-title=\"\" title=\"\" href=\"https:\/\/www.arideon.cz\/wp-content\/uploads\/2019\/03\/dresden-115553_1920.jpg\" data-rel=\"tb_8c5547a\" class=\"themify_lightbox\"><img src=\"https:\/\/www.arideon.cz\/wp-content\/uploads\/2019\/03\/dresden-115553_1920-1024x768-300x200.jpg\" width=\"300\" height=\"200\" class=\"wp-post-image wp-image-1117\" title=\"dresden-115553_1920\" alt=\"dresden-115553_1920\"><\/a>\t\t\t<\/dt>\n\t\t\t<dd>\n\t\t\t\t\t\t\t\t\t\t\t<\/dd>\n\t\t<\/dl>\n\t\t\t<dl class=\"gallery-item\">\n\t\t\t<dt class=\"gallery-icon\">\n\t\t\t<a data-title=\"\" title=\"\" href=\"https:\/\/www.arideon.cz\/wp-content\/uploads\/2019\/03\/soil-2561136_1920.jpg\" data-rel=\"tb_8c5547a\" class=\"themify_lightbox\"><img src=\"https:\/\/www.arideon.cz\/wp-content\/uploads\/2019\/03\/soil-2561136_1920-1024x682-300x200.jpg\" width=\"300\" height=\"200\" class=\"wp-post-image wp-image-1116\" title=\"soil-2561136_1920\" alt=\"soil-2561136_1920\" srcset=\"https:\/\/www.arideon.cz\/wp-content\/uploads\/2019\/03\/soil-2561136_1920-1024x682-300x200.jpg 300w, https:\/\/www.arideon.cz\/wp-content\/uploads\/2019\/03\/soil-2561136_1920-768x512.jpg 768w, https:\/\/www.arideon.cz\/wp-content\/uploads\/2019\/03\/soil-2561136_1920-1024x682.jpg 1024w, https:\/\/www.arideon.cz\/wp-content\/uploads\/2019\/03\/soil-2561136_1920.jpg 1920w\" sizes=\"(max-width: 300px) 100vw, 300px\" \/><\/a>\t\t\t<\/dt>\n\t\t\t<dd>\n\t\t\t\t\t\t\t\t\t\t\t<\/dd>\n\t\t<\/dl>\n\t\t\t<dl class=\"gallery-item\">\n\t\t\t<dt class=\"gallery-icon\">\n\t\t\t<a data-title=\"\" title=\"\" href=\"https:\/\/www.arideon.cz\/wp-content\/uploads\/2019\/03\/lawnmower-384589_1920.jpg\" data-rel=\"tb_8c5547a\" class=\"themify_lightbox\"><img src=\"https:\/\/www.arideon.cz\/wp-content\/uploads\/2019\/03\/lawnmower-384589_1920-1024x680-300x200.jpg\" width=\"300\" height=\"200\" class=\"wp-post-image wp-image-1115\" title=\"lawnmower-384589_1920\" alt=\"lawnmower-384589_1920\" srcset=\"https:\/\/www.arideon.cz\/wp-content\/uploads\/2019\/03\/lawnmower-384589_1920-1024x680-300x200.jpg 300w, https:\/\/www.arideon.cz\/wp-content\/uploads\/2019\/03\/lawnmower-384589_1920-768x510.jpg 768w, https:\/\/www.arideon.cz\/wp-content\/uploads\/2019\/03\/lawnmower-384589_1920-1024x680.jpg 1024w, https:\/\/www.arideon.cz\/wp-content\/uploads\/2019\/03\/lawnmower-384589_1920.jpg 1920w\" sizes=\"(max-width: 300px) 100vw, 300px\" \/><\/a>\t\t\t<\/dt>\n\t\t\t<dd>\n\t\t\t\t\t\t\t\t\t\t\t<\/dd>\n\t\t<\/dl>\n\t\t\t<dl class=\"gallery-item\">\n\t\t\t<dt class=\"gallery-icon\">\n\t\t\t<a data-title=\"\" title=\"\" href=\"https:\/\/www.arideon.cz\/wp-content\/uploads\/2019\/03\/net-1133487_1920.jpg\" data-rel=\"tb_8c5547a\" class=\"themify_lightbox\"><img src=\"https:\/\/www.arideon.cz\/wp-content\/uploads\/2019\/03\/net-1133487_1920-1024x768-300x200.jpg\" width=\"300\" height=\"200\" class=\"wp-post-image wp-image-1118\" title=\"net-1133487_1920\" alt=\"net-1133487_1920\"><\/a>\t\t\t<\/dt>\n\t\t\t<dd>\n\t\t\t\t\t\t\t\t\t\t\t<\/dd>\n\t\t<\/dl>\n\t<\/div>\n<\/div>\n<!-- \/module gallery -->                    <\/div>\n                            <\/div>\n            \t    <\/div>\n\t    <!-- \/row_inner -->\n\t<\/div>\n\t<!-- \/module_row -->\n\t<\/div>\n<!--\/themify_builder_content-->","protected":false},"excerpt":{"rendered":"<p>Odborn\u00e9 i pomocn\u00e9 zahradn\u00ed pr\u00e1ce Zahradn\u00ed slu\u017eby V r\u00e1mci spr\u00e1vy nemovitost\u00ed, \u00faklid\u016f a p\u00e9\u010de o SVJ a jin\u00e9 firemn\u00ed i soukrom\u00e9 klienty poskytujeme rovn\u011b\u017e zahradnick\u00e9 pr\u00e1ce. Tyto slu\u017eby zaji\u0161\u0165uj\u00ed odborn\u00edci.\u00a0 Ceny ur\u010dujeme dle konkr\u00e9tn\u00edch po\u017eadavk\u016f na z\u00e1klad\u011b osobn\u00ed prohl\u00eddky. V r\u00e1mci p\u00e9\u010de o okol\u00ed objekt\u016f, kter\u00e9 m\u00e1me na starost, zaji\u0161\u0165ujeme samoz\u0159ejm\u011b i jin\u00e9 pr\u00e1ce dle [&hellip;]<\/p>\n","protected":false},"author":1,"featured_media":0,"parent":1313,"menu_order":0,"comment_status":"closed","ping_status":"closed","template":"","meta":{"_mi_skip_tracking":false},"builder_content":"<p>Professional and auxiliary<\/p>\n<p>garden work<\/p>\n<h1>Garden services<\/h1> <ul> <li>Among our property management services we also provide professional garden services for both private and commercial clients.<\/li> <li>As a part of the building surroundings management we can provide services like winter maintenance, emergency service etc.<\/li> <li>Prices are individual and do subject to a location and expectations assessment.<\/li> <\/ul>\n[gallery ids=\"527,526,525,528\"]","_links":{"self":[{"href":"https:\/\/www.arideon.cz\/en\/wp-json\/wp\/v2\/pages\/1339"}],"collection":[{"href":"https:\/\/www.arideon.cz\/en\/wp-json\/wp\/v2\/pages"}],"about":[{"href":"https:\/\/www.arideon.cz\/en\/wp-json\/wp\/v2\/types\/page"}],"author":[{"embeddable":true,"href":"https:\/\/www.arideon.cz\/en\/wp-json\/wp\/v2\/users\/1"}],"replies":[{"embeddable":true,"href":"https:\/\/www.arideon.cz\/en\/wp-json\/wp\/v2\/comments?post=1339"}],"version-history":[{"count":2,"href":"https:\/\/www.arideon.cz\/en\/wp-json\/wp\/v2\/pages\/1339\/revisions"}],"predecessor-version":[{"id":1451,"href":"https:\/\/www.arideon.cz\/en\/wp-json\/wp\/v2\/pages\/1339\/revisions\/1451"}],"up":[{"embeddable":true,"href":"https:\/\/www.arideon.cz\/en\/wp-json\/wp\/v2\/pages\/1313"}],"wp:attachment":[{"href":"https:\/\/www.arideon.cz\/en\/wp-json\/wp\/v2\/media?parent=1339"}],"curies":[{"name":"wp","href":"https:\/\/api.w.org\/{rel}","templated":true}]}}