{"id":1340,"date":"2019-03-10T17:52:59","date_gmt":"2019-03-10T16:52:59","guid":{"rendered":"https:\/\/www.arideon.cz\/households\/"},"modified":"2023-03-20T17:01:48","modified_gmt":"2023-03-20T16:01:48","slug":"households","status":"publish","type":"page","link":"https:\/\/www.arideon.cz\/en\/households\/","title":{"rendered":"Households"},"content":{"rendered":"<!--themify_builder_content-->\n<div id=\"themify_builder_content-1340\" data-postid=\"1340\" class=\"themify_builder_content themify_builder_content-1340 themify_builder tf_clear\">\n    \t\t\t<!-- module_row -->\n\t<div  data-css_id=\"f2ebd88\" data-lazy=\"1\" class=\"module_row themify_builder_row fullwidth tb_f2ebd88 tb_first tf_w tf_clearfix\">\n\t    <div class=\"builder_row_cover tf_abs\"><\/div>\t\t\t<div class=\"row_inner col_align_top tb_col_count_1 tf_box tf_rel\">\n\t\t            <div  data-lazy=\"1\" class=\"module_column tb-column col-full tb_716c799 first\">\n                                                        <div class=\"tb-column-inner tf_box tf_w\">\n                        <!-- module image -->\n<div  class=\"module module-image tb_289c3aa   image-top tf_mw\" data-lazy=\"1\">\n        <div class=\"image-wrap tf_rel tf_mw\">\n\t\t    <img src=\"http:\/\/www.arideon.cz\/wp-content\/uploads\/2019\/03\/domacnost_ikona_zlata.svg\" width=\"100\" title=\"Households\" alt=\"Households\">\t\n\t\t<\/div>\n\t<!-- \/image-wrap -->\n    \n    \t<\/div>\n<!-- \/module image --><!-- module text -->\n<div  class=\"module module-text tb_e2fcd09  repeat \" data-lazy=\"1\">\n        <div  class=\"tb_text_wrap\">\n    \n          <h1>Households<\/h1>\n            <\/div>\n<\/div>\n<!-- \/module text --><!-- module text -->\n<div  class=\"module module-text tb_a64fe6e  repeat \" data-lazy=\"1\">\n        <div  class=\"tb_text_wrap\">\n    \n          <p>Every home is unique. We know this and we can respect it.<\/p>\n            <\/div>\n<\/div>\n<!-- \/module text -->                    <\/div>\n                            <\/div>\n            \t    <\/div>\n\t    <!-- \/row_inner -->\n\t<\/div>\n\t<!-- \/module_row -->\n\t\t\t\t<!-- module_row -->\n\t<div  data-lazy=\"1\" class=\"module_row themify_builder_row tb_09b711c tf_w tf_clearfix\">\n\t    \t\t\t<div class=\"row_inner col_align_top tb_col_count_1 tf_box tf_rel\">\n\t\t            <div  data-lazy=\"1\" class=\"module_column tb-column col-full tb_acf507c first\">\n                                                        <div class=\"tb-column-inner tf_box tf_w\">\n                        <!-- module text -->\n<div  class=\"module module-text tb_e213308  repeat \" data-lazy=\"1\">\n        <div  class=\"tb_text_wrap\">\n    \n          <p style=\"margin: 0px 0px 1.3em; padding: 0px; color: #5c5c5c; font-family: 'Open Sans'; font-size: 16px; font-style: normal; font-variant-ligatures: normal; font-variant-caps: normal; font-weight: 300; letter-spacing: normal; orphans: 2; text-align: start; text-indent: 0px; text-transform: none; white-space: normal; widows: 2; word-spacing: 0px; -webkit-text-stroke-width: 0px; text-decoration-style: initial; text-decoration-color: initial;\">Once upon a time you deeply considered and carefully chose a place that would give you a sense of background and home and you chose this space. You&#8217;re putting a piece of yourself into it. When you chose the place, you imagined yourself in beautiful conditions &#8211; in a <strong>clean, tidy interior.<\/strong> <\/p>\n          \n\n          <p style=\"margin: 0px 0px 1.3em; padding: 0px; color: #5c5c5c; font-family: 'Open Sans'; font-size: 16px; font-style: normal; font-variant-ligatures: normal; font-variant-caps: normal; font-weight: 300; letter-spacing: normal; orphans: 2; text-align: start; text-indent: 0px; text-transform: none; white-space: normal; widows: 2; word-spacing: 0px; -webkit-text-stroke-width: 0px; text-decoration-style: initial; text-decoration-color: initial;\">Yet, thanks to the lifestyle we have today, sometimes you don&#8217;t enjoy your job as much as you would like because you might come home tired. We are prevented from enjoying and fully experiencing the apartment and the peace it is supposed to give us by the tasks associated with using the apartment.<\/p>\n          \n\n          <p style=\"margin: 0px 0px 1.3em; padding: 0px; color: #5c5c5c; font-family: 'Open Sans'; font-size: 16px; font-style: normal; font-variant-ligatures: normal; font-variant-caps: normal; font-weight: 300; letter-spacing: normal; orphans: 2; text-align: start; text-indent: 0px; text-transform: none; white-space: normal; widows: 2; word-spacing: 0px; -webkit-text-stroke-width: 0px; text-decoration-style: initial; text-decoration-color: initial;\">We provide the care you need to ensure that your apartment is still the oasis of peace and tranquility you dreamed of when you bought it.<\/p>\n          \n\n          <p>In the household section you can find the following items:<\/p>\n            <\/div>\n<\/div>\n<!-- \/module text --><!-- module menu -->\n<div  class=\"module module-menu tb_96eb372  mobile-menu-slide\" data-menu-style=\"mobile-menu-slide\" data-menu-breakpoint=\"\" data-menu-direction=\"right\" data-element-id=\"tb_96eb372\" data-lazy=\"1\">\n    \t\n\t<div class=\"module-menu-container\"><ul id=\"menu-domacnosti-anglictina\" class=\"ui tf_clearfix nav tf_rel vertical transparent\"><li id=\"menu-item-1372\" class=\"menu-item-page-1328 menu-item menu-item-type-post_type menu-item-object-page menu-item-1372 menu-page-1328-parent-\"><a href=\"https:\/\/www.arideon.cz\/en\/households\/cleaning\/\">Cleaning<\/a><\/li>\n<li id=\"menu-item-1373\" class=\"menu-item-page-1321 menu-item menu-item-type-post_type menu-item-object-page menu-item-1373 menu-page-1321-parent-\"><a href=\"https:\/\/www.arideon.cz\/en\/households\/luxury-care\/\">Luxury care<\/a><\/li>\n<li id=\"menu-item-1374\" class=\"menu-item-page-1316 menu-item menu-item-type-post_type menu-item-object-page menu-item-1374 menu-page-1316-parent-\"><a href=\"https:\/\/www.arideon.cz\/en\/households\/machine-cleaning\/\">Machine cleaning<\/a><\/li>\n<li id=\"menu-item-1309\" class=\"menu-item-page-1254 menu-item menu-item-type-post_type menu-item-object-page menu-item-1309 menu-page-1254-parent-\"><a href=\"https:\/\/www.arideon.cz\/en\/households\/gardening-services\/\">Gardening services<\/a><\/li>\n<li id=\"menu-item-1310\" class=\"menu-item-page-1218 menu-item menu-item-type-post_type menu-item-object-page menu-item-1310 menu-page-1218-parent-\"><a href=\"https:\/\/www.arideon.cz\/en\/households\/frequently-asked-questions\/\">Frequently asked questions<\/a><\/li>\n<li id=\"menu-item-1311\" class=\"menu-item-page-1245 menu-item menu-item-type-post_type menu-item-object-page menu-item-1311 menu-page-1245-parent-\"><a href=\"https:\/\/www.arideon.cz\/en\/?page_id=1245\">Price list<\/a><\/li>\n<li id=\"menu-item-1312\" class=\"menu-item-page-1236 menu-item menu-item-type-post_type menu-item-object-page menu-item-1312 menu-page-1236-parent-\"><a href=\"https:\/\/www.arideon.cz\/en\/households\/order-form\/\">Order form<\/a><\/li>\n<\/ul><\/div>\t\t<style>\n\t\t\t.mobile-menu-module[data-module=\"tb_96eb372\"]{\n\t\t\t\tright:-300px\t\t\t}\n\t\t<\/style>\n\t<\/div>\n<!-- \/module menu -->\n                    <\/div>\n                            <\/div>\n            \t    <\/div>\n\t    <!-- \/row_inner -->\n\t<\/div>\n\t<!-- \/module_row -->\n\t<\/div>\n<!--\/themify_builder_content-->","protected":false},"excerpt":{"rendered":"<p>Dom\u00e1cnosti Ka\u017ed\u00e1 dom\u00e1cnost je n\u011b\u010d\u00edm unik\u00e1tn\u00ed. My to v\u00edme a um\u00edme to respektovat. Kdysi jste hluboce zva\u017eovali a pe\u010dliv\u011b vyb\u00edrali m\u00edsto, kter\u00e9 V\u00e1m d\u00e1 pocit z\u00e1zem\u00ed a domova a vybrali jste si tento prostor. Vkl\u00e1d\u00e1te do n\u011bj kus sebe. Kdy\u017e jste si m\u00edsto vyb\u00edrali, p\u0159edstavovali jste si sami sebe v kr\u00e1sn\u00fdch podm\u00ednk\u00e1ch \u2013\u00a0v \u010dist\u00e9m upraven\u00e9m [&hellip;]<\/p>\n","protected":false},"author":1,"featured_media":0,"parent":0,"menu_order":0,"comment_status":"closed","ping_status":"closed","template":"","meta":{"_mi_skip_tracking":false},"builder_content":"<img src=\"http:\/\/www.arideon.cz\/wp-content\/uploads\/2019\/03\/domacnost_ikona_zlata.svg\" width=\"100\" title=\"Households\" alt=\"Households\">\n<h1>Households<\/h1>\n<p>Every home is unique. We know this and we can respect it.<\/p>\n<p style=\"margin: 0px 0px 1.3em; padding: 0px; color: #5c5c5c; font-family: 'Open Sans'; font-size: 16px; font-style: normal; font-variant-ligatures: normal; font-variant-caps: normal; font-weight: 300; letter-spacing: normal; orphans: 2; text-align: start; text-indent: 0px; text-transform: none; white-space: normal; widows: 2; word-spacing: 0px; -webkit-text-stroke-width: 0px; text-decoration-style: initial; text-decoration-color: initial;\">Once upon a time you deeply considered and carefully chose a place that would give you a sense of background and home and you chose this space. You're putting a piece of yourself into it. When you chose the place, you imagined yourself in beautiful conditions - in a <strong>clean, tidy interior.<\/strong> <\/p> \n <p style=\"margin: 0px 0px 1.3em; padding: 0px; color: #5c5c5c; font-family: 'Open Sans'; font-size: 16px; font-style: normal; font-variant-ligatures: normal; font-variant-caps: normal; font-weight: 300; letter-spacing: normal; orphans: 2; text-align: start; text-indent: 0px; text-transform: none; white-space: normal; widows: 2; word-spacing: 0px; -webkit-text-stroke-width: 0px; text-decoration-style: initial; text-decoration-color: initial;\">Yet, thanks to the lifestyle we have today, sometimes you don't enjoy your job as much as you would like because you might come home tired. We are prevented from enjoying and fully experiencing the apartment and the peace it is supposed to give us by the tasks associated with using the apartment.<\/p> \n <p style=\"margin: 0px 0px 1.3em; padding: 0px; color: #5c5c5c; font-family: 'Open Sans'; font-size: 16px; font-style: normal; font-variant-ligatures: normal; font-variant-caps: normal; font-weight: 300; letter-spacing: normal; orphans: 2; text-align: start; text-indent: 0px; text-transform: none; white-space: normal; widows: 2; word-spacing: 0px; -webkit-text-stroke-width: 0px; text-decoration-style: initial; text-decoration-color: initial;\">We provide the care you need to ensure that your apartment is still the oasis of peace and tranquility you dreamed of when you bought it.<\/p> \n <p>In the household section you can find the following items:<\/p>\n<ul id=\"menu-domacnosti-anglictina\"><li id=\"menu-item-1372\"><a href=\"https:\/\/www.arideon.cz\/en\/households\/cleaning\/\">Cleaning<\/a><\/li> <li id=\"menu-item-1373\"><a href=\"https:\/\/www.arideon.cz\/en\/households\/luxury-care\/\">Luxury care<\/a><\/li> <li id=\"menu-item-1374\"><a href=\"https:\/\/www.arideon.cz\/en\/households\/machine-cleaning\/\">Machine cleaning<\/a><\/li> <li id=\"menu-item-1309\"><a href=\"https:\/\/www.arideon.cz\/en\/households\/gardening-services\/\">Gardening services<\/a><\/li> <li id=\"menu-item-1310\"><a href=\"https:\/\/www.arideon.cz\/en\/households\/frequently-asked-questions\/\">Frequently asked questions<\/a><\/li> <li id=\"menu-item-1311\"><a href=\"https:\/\/www.arideon.cz\/en\/?page_id=1245\">Price list<\/a><\/li> <li id=\"menu-item-1312\"><a href=\"https:\/\/www.arideon.cz\/en\/households\/order-form\/\">Order form<\/a><\/li> <\/ul>","_links":{"self":[{"href":"https:\/\/www.arideon.cz\/en\/wp-json\/wp\/v2\/pages\/1340"}],"collection":[{"href":"https:\/\/www.arideon.cz\/en\/wp-json\/wp\/v2\/pages"}],"about":[{"href":"https:\/\/www.arideon.cz\/en\/wp-json\/wp\/v2\/types\/page"}],"author":[{"embeddable":true,"href":"https:\/\/www.arideon.cz\/en\/wp-json\/wp\/v2\/users\/1"}],"replies":[{"embeddable":true,"href":"https:\/\/www.arideon.cz\/en\/wp-json\/wp\/v2\/comments?post=1340"}],"version-history":[{"count":1,"href":"https:\/\/www.arideon.cz\/en\/wp-json\/wp\/v2\/pages\/1340\/revisions"}],"predecessor-version":[{"id":1342,"href":"https:\/\/www.arideon.cz\/en\/wp-json\/wp\/v2\/pages\/1340\/revisions\/1342"}],"wp:attachment":[{"href":"https:\/\/www.arideon.cz\/en\/wp-json\/wp\/v2\/media?parent=1340"}],"curies":[{"name":"wp","href":"https:\/\/api.w.org\/{rel}","templated":true}]}}